{"id":4456,"date":"2024-12-18T21:58:51","date_gmt":"2024-12-18T20:58:51","guid":{"rendered":"https:\/\/trucksconcept.com\/?post_type=product&#038;p=4456"},"modified":"2025-03-28T11:23:59","modified_gmt":"2025-03-28T10:23:59","slug":"zawor-do-wywrotu-200-ce-3-4","status":"publish","type":"product","link":"https:\/\/trucksconcept.com\/cs\/product\/zawor-do-wywrotu-200-ce-3-4\/","title":{"rendered":"Zaw\u00f3r do wywrotu MODULAR 200 CE 3\/4&#8243; Cartridge Pneumatic sterowany pneumatycznie &#8211; do ci\u0119\u017ckich wywrotek"},"content":{"rendered":"<h2><strong>Zaw\u00f3r do wywrotu OMFB Modular 200-250 Series \u2013 Niezawodno\u015b\u0107 w wersji Cartridge Pneumatic<\/strong><\/h2>\n<p><strong>Zaw\u00f3r do wywrotu proporcjonalny OMFB z serii Modular 200-250<\/strong>\u00a0verze\u00a0<strong>Cartridge Pneumatic<\/strong>\u00a0to doskona\u0142e rozwi\u0105zanie dla aplikacji wymagaj\u0105cych du\u017cych przep\u0142yw\u00f3w oleju. Zaprojektowane z my\u015bl\u0105 o\u00a0<strong>ci\u0119\u017ckich zabudowach wywrotek, pojazdach terenowych i naczepach<\/strong>, gwarantuj\u0105 precyzyjne i wydajne dzia\u0142anie w najbardziej wymagaj\u0105cych warunkach.<\/p>\n<p><strong>Kl\u00ed\u010dov\u00e9 vlastnosti skl\u00e1p\u011bc\u00edho ventilu:<\/strong><\/p>\n<p><strong>Precyzyjne sterowanie pneumatyczne (Cartridge Pneumatic)<\/strong>\u00a0\u2013 Zapewnia proporcjonaln\u0105 regulacj\u0119, gwarantuj\u0105c p\u0142ynn\u0105 i dok\u0142adn\u0105 kontrol\u0119 w trudnych aplikacjach.<br \/>\n<strong>Wytrzyma\u0142a konstrukcja z \u017celiwa sferoidalnego<\/strong>\u00a0\u2013 Korpus zaworu wytrzymuje ci\u015bnienie do\u00a0<strong>400 bar\u016f<\/strong>, zapewniaj\u0105c maksymaln\u0105 trwa\u0142o\u015b\u0107 i odporno\u015b\u0107 na intensywne obci\u0105\u017cenia.<br \/>\n<strong>Zintegrowany zaw\u00f3r zwrotny i regulowany zaw\u00f3r przelewowy (typ cartridge)<\/strong>\u00a0\u2013 Efektywne i bezpieczne zarz\u0105dzanie przep\u0142ywem oleju dzi\u0119ki r\u00f3\u017cnicowemu uk\u0142adowi wk\u0142adkowemu.<br \/>\n<strong>Mechanick\u00fd konec zdvihu s pru\u017einou proti ot\u0159es\u016fm<\/strong>\u00a0\u2013 Ochrona uk\u0142adu przed nag\u0142ymi przeci\u0105\u017ceniami, wyd\u0142u\u017caj\u0105ca jego \u017cywotno\u015b\u0107.<br \/>\n<strong>Mo\u017enosti mont\u00e1\u017ee<\/strong>\u00a0\u2013 Mo\u017cliwo\u015b\u0107 instalacji na podwoziu lub bezpo\u015brednio na zbiorniku dla elastyczno\u015bci konfiguracji.<br \/>\n<strong>Pow\u0142oka antykorozyjna<\/strong>\u00a0\u2013 Ocynkowany korpus i niklowany suwak zapewniaj\u0105 ochron\u0119 przed korozj\u0105 oraz d\u0142ugotrwa\u0142\u0105 wydajno\u015b\u0107 nawet w najtrudniejszych warunkach eksploatacji.<\/p>\n<p><strong>Zgodno\u015b\u0107 ze standardami CE i odporno\u015b\u0107 na trudne warunki<\/strong><\/p>\n<p>Zaw\u00f3r do wywrotu OMFB Modular 200-250 w wersji <strong>Cartridge Pneumatic<\/strong>\u00a0pracuj\u0105 w\u00a0<strong>otev\u0159en\u00fd hydraulick\u00fd syst\u00e9m <\/strong>zgodnym z normami CE. Dzi\u0119ki szerokiemu zakresowi temperatur pracy od\u00a0<strong>-25\u00b0C a\u017e +80\u00b0C<\/strong>, lepko\u015bci oleju od\u00a0<strong>12 a\u017e 100 cSt<\/strong>\u00a0oraz wymaganej filtracji na poziomie\u00a0<strong>25 \u00b5m<\/strong>, s\u0105 niezawodnym rozwi\u0105zaniem w najbardziej wymagaj\u0105cych warunkach.<\/p>\n<p><strong>Pro\u010d si vybrat OMFB?<\/strong><\/p>\n<p>OMFB to gwarancja niezawodno\u015bci, trwa\u0142o\u015bci i zaawansowanej technologii. Produkty tej serii to idealny wyb\u00f3r dla profesjonalist\u00f3w potrzebuj\u0105cych solidnych rozwi\u0105za\u0144 dla ci\u0119\u017ckich pojazd\u00f3w i maszyn.<\/p>\n<p><strong>P\u0159ipraveno k provozu s tlakov\u00fdm sign\u00e1lem<\/strong>, zawory Modular 200-250 Series w wersji Cartridge Pneumatic doskonale sprawdz\u0105 si\u0119 w firmach transportowych i przemys\u0142owych, zapewniaj\u0105c maksymaln\u0105 wydajno\u015b\u0107 i bezpiecze\u0144stwo.<\/p>\n<p><strong>Kontaktujte n\u00e1s<\/strong>\u00a0i poznaj pe\u0142ne mo\u017cliwo\u015bci zawor\u00f3w OMFB, kt\u00f3re spe\u0142ni\u0105 oczekiwania najbardziej wymagaj\u0105cych u\u017cytkownik\u00f3w!<\/p>\n<div id=\"v1v1forwardbody1\">\n<div id=\"v1v1v1forwardbody1\">\n<div id=\"v1v1v1v1forwardbody1\">\n<div class=\"elementor-element elementor-element-3011f1e elementor-widget elementor-widget-text-editor\" data-id=\"3011f1e\" data-element_type=\"widget\" data-widget_type=\"text-editor.default\">\n<div class=\"elementor-widget-container\">\n<div class=\"elementor-element elementor-element-1fc6274 elementor-widget elementor-widget-text-editor\" data-id=\"1fc6274\" data-element_type=\"widget\" data-widget_type=\"text-editor.default\">\n<div class=\"elementor-widget-container\">\n<div class=\"elementor-element elementor-element-66f6d7d elementor-widget elementor-widget-text-editor\" data-id=\"66f6d7d\" data-element_type=\"widget\" data-widget_type=\"text-editor.default\">\n<h3><span style=\"color: #000000;\">TRUCKS CONCEPT - OFICI\u00c1LN\u00cd DISTRIBUTOR OMFB V POLSKU<\/span><\/h3>\n<div class=\"elementor-element elementor-element-3011f1e elementor-widget elementor-widget-text-editor\" data-id=\"3011f1e\" data-element_type=\"widget\" data-widget_type=\"text-editor.default\">\n<div class=\"elementor-widget-container\">\n<p><span style=\"color: #000000;\">Trucks Concept je distributorem italsk\u00e9 zna\u010dky <strong>OMFB<\/strong>, kter\u00e1 m\u00e1 dlouholet\u00e9 zku\u0161enosti s v\u00fdrobou hydraulick\u00fdch komponent\u016f. V\u0161echny kl\u00ed\u010dov\u00e9 komponenty se vyr\u00e1b\u011bj\u00ed v tov\u00e1rn\u00e1ch\u00a0<strong>OMFB<\/strong>, co\u017e zaru\u010duje spolehlivost a nejvy\u0161\u0161\u00ed kvalitu nab\u00edzen\u00fdch \u0159e\u0161en\u00ed.<\/span><\/p>\n<p><span style=\"color: #000000;\"><strong>OMFB<\/strong>\u00a0dod\u00e1v\u00e1 sv\u00e9 v\u00fdrobky renomovan\u00fdm spole\u010dnostem nejv\u011bt\u0161\u00edch hr\u00e1\u010d\u016f v oboru n\u00e1kladn\u00edch automobil\u016f ji\u017e mnoho let, co\u017e sv\u011bd\u010d\u00ed o bezkonkuren\u010dn\u00ed kvalit\u011b komponent\u016f t\u00e9to zna\u010dky. Spole\u010dnost nab\u00edz\u00ed \u0161irokou \u0161k\u00e1lu v\u00fdrobk\u016f, v\u010detn\u011b kompletn\u00edch hydraulick\u00fdch syst\u00e9m\u016f, kter\u00e9 zahrnuj\u00ed v\u0161echny pot\u0159ebn\u00e9 komponenty:\u00a0<strong>PTO<\/strong>\u00a0(p\u0159\u00eddavn\u00e1 za\u0159\u00edzen\u00ed), zubov\u00e1 \u010derpadla, olejov\u00e9 n\u00e1dr\u017ee, hydraulick\u00e9 ventily, rychlospojky, hadice, sac\u00ed hadice, ovl\u00e1dac\u00ed prvky kabiny, adapt\u00e9ry, t\u011bsn\u011bn\u00ed a mont\u00e1\u017en\u00ed p\u0159\u00edslu\u0161enstv\u00ed. Jedn\u00e1 se o kompletn\u00ed \u0159e\u0161en\u00ed, kter\u00e9 obsahuje v\u0161e, co pot\u0159ebujete pro bezprobl\u00e9mov\u00e9 a spolehliv\u00e9 hydraulick\u00e9 syst\u00e9my.<\/span><br \/>\n<span style=\"color: #000000;\">B\u011bhem procesu instalace se z\u00e1kazn\u00edci mohou spolehnout na odborn\u00e9 poradenstv\u00ed a mo\u017enost zadat instalaci na\u0161im zku\u0161en\u00fdm odborn\u00edk\u016fm, co\u017e zajist\u00ed rychlou a efektivn\u00ed implementaci hydraulick\u00fdch syst\u00e9m\u016f do vozidel.<\/span><\/p>\n<div class=\"elementor-element elementor-element-17bda31 heading-title elementor-widget elementor-widget-heading animated fadeIn\" data-id=\"17bda31\" data-element_type=\"widget\" data-settings=\"{&quot;_animation&quot;:&quot;fadeIn&quot;}\" data-widget_type=\"heading.default\">\n<div class=\"elementor-widget-container\">\n<h3 class=\"elementor-heading-title elementor-size-default\"><span style=\"color: #000000;\">OMFB - HISTORIE INOVAC\u00cd A KVALITY<\/span><\/h3>\n<\/div>\n<\/div>\n<div class=\"elementor-element elementor-element-1fc6274 elementor-widget elementor-widget-text-editor\" data-id=\"1fc6274\" data-element_type=\"widget\" data-widget_type=\"text-editor.default\">\n<div class=\"elementor-widget-container\">\n<p><span style=\"color: #000000;\">Zna\u010dka\u00a0<strong>OMFB<\/strong>\u00a0byla zalo\u017eena v roce 1950, kdy si t\u0159i brat\u0159i Umberto, Nicola a Alessandro Bianchi otev\u0159eli malou mechanickou d\u00edlnu a vytvo\u0159ili zna\u010dku, kter\u00e1 si rychle z\u00edskala uzn\u00e1n\u00ed na trhu. Od t\u00e9 doby spole\u010dnost neust\u00e1le roste, inovuje a roz\u0161i\u0159uje sv\u016fj sortiment, kter\u00fd zahrnuje hydraulick\u00e1 \u010derpadla, teleskopick\u00e9 v\u00e1lce a \u0159\u00eddic\u00ed syst\u00e9my pro n\u00e1kladn\u00ed automobily a stavebn\u00ed stroje.<\/span><\/p>\n<p><span style=\"color: #000000;\">V pr\u016fb\u011bhu let\u00a0<strong>OMFB<\/strong>\u00a0si z\u00edskala d\u016fv\u011bru z\u00e1kazn\u00edk\u016f po cel\u00e9m sv\u011bt\u011b a jej\u00ed komponenty se nyn\u00ed pou\u017e\u00edvaj\u00ed v nejn\u00e1ro\u010dn\u011bj\u0161\u00edch prost\u0159ed\u00edch, kde je prioritou spolehlivost a v\u00fdkon. Spole\u010dnost je pr\u016fkopn\u00edkem \u0159ady technologi\u00ed, mimo jin\u00e9 uvedla na trh elektronick\u00e9 \u0159\u00eddic\u00ed syst\u00e9my a inovativn\u00ed \u0159e\u0161en\u00ed pro skl\u00e1p\u011bc\u00ed vozidla.<\/span><\/p>\n<p><span style=\"color: #000000;\"><strong>Koncept n\u00e1kladn\u00edch vozidel<\/strong>\u00a0jako ofici\u00e1ln\u00ed distributor\u00a0<strong>OMFB<\/strong>\u00a0v Polsku poskytuje plnou technickou podporu a \u0161irok\u00fd p\u0159\u00edstup k v\u00fdrobk\u016fm t\u00e9to renomovan\u00e9 zna\u010dky, kter\u00e9 zaru\u010duj\u00ed spolehlivost a v\u00fdkon za v\u0161ech podm\u00ednek.<\/span><\/p>\n<div class=\"elementor-element elementor-element-4e399f1 heading-title elementor-widget elementor-widget-heading animated fadeIn\" data-id=\"4e399f1\" data-element_type=\"widget\" data-settings=\"{&quot;_animation&quot;:&quot;fadeIn&quot;}\" data-widget_type=\"heading.default\">\n<div class=\"elementor-widget-container\">\n<h3 class=\"elementor-heading-title elementor-size-default\"><span style=\"color: #000000;\">ZAM\u011a\u0158UJEME SE NA V\u00ddROBKY NEJVY\u0160\u0160\u00cd KVALITY<\/span><\/h3>\n<\/div>\n<\/div>\n<div class=\"elementor-element elementor-element-66f6d7d elementor-widget elementor-widget-text-editor\" data-id=\"66f6d7d\" data-element_type=\"widget\" data-widget_type=\"text-editor.default\">\n<div class=\"elementor-widget-container\">\n<p><span style=\"color: #000000;\">W\u00a0<strong>Koncept n\u00e1kladn\u00edch vozidel<\/strong>\u00a0se zam\u011b\u0159ujeme na nejvy\u0161\u0161\u00ed kvalitu v\u00fdrobk\u016f a naprostou spokojenost na\u0161ich z\u00e1kazn\u00edk\u016f. Jako ofici\u00e1ln\u00ed distributor p\u0159edn\u00edch zna\u010dek, jako jsou nap\u0159.\u00a0<strong>Edbro<\/strong>\u00a0i\u00a0<strong>OMFB<\/strong>, nab\u00edz\u00edme pouze osv\u011bd\u010den\u00e1 a spolehliv\u00e1 \u0159e\u0161en\u00ed pro n\u00e1kladn\u00ed vozidla. Ka\u017ed\u00fd v\u00fdrobek, kter\u00fd se dostane k na\u0161im z\u00e1kazn\u00edk\u016fm, proch\u00e1z\u00ed p\u0159\u00edsn\u00fdm testov\u00e1n\u00edm kvality, aby byla zaji\u0161t\u011bna jeho trvanlivost a \u00fa\u010dinnost.<\/span><\/p>\n<p><span style=\"color: #000000;\">Na\u0161e komplexn\u00ed nab\u00eddka zahrnuje nejen prodej v\u00fdrobk\u016f, ale tak\u00e9 kompletn\u00ed servis, instalaci a poradenskou podporu. D\u00edky inovativn\u00edm \u0159e\u0161en\u00edm, jako je modern\u00ed platforma elektronick\u00e9ho obchodu integrovan\u00e1 s platformou elektronick\u00fdch slu\u017eeb, umo\u017e\u0148ujeme z\u00e1kazn\u00edk\u016fm pln\u011b spravovat historii sv\u00fdch v\u00fdrobk\u016f, a t\u00edm zaji\u0161\u0165ujeme snadn\u00fd p\u0159\u00edstup ke slu\u017eb\u00e1m a transparentnost spolupr\u00e1ce. Na\u0161\u00ed prioritou je nejen poskytovat v\u00fdrobky nejvy\u0161\u0161\u00ed kvality, ale tak\u00e9 budovat dlouhodob\u00e9 vztahy zalo\u017een\u00e9 na d\u016fv\u011b\u0159e a spokojenosti na\u0161ich z\u00e1kazn\u00edk\u016f.<\/span><\/p>\n<\/div>\n<\/div>\n<\/div>\n<\/div>\n<\/div>\n<\/div>\n<\/div>\n<\/div>\n<\/div>\n<\/div>\n<\/div>\n<\/div>\n<\/div>\n<\/div>","protected":false},"excerpt":{"rendered":"<p>Zaw\u00f3r do wywrotu OMFB Modular 200-250 Series \u2013 Niezawodno\u015b\u0107 w wersji Cartridge Pneumatic Zaw\u00f3r do wywrotu proporcjonalny OMFB z serii Modular 200-250\u00a0w wersji\u00a0Cartridge Pneumatic\u00a0to doskona\u0142e rozwi\u0105zanie dla aplikacji wymagaj\u0105cych du\u017cych przep\u0142yw\u00f3w oleju. Zaprojektowane z my\u015bl\u0105 o\u00a0ci\u0119\u017ckich zabudowach wywrotek, pojazdach terenowych i naczepach, gwarantuj\u0105 precyzyjne i wydajne dzia\u0142anie w najbardziej wymagaj\u0105cych warunkach. Kluczowe cechy produktu zaw\u00f3r [&hellip;]<\/p>\n","protected":false},"featured_media":4457,"comment_status":"open","ping_status":"closed","template":"","meta":{"_acf_changed":false,"rank_math_lock_modified_date":false},"product_cat":[245,341],"product_tag":[],"class_list":{"0":"post-4456","1":"product","2":"type-product","3":"status-publish","4":"has-post-thumbnail","6":"product_cat-zawory-hydrauliczne-do-wywrotu","7":"product_cat-sterowane-pneumatycznie","9":"first","10":"onbackorder","11":"featured","12":"taxable","13":"shipping-taxable","14":"purchasable","15":"product-type-simple","16":"add-to-wishlist-after_add_to_cart"},"acf":[],"_links":{"self":[{"href":"https:\/\/trucksconcept.com\/cs\/wp-json\/wp\/v2\/product\/4456","targetHints":{"allow":["GET"]}}],"collection":[{"href":"https:\/\/trucksconcept.com\/cs\/wp-json\/wp\/v2\/product"}],"about":[{"href":"https:\/\/trucksconcept.com\/cs\/wp-json\/wp\/v2\/types\/product"}],"replies":[{"embeddable":true,"href":"https:\/\/trucksconcept.com\/cs\/wp-json\/wp\/v2\/comments?post=4456"}],"wp:featuredmedia":[{"embeddable":true,"href":"https:\/\/trucksconcept.com\/cs\/wp-json\/wp\/v2\/media\/4457"}],"wp:attachment":[{"href":"https:\/\/trucksconcept.com\/cs\/wp-json\/wp\/v2\/media?parent=4456"}],"wp:term":[{"taxonomy":"product_cat","embeddable":true,"href":"https:\/\/trucksconcept.com\/cs\/wp-json\/wp\/v2\/product_cat?post=4456"},{"taxonomy":"product_tag","embeddable":true,"href":"https:\/\/trucksconcept.com\/cs\/wp-json\/wp\/v2\/product_tag?post=4456"}],"curies":[{"name":"wp","href":"https:\/\/api.w.org\/{rel}","templated":true}]}}