{"id":4465,"date":"2024-12-21T10:27:25","date_gmt":"2024-12-21T09:27:25","guid":{"rendered":"https:\/\/trucksconcept.com\/?post_type=product&#038;p=4465"},"modified":"2025-04-11T17:21:24","modified_gmt":"2025-04-11T15:21:24","slug":"predni-motory-edbro-cs150s45006b19a01-specifikace-sklapeci-vicko-zdvih-5006-mm-horni-uchyceni-oka","status":"publish","type":"product","link":"https:\/\/trucksconcept.com\/cs\/product\/predni-motory-edbro-cs150s45006b19a01-specifikace-sklapeci-vicko-zdvih-5006-mm-horni-uchyceni-oka\/","title":{"rendered":"\u010celn\u00ed pohony Edbro CS150S45006B19A01 - zdvih\/rozsah 5006 mm (horn\u00ed mont\u00e1\u017e \u201cHANDLE\u201d\/\u201dOKO\u201d)"},"content":{"rendered":"<h2>\u010celn\u00ed pohony Edbro \u0159ady CS - maxim\u00e1ln\u00ed v\u00fdkon v nejn\u00e1ro\u010dn\u011bj\u0161\u00edch podm\u00ednk\u00e1ch<\/h2>\n<p><strong>Edbro CS - tv\u016frce standard\u016f v oboru skl\u00e1p\u011bc\u00edch pohon\u016f<\/strong><br \/>\nP\u0159edn\u00ed v\u00e1lce Edbro \u0159ady CS p\u0159edstavuj\u00ed inovativn\u00ed \u0159e\u0161en\u00ed, kter\u00e9 nov\u011b definuje \u00fa\u010dinnost a odolnost p\u0159i skl\u00e1p\u011bn\u00ed. V\u00e1lce CS byly vyvinuty pro nejn\u00e1ro\u010dn\u011bj\u0161\u00ed provozn\u00ed podm\u00ednky a zaru\u010duj\u00ed bezkonkuren\u010dn\u00ed v\u00fdkon, kter\u00fd zvy\u0161uje u\u017eite\u010dn\u00e9 zat\u00ed\u017een\u00ed, provozn\u00ed zisky a spolehlivost va\u0161eho vozidla.<\/p>\n<h3><strong>Nejleh\u010d\u00ed v\u00e1lce na sv\u011bt\u011b - v\u011bt\u0161\u00ed u\u017eite\u010dn\u00e9 zat\u00ed\u017een\u00ed a zisky<\/strong><\/h3>\n<p>Pohony Edbro jsou ve sv\u00e9 v\u00e1hov\u00e9 kategorii nespornou \u0161pi\u010dkou. D\u00edky sv\u00e9 lehk\u00e9 konstrukci umo\u017e\u0148uj\u00ed zv\u00fd\u0161it u\u017eite\u010dn\u00e9 zat\u00ed\u017een\u00ed vozidla, co\u017e se p\u0159\u00edmo prom\u00edt\u00e1 do vy\u0161\u0161\u00edch provozn\u00edch zisk\u016f. Ka\u017ed\u00fd kilogram u\u0161et\u0159en\u00e9 hmotnosti znamen\u00e1 dodate\u010dn\u00e9 u\u017eite\u010dn\u00e9 zat\u00ed\u017een\u00ed a vy\u0161\u0161\u00ed provozn\u00ed efektivitu.<\/p>\n<h3><strong>Pokro\u010dil\u00e1 technologie pro maxim\u00e1ln\u00ed odolnost<\/strong><\/h3>\n<p>V\u00e1lce \u0159ady CS vyu\u017e\u00edvaj\u00ed pokro\u010dil\u00e9 technologie, jako jsou:<\/p>\n<ul>\n<li><strong>T\u0159\u00edbodov\u00e9 upevn\u011bn\u00ed v\u00edka (u model\u016f s hrn\u00ed\u010dky)<\/strong>, co\u017e minimalizuje riziko po\u0161kr\u00e1b\u00e1n\u00ed p\u0159i extr\u00e9mn\u00edm bo\u010dn\u00edm zat\u00ed\u017een\u00ed.<br \/>\na zaji\u0161\u0165uje dokonal\u00e9 vyrovn\u00e1n\u00ed.<img fetchpriority=\"high\" decoding=\"async\" class=\"wp-image-4217 aligncenter\" src=\"https:\/\/trucksconcept.com\/wp-content\/uploads\/2024\/12\/Zrzut-ekranu-2024-12-15-o-11.19.02-300x267.png\" alt=\"\" width=\"362\" height=\"322\" srcset=\"https:\/\/trucksconcept.com\/wp-content\/uploads\/2024\/12\/Zrzut-ekranu-2024-12-15-o-11.19.02-300x267.png 300w, https:\/\/trucksconcept.com\/wp-content\/uploads\/2024\/12\/Zrzut-ekranu-2024-12-15-o-11.19.02-1024x912.png 1024w, https:\/\/trucksconcept.com\/wp-content\/uploads\/2024\/12\/Zrzut-ekranu-2024-12-15-o-11.19.02-768x684.png 768w, https:\/\/trucksconcept.com\/wp-content\/uploads\/2024\/12\/Zrzut-ekranu-2024-12-15-o-11.19.02-600x534.png 600w, https:\/\/trucksconcept.com\/wp-content\/uploads\/2024\/12\/Zrzut-ekranu-2024-12-15-o-11.19.02-64x57.png 64w, https:\/\/trucksconcept.com\/wp-content\/uploads\/2024\/12\/Zrzut-ekranu-2024-12-15-o-11.19.02.png 1132w\" sizes=\"(max-width: 362px) 100vw, 362px\" \/><\/li>\n<li><strong>Laserem sva\u0159ovan\u00e9 trubky<\/strong>, co\u017e zvy\u0161uje \u00fanavovou \u017eivotnost a odolnost proti mechanick\u00e9mu po\u0161kozen\u00ed.<img decoding=\"async\" class=\"wp-image-4219 aligncenter\" src=\"https:\/\/trucksconcept.com\/wp-content\/uploads\/2024\/12\/laser-300x168.jpeg\" alt=\"\" width=\"363\" height=\"203\" srcset=\"https:\/\/trucksconcept.com\/wp-content\/uploads\/2024\/12\/laser-300x168.jpeg 300w, https:\/\/trucksconcept.com\/wp-content\/uploads\/2024\/12\/laser-1024x575.jpeg 1024w, https:\/\/trucksconcept.com\/wp-content\/uploads\/2024\/12\/laser-768x431.jpeg 768w, https:\/\/trucksconcept.com\/wp-content\/uploads\/2024\/12\/laser-1536x862.jpeg 1536w, https:\/\/trucksconcept.com\/wp-content\/uploads\/2024\/12\/laser-600x337.jpeg 600w, https:\/\/trucksconcept.com\/wp-content\/uploads\/2024\/12\/laser-64x36.jpeg 64w, https:\/\/trucksconcept.com\/wp-content\/uploads\/2024\/12\/laser.jpeg 1596w\" sizes=\"(max-width: 363px) 100vw, 363px\" \/><\/li>\n<li><strong>Acetalov\u00e9 krou\u017eky<\/strong>, kter\u00e9 sni\u017euj\u00ed t\u0159en\u00ed a prodlu\u017euj\u00ed \u017eivotnost pohonu.<img decoding=\"async\" class=\"wp-image-4220 aligncenter\" src=\"https:\/\/trucksconcept.com\/wp-content\/uploads\/2024\/12\/Zrzut-ekranu-2024-12-15-o-11.52.53-300x258.png\" alt=\"\" width=\"363\" height=\"312\" srcset=\"https:\/\/trucksconcept.com\/wp-content\/uploads\/2024\/12\/Zrzut-ekranu-2024-12-15-o-11.52.53-300x258.png 300w, https:\/\/trucksconcept.com\/wp-content\/uploads\/2024\/12\/Zrzut-ekranu-2024-12-15-o-11.52.53-600x515.png 600w, https:\/\/trucksconcept.com\/wp-content\/uploads\/2024\/12\/Zrzut-ekranu-2024-12-15-o-11.52.53-64x55.png 64w, https:\/\/trucksconcept.com\/wp-content\/uploads\/2024\/12\/Zrzut-ekranu-2024-12-15-o-11.52.53.png 638w\" sizes=\"(max-width: 363px) 100vw, 363px\" \/><\/li>\n<\/ul>\n<h3><strong>Rychlej\u0161\u00ed vykl\u00e1dka a vy\u0161\u0161\u00ed efektivita<\/strong><\/h3>\n<p>D\u00edky <strong>konstrukce z jednoho kusu trubky<\/strong> i <strong>v\u011bt\u0161\u00ed kontaktn\u00ed plochy<\/strong> V\u00e1lce Edbro umo\u017e\u0148uj\u00ed vy\u0161\u0161\u00ed rychlost p\u0159i vykl\u00e1d\u00e1n\u00ed. To znamen\u00e1 zkr\u00e1cen\u00ed doby pln\u011bn\u00ed \u00fakol\u016f a vy\u0161\u0161\u00ed efektivitu v ka\u017edodenn\u00edm provozu.<\/p>\n<h3><strong>Technologie \u201eFit and Forget\u201d - Fit and forget<\/strong><\/h3>\n<p>Pohony Edbro CS p\u0159edstavuj\u00ed skute\u010dn\u00e9 \u0159e\u0161en\u00ed typu \u201enamontuj a zapome\u0148\u201d. D\u00edky jedine\u010dn\u00e9mu <strong>5bodov\u00fd t\u011bsnic\u00ed syst\u00e9m<\/strong> a pou\u017eit\u00ed nejkvalitn\u011bj\u0161\u00edch materi\u00e1l\u016f vy\u017eaduj\u00ed tyto v\u00e1lce minim\u00e1ln\u00ed \u00fadr\u017ebu a poskytuj\u00ed dlouholet\u00fd bezprobl\u00e9mov\u00fd provoz.<\/p>\n<p><img loading=\"lazy\" decoding=\"async\" class=\"wp-image-4221 aligncenter\" src=\"https:\/\/trucksconcept.com\/wp-content\/uploads\/2024\/12\/Zrzut-ekranu-2024-12-15-o-11.54.14-300x265.png\" alt=\"\" width=\"408\" height=\"360\" srcset=\"https:\/\/trucksconcept.com\/wp-content\/uploads\/2024\/12\/Zrzut-ekranu-2024-12-15-o-11.54.14-300x265.png 300w, https:\/\/trucksconcept.com\/wp-content\/uploads\/2024\/12\/Zrzut-ekranu-2024-12-15-o-11.54.14-600x530.png 600w, https:\/\/trucksconcept.com\/wp-content\/uploads\/2024\/12\/Zrzut-ekranu-2024-12-15-o-11.54.14-64x57.png 64w, https:\/\/trucksconcept.com\/wp-content\/uploads\/2024\/12\/Zrzut-ekranu-2024-12-15-o-11.54.14.png 636w\" sizes=\"(max-width: 408px) 100vw, 408px\" \/><\/p>\n<h3><strong>Bezpe\u010dnost a kvalita bez kompromis\u016f<\/strong><\/h3>\n<p>Ka\u017ed\u00fd pohon Edbro proch\u00e1z\u00ed p\u0159\u00edsn\u00fdm testov\u00e1n\u00edm kvality, v\u010detn\u011b tlakov\u00e9 zkou\u0161ky na maxim\u00e1ln\u00ed zat\u00ed\u017een\u00ed 150%. V kombinaci s v\u00edce ne\u017e 100 lety in\u017een\u00fdrsk\u00fdch zku\u0161enost\u00ed a nejnov\u011bj\u0161\u00edmi technikami anal\u00fdzy kone\u010dn\u00fdch prvk\u016f zaru\u010duje Edbro naprostou bezpe\u010dnost a spolehlivost v ka\u017ed\u00e9 situaci.<\/p>\n<p><img loading=\"lazy\" decoding=\"async\" class=\"alignnone wp-image-4226\" src=\"https:\/\/trucksconcept.com\/wp-content\/uploads\/2024\/12\/Zrzut-ekranu-2023-11-12-o-07.39.29-300x130.png\" alt=\"\" width=\"371\" height=\"161\" srcset=\"https:\/\/trucksconcept.com\/wp-content\/uploads\/2024\/12\/Zrzut-ekranu-2023-11-12-o-07.39.29-300x130.png 300w, https:\/\/trucksconcept.com\/wp-content\/uploads\/2024\/12\/Zrzut-ekranu-2023-11-12-o-07.39.29-1024x445.png 1024w, https:\/\/trucksconcept.com\/wp-content\/uploads\/2024\/12\/Zrzut-ekranu-2023-11-12-o-07.39.29-768x334.png 768w, https:\/\/trucksconcept.com\/wp-content\/uploads\/2024\/12\/Zrzut-ekranu-2023-11-12-o-07.39.29-1536x668.png 1536w, https:\/\/trucksconcept.com\/wp-content\/uploads\/2024\/12\/Zrzut-ekranu-2023-11-12-o-07.39.29-2048x891.png 2048w, https:\/\/trucksconcept.com\/wp-content\/uploads\/2024\/12\/Zrzut-ekranu-2023-11-12-o-07.39.29-600x261.png 600w, https:\/\/trucksconcept.com\/wp-content\/uploads\/2024\/12\/Zrzut-ekranu-2023-11-12-o-07.39.29-64x28.png 64w\" sizes=\"(max-width: 371px) 100vw, 371px\" \/><img loading=\"lazy\" decoding=\"async\" class=\"alignnone wp-image-4222\" src=\"https:\/\/trucksconcept.com\/wp-content\/uploads\/2024\/12\/Zrzut-ekranu-2023-11-12-o-07.35.12-300x137.png\" alt=\"\" width=\"352\" height=\"161\" srcset=\"https:\/\/trucksconcept.com\/wp-content\/uploads\/2024\/12\/Zrzut-ekranu-2023-11-12-o-07.35.12-300x137.png 300w, https:\/\/trucksconcept.com\/wp-content\/uploads\/2024\/12\/Zrzut-ekranu-2023-11-12-o-07.35.12-1024x468.png 1024w, https:\/\/trucksconcept.com\/wp-content\/uploads\/2024\/12\/Zrzut-ekranu-2023-11-12-o-07.35.12-768x351.png 768w, https:\/\/trucksconcept.com\/wp-content\/uploads\/2024\/12\/Zrzut-ekranu-2023-11-12-o-07.35.12-1536x703.png 1536w, https:\/\/trucksconcept.com\/wp-content\/uploads\/2024\/12\/Zrzut-ekranu-2023-11-12-o-07.35.12-2048x937.png 2048w, https:\/\/trucksconcept.com\/wp-content\/uploads\/2024\/12\/Zrzut-ekranu-2023-11-12-o-07.35.12-600x274.png 600w, https:\/\/trucksconcept.com\/wp-content\/uploads\/2024\/12\/Zrzut-ekranu-2023-11-12-o-07.35.12-64x29.png 64w\" sizes=\"(max-width: 352px) 100vw, 352px\" \/><img loading=\"lazy\" decoding=\"async\" class=\"alignnone wp-image-4229\" src=\"https:\/\/trucksconcept.com\/wp-content\/uploads\/2024\/12\/Zrzut-ekranu-2023-11-12-o-07.34.33-300x140.png\" alt=\"\" width=\"345\" height=\"161\" srcset=\"https:\/\/trucksconcept.com\/wp-content\/uploads\/2024\/12\/Zrzut-ekranu-2023-11-12-o-07.34.33-300x140.png 300w, https:\/\/trucksconcept.com\/wp-content\/uploads\/2024\/12\/Zrzut-ekranu-2023-11-12-o-07.34.33-1024x477.png 1024w, https:\/\/trucksconcept.com\/wp-content\/uploads\/2024\/12\/Zrzut-ekranu-2023-11-12-o-07.34.33-768x357.png 768w, https:\/\/trucksconcept.com\/wp-content\/uploads\/2024\/12\/Zrzut-ekranu-2023-11-12-o-07.34.33-1536x715.png 1536w, https:\/\/trucksconcept.com\/wp-content\/uploads\/2024\/12\/Zrzut-ekranu-2023-11-12-o-07.34.33-2048x953.png 2048w, https:\/\/trucksconcept.com\/wp-content\/uploads\/2024\/12\/Zrzut-ekranu-2023-11-12-o-07.34.33-600x279.png 600w, https:\/\/trucksconcept.com\/wp-content\/uploads\/2024\/12\/Zrzut-ekranu-2023-11-12-o-07.34.33-64x30.png 64w\" sizes=\"(max-width: 345px) 100vw, 345px\" \/><\/p>\n<h3><strong>Nep\u0159ekonateln\u00e1 odolnost a snadn\u00e9 pou\u017eit\u00ed<\/strong><\/h3>\n<p><strong>1. laserem sva\u0159ovan\u00e9 trubky - maxim\u00e1ln\u00ed pevnost<\/strong><br \/>\nPokro\u010dil\u00e1 technologie laserov\u00e9ho sva\u0159ov\u00e1n\u00ed pou\u017eit\u00e1 p\u0159i konstrukci trubek zaji\u0161\u0165uje v\u00fdjime\u010dnou mechanickou pevnost a \u00fanavovou \u017eivotnost. D\u00edky tomuto \u0159e\u0161en\u00ed jsou pohony odoln\u00e9 v\u016f\u010di dlouhodob\u00e9mu zat\u00ed\u017een\u00ed a zaru\u010duj\u00ed spolehlivost i v t\u011bch nejn\u00e1ro\u010dn\u011bj\u0161\u00edch provozn\u00edch podm\u00ednk\u00e1ch.<\/p>\n<p><strong>2. litinov\u00e9 kluz\u00e1ky - ochrana proti po\u0161kozen\u00ed<\/strong><br \/>\nD\u00edky pou\u017eit\u00ed litinov\u00fdch kluz\u00e1k\u016f bylo minimalizov\u00e1no riziko po\u0161kr\u00e1b\u00e1n\u00ed a po\u0161kozen\u00ed zp\u016fsoben\u00e9 bo\u010dn\u00edm zat\u00ed\u017een\u00edm. Toto inovativn\u00ed \u0159e\u0161en\u00ed nejen zvy\u0161uje \u017eivotnost pohonu, ale tak\u00e9 zvy\u0161uje bezpe\u010dnost pou\u017e\u00edv\u00e1n\u00ed v obt\u00ed\u017en\u00fdch ter\u00e9nn\u00edch podm\u00ednk\u00e1ch.<\/p>\n<p><strong>Unik\u00e1tn\u00ed syst\u00e9m up\u00edn\u00e1n\u00ed a t\u011bsn\u011bn\u00ed - jednoduch\u00e1 \u00fadr\u017eba, dlouh\u00e1 \u017eivotnost<\/strong><br \/>\nSpeci\u00e1ln\u011b navr\u017een\u00fd syst\u00e9m svorek a t\u011bsn\u011bn\u00ed zaji\u0161\u0165uje nejen v\u00fdjime\u010dnou t\u011bsnost a ochranu p\u0159ed zne\u010di\u0161t\u011bn\u00edm, ale tak\u00e9 usnad\u0148uje servis. D\u00edky tomu jsou pohony nejen odoln\u00e9, ale tak\u00e9 pohodln\u00e9 na servis, co\u017e v\u00fdrazn\u011b sni\u017euje provozn\u00ed n\u00e1klady.<\/p>\n<p>D\u00edky t\u011bmto vlastnostem jsou pohony Edbro \u0159ady CS \u0159e\u0161en\u00edm, kter\u00e9 zvl\u00e1dne i ty nejn\u00e1ro\u010dn\u011bj\u0161\u00ed \u00falohy.<\/p>\n<p><img loading=\"lazy\" decoding=\"async\" class=\"wp-image-4231 aligncenter\" src=\"https:\/\/trucksconcept.com\/wp-content\/uploads\/2024\/12\/Zrzut-ekranu-2024-12-15-o-12.13.07-300x223.png\" alt=\"\" width=\"385\" height=\"286\" srcset=\"https:\/\/trucksconcept.com\/wp-content\/uploads\/2024\/12\/Zrzut-ekranu-2024-12-15-o-12.13.07-300x223.png 300w, https:\/\/trucksconcept.com\/wp-content\/uploads\/2024\/12\/Zrzut-ekranu-2024-12-15-o-12.13.07-600x447.png 600w, https:\/\/trucksconcept.com\/wp-content\/uploads\/2024\/12\/Zrzut-ekranu-2024-12-15-o-12.13.07-64x48.png 64w, https:\/\/trucksconcept.com\/wp-content\/uploads\/2024\/12\/Zrzut-ekranu-2024-12-15-o-12.13.07.png 720w\" sizes=\"(max-width: 385px) 100vw, 385px\" \/><\/p>\n<h3><strong>Technick\u00e1 podpora na nejvy\u0161\u0161\u00ed \u00farovni<\/strong><\/h3>\n<p>T\u00fdm Edbro nab\u00edz\u00ed plnou technickou podporu, kter\u00e1 v\u00e1m pom\u016f\u017ee vybrat ide\u00e1ln\u00ed \u0159e\u0161en\u00ed pro jakoukoli aplikaci. Kdy\u017e si vyberete pohony \u0159ady CS, z\u00edsk\u00e1te nejen \u0161pi\u010dkov\u00fd v\u00fdrobek, ale tak\u00e9 partnera, kter\u00fd se postar\u00e1 o va\u0161e pot\u0159eby.<\/p>\n<p><img loading=\"lazy\" decoding=\"async\" class=\"alignnone wp-image-4230\" src=\"https:\/\/trucksconcept.com\/wp-content\/uploads\/2024\/12\/Zrzut-ekranu-2023-11-12-o-07.37.06-300x133.png\" alt=\"\" width=\"363\" height=\"161\" srcset=\"https:\/\/trucksconcept.com\/wp-content\/uploads\/2024\/12\/Zrzut-ekranu-2023-11-12-o-07.37.06-300x133.png 300w, https:\/\/trucksconcept.com\/wp-content\/uploads\/2024\/12\/Zrzut-ekranu-2023-11-12-o-07.37.06-1024x454.png 1024w, https:\/\/trucksconcept.com\/wp-content\/uploads\/2024\/12\/Zrzut-ekranu-2023-11-12-o-07.37.06-768x341.png 768w, https:\/\/trucksconcept.com\/wp-content\/uploads\/2024\/12\/Zrzut-ekranu-2023-11-12-o-07.37.06-1536x682.png 1536w, https:\/\/trucksconcept.com\/wp-content\/uploads\/2024\/12\/Zrzut-ekranu-2023-11-12-o-07.37.06-2048x909.png 2048w, https:\/\/trucksconcept.com\/wp-content\/uploads\/2024\/12\/Zrzut-ekranu-2023-11-12-o-07.37.06-600x266.png 600w, https:\/\/trucksconcept.com\/wp-content\/uploads\/2024\/12\/Zrzut-ekranu-2023-11-12-o-07.37.06-64x28.png 64w\" sizes=\"(max-width: 363px) 100vw, 363px\" \/><img loading=\"lazy\" decoding=\"async\" class=\"alignnone wp-image-4224\" src=\"https:\/\/trucksconcept.com\/wp-content\/uploads\/2024\/12\/Zrzut-ekranu-2023-11-12-o-07.40.39-300x134.png\" alt=\"\" width=\"360\" height=\"161\" srcset=\"https:\/\/trucksconcept.com\/wp-content\/uploads\/2024\/12\/Zrzut-ekranu-2023-11-12-o-07.40.39-300x134.png 300w, https:\/\/trucksconcept.com\/wp-content\/uploads\/2024\/12\/Zrzut-ekranu-2023-11-12-o-07.40.39-1024x459.png 1024w, https:\/\/trucksconcept.com\/wp-content\/uploads\/2024\/12\/Zrzut-ekranu-2023-11-12-o-07.40.39-768x344.png 768w, https:\/\/trucksconcept.com\/wp-content\/uploads\/2024\/12\/Zrzut-ekranu-2023-11-12-o-07.40.39-1536x688.png 1536w, https:\/\/trucksconcept.com\/wp-content\/uploads\/2024\/12\/Zrzut-ekranu-2023-11-12-o-07.40.39-2048x918.png 2048w, https:\/\/trucksconcept.com\/wp-content\/uploads\/2024\/12\/Zrzut-ekranu-2023-11-12-o-07.40.39-600x269.png 600w, https:\/\/trucksconcept.com\/wp-content\/uploads\/2024\/12\/Zrzut-ekranu-2023-11-12-o-07.40.39-64x29.png 64w\" sizes=\"(max-width: 360px) 100vw, 360px\" \/><img loading=\"lazy\" decoding=\"async\" class=\"alignnone wp-image-4223\" src=\"https:\/\/trucksconcept.com\/wp-content\/uploads\/2024\/12\/Zrzut-ekranu-2023-11-12-o-07.40.27-300x136.png\" alt=\"\" width=\"355\" height=\"161\" srcset=\"https:\/\/trucksconcept.com\/wp-content\/uploads\/2024\/12\/Zrzut-ekranu-2023-11-12-o-07.40.27-300x136.png 300w, https:\/\/trucksconcept.com\/wp-content\/uploads\/2024\/12\/Zrzut-ekranu-2023-11-12-o-07.40.27-1024x464.png 1024w, https:\/\/trucksconcept.com\/wp-content\/uploads\/2024\/12\/Zrzut-ekranu-2023-11-12-o-07.40.27-768x348.png 768w, https:\/\/trucksconcept.com\/wp-content\/uploads\/2024\/12\/Zrzut-ekranu-2023-11-12-o-07.40.27-1536x696.png 1536w, https:\/\/trucksconcept.com\/wp-content\/uploads\/2024\/12\/Zrzut-ekranu-2023-11-12-o-07.40.27-2048x928.png 2048w, https:\/\/trucksconcept.com\/wp-content\/uploads\/2024\/12\/Zrzut-ekranu-2023-11-12-o-07.40.27-600x272.png 600w, https:\/\/trucksconcept.com\/wp-content\/uploads\/2024\/12\/Zrzut-ekranu-2023-11-12-o-07.40.27-64x29.png 64w\" sizes=\"(max-width: 355px) 100vw, 355px\" \/><\/p>\n<p>&nbsp;<\/p>\n<h3><strong>Modely na m\u00edru va\u0161im po\u017eadavk\u016fm<\/strong><\/h3>\n<p>\u0158ada CS zahrnuje modely s kapacitou a\u017e do <strong>102 tun<\/strong>, CS07, CS10, CS11, CS13 nebo CS15. A\u0165 u\u017e jsou va\u0161e pot\u0159eby jak\u00e9koli, najdete pro sv\u00e9 vozidlo ide\u00e1ln\u00ed pohon.<br \/>\n<strong>Pohony Edbro CS - v\u00edce ne\u017e standard. V\u00edce ne\u017e v\u00fdkon.<\/strong><br \/>\nNe\u010dekejte - kontaktujte n\u00e1s a vyberte si pohon, kter\u00fd zm\u011bn\u00ed v\u00e1\u0161 p\u0159\u00edstup k pr\u00e1ci. Vsa\u010fte na trvanlivost, efektivitu a provozn\u00ed zisky se spole\u010dnost\u00ed Edbro.<\/p>\n<div class=\"elementor-element elementor-element-3011f1e elementor-widget elementor-widget-text-editor\" data-id=\"3011f1e\" data-element_type=\"widget\" data-widget_type=\"text-editor.default\">\n<div class=\"elementor-widget-container\">\n<div class=\"elementor-element elementor-element-1fc6274 elementor-widget elementor-widget-text-editor\" data-id=\"1fc6274\" data-element_type=\"widget\" data-widget_type=\"text-editor.default\">\n<div class=\"elementor-widget-container\">\n<div class=\"elementor-element elementor-element-66f6d7d elementor-widget elementor-widget-text-editor\" data-id=\"66f6d7d\" data-element_type=\"widget\" data-widget_type=\"text-editor.default\">\n<div class=\"elementor-widget-container\">\n<h2><strong>Trucks Concept - ofici\u00e1ln\u00ed a v\u00fdhradn\u00ed z\u00e1stupce spole\u010dnosti EDBRO v Polsku<\/strong><\/h2>\n<p><strong>Koncept n\u00e1kladn\u00edch vozidel<\/strong> je hrd\u00e1 na to, \u017ee je v\u00fdhradn\u00edm z\u00e1stupcem zna\u010dky <strong>EDBRO<\/strong> v Polsku nab\u00edz\u00ed prvot\u0159\u00eddn\u00ed hydraulick\u00e9 teleskopick\u00e9 v\u00e1lce, kter\u00e9 jsou synonymem spolehlivosti a inovac\u00ed v dopravn\u00edm pr\u016fmyslu. Jako l\u00eddr v poskytov\u00e1n\u00ed hydraulick\u00fdch \u0159e\u0161en\u00ed poskytujeme p\u0159\u00edstup k v\u00fdrobk\u016fm, kter\u00e9 jsou celosv\u011btov\u011b uzn\u00e1v\u00e1ny jako standard dokonalosti.<\/p>\n<hr \/>\n<h3><strong>EDBRO - V\u00edce ne\u017e 100 let stroj\u00edrensk\u00e9 dokonalosti<\/strong><\/h3>\n<p>Zna\u010dka EDBRO, jej\u00ed\u017e ko\u0159eny sahaj\u00ed a\u017e do roku 1909, m\u00e1 v\u00edce ne\u017e stolet\u00e9 zku\u0161enosti s konstrukc\u00ed a v\u00fdrobou teleskopick\u00fdch pohon\u016f. Kl\u00ed\u010dov\u00e9 komponenty se vyr\u00e1b\u011bj\u00ed v nejmodern\u011bj\u0161\u00edch v\u00fdrobn\u00edch z\u00e1vodech v Boltonu, kde se inovativn\u00edmi postupy, jako je laserov\u00e9 sva\u0159ov\u00e1n\u00ed a p\u0159esn\u00e9 CNC obr\u00e1b\u011bn\u00ed, vytv\u00e1\u0159ej\u00ed nejleh\u010d\u00ed a nejodoln\u011bj\u0161\u00ed aktu\u00e1tory na trhu. D\u00edky pokro\u010dil\u00e9mu v\u00fdzkumu a v\u00fdvoji spole\u010dnost EDBRO neust\u00e1le p\u0159edb\u00edh\u00e1 pot\u0159eby sv\u00fdch z\u00e1kazn\u00edk\u016f a nab\u00edz\u00ed \u0159e\u0161en\u00ed, kter\u00e1 zvy\u0161uj\u00ed efektivitu a bezpe\u010dnost.<\/p>\n<hr \/>\n<h3><strong>Pro\u010d koncept n\u00e1kladn\u00edch vozidel?<\/strong><\/h3>\n<p>W <strong>Koncept n\u00e1kladn\u00edch vozidel<\/strong> zam\u011b\u0159ujeme se na <strong>v\u00fdrobky nejvy\u0161\u0161\u00ed kvality<\/strong> a naprostou spokojenost na\u0161ich z\u00e1kazn\u00edk\u016f. Jako ofici\u00e1ln\u00ed distributor zna\u010dky EDBRO nab\u00edz\u00edme:<\/p>\n<ul>\n<li><strong>Nejleh\u010d\u00ed teleskopick\u00e9 v\u00e1lce na trhu<\/strong>, kter\u00e9 zvy\u0161uj\u00ed u\u017eite\u010dn\u00e9 zat\u00ed\u017een\u00ed vozidla a sni\u017euj\u00ed provozn\u00ed n\u00e1klady.<\/li>\n<li>Produkty s technologi\u00ed <strong>\u201eFit &amp; Forget\u201d<\/strong>, co\u017e zaru\u010duje minim\u00e1ln\u00ed prostoje a maxim\u00e1ln\u00ed \u017eivotnost.<\/li>\n<li>Komplexn\u00ed technick\u00e1 podpora v\u010detn\u011b poradenstv\u00ed, servisu a instalace.<\/li>\n<\/ul>\n<p>Na\u0161e nab\u00eddka zahrnuje nejen prodej v\u00fdrobk\u016f, ale tak\u00e9 modern\u00ed \u0159e\u0161en\u00ed elektronick\u00e9ho obchodov\u00e1n\u00ed a elektronick\u00fdch slu\u017eeb, kter\u00e1 usnad\u0148uj\u00ed spr\u00e1vu historie v\u00fdrobk\u016f a zaji\u0161\u0165uj\u00ed transparentnost spolupr\u00e1ce.<\/p>\n<hr \/>\n<h3><strong>D\u016fv\u011bra ve zku\u0161enosti a inovace<\/strong><\/h3>\n<p>Spolupr\u00e1ce se spole\u010dnost\u00ed Trucks Concept je z\u00e1rukou:<\/p>\n<ul>\n<li><strong>Bezkonkuren\u010dn\u00ed kvalita<\/strong> v\u00fdrobky od sv\u011btov\u00e9 jedni\u010dky v oboru hydrauliky.<\/li>\n<li><strong>Komplexn\u00ed podpora<\/strong>, od n\u00e1kupu a\u017e po servis.<\/li>\n<li><strong>Budov\u00e1n\u00ed dlouhodob\u00fdch vztah\u016f<\/strong>, na z\u00e1klad\u011b d\u016fv\u011bry a spokojenosti z\u00e1kazn\u00edk\u016f.<\/li>\n<\/ul>\n<p>Jsme hrd\u00ed na to, \u017ee jsme v\u00fdhradn\u00edm z\u00e1stupcem zna\u010dky <strong>EDBRO<\/strong> v Polsku, m\u016f\u017eeme poskytnout nejlep\u0161\u00ed instalat\u00e9rsk\u00e1 \u0159e\u0161en\u00ed pro nejn\u00e1ro\u010dn\u011bj\u0161\u00ed z\u00e1kazn\u00edky.<\/p>\n<hr \/>\n<p>Kontaktujte n\u00e1s je\u0161t\u011b dnes a seznamte se s jedine\u010dnou nab\u00eddkou teleskopick\u00fdch v\u00e1lc\u016f EDBRO. <strong>Trucks Concept - va\u0161e podpora pro spolehlivou dopravu.<\/strong><\/p>\n<\/div>\n<\/div>\n<\/div>\n<\/div>\n<\/div>\n<\/div>","protected":false},"excerpt":{"rendered":"<p>Si\u0142owniki frontowe Edbro serii CS \u2013 Maksymalna wydajno\u015b\u0107 w najtrudniejszych warunkach Edbro CS \u2013 Wyznacznik standard\u00f3w w bran\u017cy si\u0142ownik\u00f3w wywrotnych Si\u0142owniki frontowe Edbro serii CS to innowacyjne rozwi\u0105zanie, kt\u00f3re na nowo definiuje efektywno\u015b\u0107 i trwa\u0142o\u015b\u0107 w zastosowaniach wywrotnych. Stworzone z my\u015bl\u0105 o najci\u0119\u017cszych warunkach pracy, cylindry CS gwarantuj\u0105 niezr\u00f3wnan\u0105 wydajno\u015b\u0107, dzi\u0119ki kt\u00f3rej zwi\u0119kszysz \u0142adowno\u015b\u0107, zyski [&hellip;]<\/p>\n","protected":false},"featured_media":4464,"comment_status":"open","ping_status":"closed","template":"","meta":{"_acf_changed":false,"rank_math_lock_modified_date":false},"product_cat":[237,303],"product_tag":[],"class_list":{"0":"post-4465","1":"product","2":"type-product","3":"status-publish","4":"has-post-thumbnail","6":"product_cat-silowniki-czolowe","7":"product_cat-gorne-mocowanie","9":"first","10":"onbackorder","11":"taxable","12":"shipping-taxable","13":"purchasable","14":"product-type-simple","15":"add-to-wishlist-after_add_to_cart"},"acf":[],"_links":{"self":[{"href":"https:\/\/trucksconcept.com\/cs\/wp-json\/wp\/v2\/product\/4465","targetHints":{"allow":["GET"]}}],"collection":[{"href":"https:\/\/trucksconcept.com\/cs\/wp-json\/wp\/v2\/product"}],"about":[{"href":"https:\/\/trucksconcept.com\/cs\/wp-json\/wp\/v2\/types\/product"}],"replies":[{"embeddable":true,"href":"https:\/\/trucksconcept.com\/cs\/wp-json\/wp\/v2\/comments?post=4465"}],"wp:featuredmedia":[{"embeddable":true,"href":"https:\/\/trucksconcept.com\/cs\/wp-json\/wp\/v2\/media\/4464"}],"wp:attachment":[{"href":"https:\/\/trucksconcept.com\/cs\/wp-json\/wp\/v2\/media?parent=4465"}],"wp:term":[{"taxonomy":"product_cat","embeddable":true,"href":"https:\/\/trucksconcept.com\/cs\/wp-json\/wp\/v2\/product_cat?post=4465"},{"taxonomy":"product_tag","embeddable":true,"href":"https:\/\/trucksconcept.com\/cs\/wp-json\/wp\/v2\/product_tag?post=4465"}],"curies":[{"name":"wp","href":"https:\/\/api.w.org\/{rel}","templated":true}]}}