{"id":4482,"date":"2024-12-21T17:49:20","date_gmt":"2024-12-21T16:49:20","guid":{"rendered":"https:\/\/trucksconcept.com\/?post_type=product&#038;p=4482"},"modified":"2025-01-22T13:37:01","modified_gmt":"2025-01-22T12:37:01","slug":"predni-motor-edbrohp170s56230s25a02","status":"publish","type":"product","link":"https:\/\/trucksconcept.com\/cs\/product\/predni-motor-edbrohp170s56230s25a02\/","title":{"rendered":"\u010celn\u00ed pohon Edbro HP170S56230S25A02 - zdvih\/rozsah 6230 mm (horn\u00ed mont\u00e1\u017e \u201cHANDLE\u201d\/\u201dOKO\u201d) - skl\u00e1p\u011bc\u00ed pohon"},"content":{"rendered":"<h2>\u010celn\u00ed pohony Edbro \u0159ady HP - nov\u00e1 generace inovativn\u00edch \u0159e\u0161en\u00ed<\/h2>\n<p>P\u0159edn\u00ed pohon <strong>\u0158ada Edbro HP<\/strong> nastavuje nov\u00e9 standardy v oblasti hydraulick\u00fdch v\u00e1lc\u016f a kombinuje pokro\u010dil\u00e9 technick\u00e9 \u0159e\u0161en\u00ed s bezkonkuren\u010dn\u00edm v\u00fdkonem. Jedn\u00e1 se o nejv\u00fdkonn\u011bj\u0161\u00ed vysokotlak\u00e9 v\u00e1lce ur\u010den\u00e9 do nejn\u00e1ro\u010dn\u011bj\u0161\u00edch podm\u00ednek, kter\u00e9 nab\u00edzej\u00ed v\u00fdjime\u010dnou pevnost, rychlost a lehkost. D\u00edky nejmodern\u011bj\u0161\u00edm v\u00fdrobn\u00edm technologi\u00edm spl\u0148uje \u0159ada HP nejn\u00e1ro\u010dn\u011bj\u0161\u00ed pr\u016fmyslov\u00e9 po\u017eadavky.<\/p>\n<h3>Hlavn\u00ed v\u00fdhody pohon\u016f \u0159ady HP:<\/h3>\n<h4><strong>Leh\u010d\u00ed, rychlej\u0161\u00ed a siln\u011bj\u0161\u00ed skl\u00e1p\u011bc\u00ed v\u00e1lce<\/strong><\/h4>\n<ul>\n<li><strong>Leh\u010d\u00ed design<\/strong> - D\u00edky optimalizovan\u00e9mu v\u00fdb\u011bru materi\u00e1l\u016f a men\u0161\u00edmu mno\u017estv\u00ed oleje pot\u0159ebn\u00e9ho k provozu jsou aktu\u00e1tory HP leh\u010d\u00ed, co\u017e se p\u0159\u00edmo prom\u00edt\u00e1 do vy\u0161\u0161\u00edho u\u017eite\u010dn\u00e9ho zat\u00ed\u017een\u00ed vozidla.<\/li>\n<li><strong>Rychlej\u0161\u00ed vykl\u00e1p\u011bn\u00ed<\/strong> - M\u00e9n\u011b oleje a optimalizovan\u00e1 konstrukce zaji\u0161\u0165uj\u00ed hlad\u0161\u00ed a rychlej\u0161\u00ed vykl\u00e1dku.<\/li>\n<li><strong>Vy\u0161\u0161\u00ed odolnost<\/strong> - Konstrukce zalo\u017een\u00e1 na maxim\u00e1ln\u00edm provozn\u00edm tlaku 250 bar\u016f a siln\u011bj\u0161\u00edch st\u011bn\u00e1ch stup\u0148\u016f zaji\u0161\u0165uje jedine\u010dnou tuhost a odolnost proti bo\u010dn\u00edmu zat\u00ed\u017een\u00ed.<\/li>\n<\/ul>\n<h4><strong>Zv\u00fd\u0161en\u00e1 nosnost a \u00fa\u010dinnost<\/strong><\/h4>\n<ul>\n<li>Sn\u00ed\u017een\u00e1 hmotnost hydraulick\u00e9ho syst\u00e9mu se projev\u00ed ve vy\u0161\u0161\u00edm u\u017eite\u010dn\u00e9m zat\u00ed\u017een\u00ed vozidla, co\u017e znamen\u00e1 vy\u0161\u0161\u00ed provozn\u00ed zisky.<\/li>\n<li>Nejmodern\u011bj\u0161\u00ed technologie krytu HP s t\u0159\u00edbodov\u00fdm upevn\u011bn\u00edm zaji\u0161\u0165uje lep\u0161\u00ed udr\u017een\u00ed zarovn\u00e1n\u00ed a minimalizuje riziko po\u0161kr\u00e1b\u00e1n\u00ed i p\u0159i extr\u00e9mn\u00edm bo\u010dn\u00edm zat\u00ed\u017een\u00ed.<img fetchpriority=\"high\" decoding=\"async\" class=\"size-medium wp-image-4476 aligncenter\" src=\"https:\/\/trucksconcept.com\/wp-content\/uploads\/2024\/12\/Zrzut-ekranu-2024-12-21-o-12.40.11-300x265.png\" alt=\"\" width=\"300\" height=\"265\" srcset=\"https:\/\/trucksconcept.com\/wp-content\/uploads\/2024\/12\/Zrzut-ekranu-2024-12-21-o-12.40.11-300x265.png 300w, https:\/\/trucksconcept.com\/wp-content\/uploads\/2024\/12\/Zrzut-ekranu-2024-12-21-o-12.40.11-1024x906.png 1024w, https:\/\/trucksconcept.com\/wp-content\/uploads\/2024\/12\/Zrzut-ekranu-2024-12-21-o-12.40.11-768x679.png 768w, https:\/\/trucksconcept.com\/wp-content\/uploads\/2024\/12\/Zrzut-ekranu-2024-12-21-o-12.40.11-600x531.png 600w, https:\/\/trucksconcept.com\/wp-content\/uploads\/2024\/12\/Zrzut-ekranu-2024-12-21-o-12.40.11-64x57.png 64w, https:\/\/trucksconcept.com\/wp-content\/uploads\/2024\/12\/Zrzut-ekranu-2024-12-21-o-12.40.11.png 1124w\" sizes=\"(max-width: 300px) 100vw, 300px\" \/><\/li>\n<\/ul>\n<h4><strong>Spolehlivost v extr\u00e9mn\u00edch podm\u00ednk\u00e1ch<\/strong><\/h4>\n<ul>\n<li>T\u011bsnic\u00ed syst\u00e9my pro d\u016fln\u00ed pr\u016fmysl zaji\u0161\u0165uj\u00ed maxim\u00e1ln\u00ed integritu t\u011bsn\u011bn\u00ed a provozn\u00ed spolehlivost a eliminuj\u00ed riziko vniknut\u00ed ne\u010distot.<img decoding=\"async\" class=\"wp-image-4478 aligncenter\" src=\"https:\/\/trucksconcept.com\/wp-content\/uploads\/2024\/12\/Zrzut-ekranu-2024-12-21-o-12.44.39-147x300.png\" alt=\"\" width=\"224\" height=\"457\" srcset=\"https:\/\/trucksconcept.com\/wp-content\/uploads\/2024\/12\/Zrzut-ekranu-2024-12-21-o-12.44.39-147x300.png 147w, https:\/\/trucksconcept.com\/wp-content\/uploads\/2024\/12\/Zrzut-ekranu-2024-12-21-o-12.44.39-503x1024.png 503w, https:\/\/trucksconcept.com\/wp-content\/uploads\/2024\/12\/Zrzut-ekranu-2024-12-21-o-12.44.39-600x1221.png 600w, https:\/\/trucksconcept.com\/wp-content\/uploads\/2024\/12\/Zrzut-ekranu-2024-12-21-o-12.44.39-64x130.png 64w, https:\/\/trucksconcept.com\/wp-content\/uploads\/2024\/12\/Zrzut-ekranu-2024-12-21-o-12.44.39.png 670w\" sizes=\"(max-width: 224px) 100vw, 224px\" \/><\/li>\n<li>Standardn\u00ed automatick\u00e9 odvzdu\u0161\u0148ov\u00e1n\u00ed plynu zvy\u0161uje spolehlivost a bezpe\u010dnost provozu.<\/li>\n<\/ul>\n<h4><strong>V\u00fdjime\u010dn\u00e1 pevnost a tuhost<\/strong><\/h4>\n<ul>\n<li>Trojit\u00e9 kluzn\u00e9 krou\u017eky a litinov\u00e9 kluz\u00e1ky v kombinaci s kalen\u00fdmi axi\u00e1ln\u00edmi prvky zaru\u010duj\u00ed trvanlivost a odolnost proti vybo\u010den\u00ed.<img decoding=\"async\" class=\"size-medium wp-image-4479 aligncenter\" src=\"https:\/\/trucksconcept.com\/wp-content\/uploads\/2024\/12\/Zrzut-ekranu-2024-12-21-o-12.46.38-300x222.png\" alt=\"\" width=\"300\" height=\"222\" srcset=\"https:\/\/trucksconcept.com\/wp-content\/uploads\/2024\/12\/Zrzut-ekranu-2024-12-21-o-12.46.38-300x222.png 300w, https:\/\/trucksconcept.com\/wp-content\/uploads\/2024\/12\/Zrzut-ekranu-2024-12-21-o-12.46.38-1024x759.png 1024w, https:\/\/trucksconcept.com\/wp-content\/uploads\/2024\/12\/Zrzut-ekranu-2024-12-21-o-12.46.38-768x569.png 768w, https:\/\/trucksconcept.com\/wp-content\/uploads\/2024\/12\/Zrzut-ekranu-2024-12-21-o-12.46.38-600x444.png 600w, https:\/\/trucksconcept.com\/wp-content\/uploads\/2024\/12\/Zrzut-ekranu-2024-12-21-o-12.46.38-64x47.png 64w, https:\/\/trucksconcept.com\/wp-content\/uploads\/2024\/12\/Zrzut-ekranu-2024-12-21-o-12.46.38.png 1350w\" sizes=\"(max-width: 300px) 100vw, 300px\" \/><\/li>\n<li>Siln\u011bj\u0161\u00ed st\u011bny trubky a v\u011bt\u0161\u00ed pracovn\u00ed plocha mezi stupni pohonu zvy\u0161uj\u00ed pevnost pohonu p\u0159i pln\u00e9m vysunut\u00ed.<img loading=\"lazy\" decoding=\"async\" class=\"size-medium wp-image-4477 aligncenter\" src=\"https:\/\/trucksconcept.com\/wp-content\/uploads\/2024\/12\/Zrzut-ekranu-2024-12-21-o-12.42.16-300x266.png\" alt=\"\" width=\"300\" height=\"266\" srcset=\"https:\/\/trucksconcept.com\/wp-content\/uploads\/2024\/12\/Zrzut-ekranu-2024-12-21-o-12.42.16-300x266.png 300w, https:\/\/trucksconcept.com\/wp-content\/uploads\/2024\/12\/Zrzut-ekranu-2024-12-21-o-12.42.16-1024x909.png 1024w, https:\/\/trucksconcept.com\/wp-content\/uploads\/2024\/12\/Zrzut-ekranu-2024-12-21-o-12.42.16-768x682.png 768w, https:\/\/trucksconcept.com\/wp-content\/uploads\/2024\/12\/Zrzut-ekranu-2024-12-21-o-12.42.16-1536x1363.png 1536w, https:\/\/trucksconcept.com\/wp-content\/uploads\/2024\/12\/Zrzut-ekranu-2024-12-21-o-12.42.16-600x533.png 600w, https:\/\/trucksconcept.com\/wp-content\/uploads\/2024\/12\/Zrzut-ekranu-2024-12-21-o-12.42.16-64x57.png 64w, https:\/\/trucksconcept.com\/wp-content\/uploads\/2024\/12\/Zrzut-ekranu-2024-12-21-o-12.42.16.png 1674w\" sizes=\"(max-width: 300px) 100vw, 300px\" \/><\/li>\n<\/ul>\n<h3>Odbornost a kvalita, kter\u00e9 m\u016f\u017eete d\u016fv\u011b\u0159ovat<\/h3>\n<p>Edbro \u010derp\u00e1 z v\u00edce ne\u017e <strong>100 let in\u017een\u00fdrsk\u00fdch zku\u0161enost\u00ed<\/strong>, a nab\u00edz\u00ed prvot\u0159\u00eddn\u00ed v\u00fdrobky, kter\u00e9 spl\u0148uj\u00ed p\u0159\u00edsn\u00e9 normy kvality. Ka\u017ed\u00fd \u010deln\u00ed pohon proch\u00e1z\u00ed z\u00e1v\u011bre\u010dn\u00fdm testov\u00e1n\u00edm pod tlakem 150% maxim\u00e1ln\u00edho p\u0159\u00edpustn\u00e9ho tlaku, co\u017e zaru\u010duje bezpe\u010dnost a spolehlivost.<\/p>\n<p><img loading=\"lazy\" decoding=\"async\" class=\"wp-image-4480 aligncenter\" src=\"https:\/\/trucksconcept.com\/wp-content\/uploads\/2024\/12\/Zrzut-ekranu-2024-12-21-o-12.48.00-300x178.png\" alt=\"\" width=\"447\" height=\"265\" srcset=\"https:\/\/trucksconcept.com\/wp-content\/uploads\/2024\/12\/Zrzut-ekranu-2024-12-21-o-12.48.00-300x178.png 300w, https:\/\/trucksconcept.com\/wp-content\/uploads\/2024\/12\/Zrzut-ekranu-2024-12-21-o-12.48.00-1024x609.png 1024w, https:\/\/trucksconcept.com\/wp-content\/uploads\/2024\/12\/Zrzut-ekranu-2024-12-21-o-12.48.00-768x457.png 768w, https:\/\/trucksconcept.com\/wp-content\/uploads\/2024\/12\/Zrzut-ekranu-2024-12-21-o-12.48.00-1536x913.png 1536w, https:\/\/trucksconcept.com\/wp-content\/uploads\/2024\/12\/Zrzut-ekranu-2024-12-21-o-12.48.00-600x357.png 600w, https:\/\/trucksconcept.com\/wp-content\/uploads\/2024\/12\/Zrzut-ekranu-2024-12-21-o-12.48.00-64x38.png 64w, https:\/\/trucksconcept.com\/wp-content\/uploads\/2024\/12\/Zrzut-ekranu-2024-12-21-o-12.48.00.png 1682w\" sizes=\"(max-width: 447px) 100vw, 447px\" \/><\/p>\n<h3>\u0160irok\u00fd v\u00fdb\u011br pro ka\u017edou aplikaci<\/h3>\n<p>\u010celn\u00ed pohon Edbro \u0159ady HP nab\u00edz\u00ed maxim\u00e1ln\u00ed zdvihovou kapacitu a\u017e do <strong>104 tun<\/strong>, a je ide\u00e1ln\u00ed pro skl\u00e1p\u011b\u010de a dal\u0161\u00ed n\u00e1ro\u010dn\u00e9 aplikace. D\u00edky technick\u00e9 podpo\u0159e spole\u010dnosti Edbro si m\u016f\u017eete vybrat produkt optim\u00e1ln\u011b p\u0159izp\u016fsoben\u00fd va\u0161im pot\u0159eb\u00e1m.<\/p>\n<p><strong>Rozhodn\u011bte se pro inovaci, robustnost a spolehlivost - zvolte si skl\u00e1p\u011bc\u00ed pohon Edbro \u0159ady HP.<\/strong> Obra\u0165te se na n\u00e1\u0161 t\u00fdm, kter\u00fd v\u00e1m poskytne odborn\u00e9 poradenstv\u00ed a najde ide\u00e1ln\u00ed \u0159e\u0161en\u00ed pro va\u0161i aplikaci.<\/p>\n<p><img loading=\"lazy\" decoding=\"async\" class=\"wp-image-4481 aligncenter\" src=\"https:\/\/trucksconcept.com\/wp-content\/uploads\/2024\/12\/Zrzut-ekranu-2024-12-21-o-12.48.27-300x194.png\" alt=\"\" width=\"446\" height=\"288\" srcset=\"https:\/\/trucksconcept.com\/wp-content\/uploads\/2024\/12\/Zrzut-ekranu-2024-12-21-o-12.48.27-300x194.png 300w, https:\/\/trucksconcept.com\/wp-content\/uploads\/2024\/12\/Zrzut-ekranu-2024-12-21-o-12.48.27-1024x663.png 1024w, https:\/\/trucksconcept.com\/wp-content\/uploads\/2024\/12\/Zrzut-ekranu-2024-12-21-o-12.48.27-768x497.png 768w, https:\/\/trucksconcept.com\/wp-content\/uploads\/2024\/12\/Zrzut-ekranu-2024-12-21-o-12.48.27-1536x994.png 1536w, https:\/\/trucksconcept.com\/wp-content\/uploads\/2024\/12\/Zrzut-ekranu-2024-12-21-o-12.48.27-600x388.png 600w, https:\/\/trucksconcept.com\/wp-content\/uploads\/2024\/12\/Zrzut-ekranu-2024-12-21-o-12.48.27-64x41.png 64w, https:\/\/trucksconcept.com\/wp-content\/uploads\/2024\/12\/Zrzut-ekranu-2024-12-21-o-12.48.27.png 1678w\" sizes=\"(max-width: 446px) 100vw, 446px\" \/><\/p>\n<div class=\"elementor-element elementor-element-3011f1e elementor-widget elementor-widget-text-editor\" data-id=\"3011f1e\" data-element_type=\"widget\" data-widget_type=\"text-editor.default\">\n<div class=\"elementor-widget-container\">\n<div class=\"elementor-element elementor-element-1fc6274 elementor-widget elementor-widget-text-editor\" data-id=\"1fc6274\" data-element_type=\"widget\" data-widget_type=\"text-editor.default\">\n<div class=\"elementor-widget-container\">\n<div class=\"elementor-element elementor-element-66f6d7d elementor-widget elementor-widget-text-editor\" data-id=\"66f6d7d\" data-element_type=\"widget\" data-widget_type=\"text-editor.default\">\n<div class=\"elementor-widget-container\">\n<h2><strong>Trucks Concept - ofici\u00e1ln\u00ed a v\u00fdhradn\u00ed z\u00e1stupce spole\u010dnosti EDBRO v Polsku<\/strong><\/h2>\n<p><strong>Koncept n\u00e1kladn\u00edch vozidel<\/strong> je hrd\u00e1 na to, \u017ee je v\u00fdhradn\u00edm z\u00e1stupcem zna\u010dky <strong>EDBRO<\/strong> v Polsku nab\u00edz\u00ed prvot\u0159\u00eddn\u00ed hydraulick\u00e9 teleskopick\u00e9 v\u00e1lce, kter\u00e9 jsou synonymem spolehlivosti a inovac\u00ed v dopravn\u00edm pr\u016fmyslu. Jako l\u00eddr v poskytov\u00e1n\u00ed hydraulick\u00fdch \u0159e\u0161en\u00ed poskytujeme p\u0159\u00edstup k v\u00fdrobk\u016fm, kter\u00e9 jsou celosv\u011btov\u011b uzn\u00e1v\u00e1ny jako standard dokonalosti.<\/p>\n<hr \/>\n<h3><strong>EDBRO - V\u00edce ne\u017e 100 let stroj\u00edrensk\u00e9 dokonalosti<\/strong><\/h3>\n<p>Zna\u010dka EDBRO, jej\u00ed\u017e ko\u0159eny sahaj\u00ed a\u017e do roku 1909, m\u00e1 v\u00edce ne\u017e stolet\u00e9 zku\u0161enosti s konstrukc\u00ed a v\u00fdrobou teleskopick\u00fdch pohon\u016f. Kl\u00ed\u010dov\u00e9 komponenty se vyr\u00e1b\u011bj\u00ed v nejmodern\u011bj\u0161\u00edch v\u00fdrobn\u00edch z\u00e1vodech v Boltonu, kde se inovativn\u00edmi postupy, jako je laserov\u00e9 sva\u0159ov\u00e1n\u00ed a p\u0159esn\u00e9 CNC obr\u00e1b\u011bn\u00ed, vytv\u00e1\u0159ej\u00ed nejleh\u010d\u00ed a nejodoln\u011bj\u0161\u00ed aktu\u00e1tory na trhu. D\u00edky pokro\u010dil\u00e9mu v\u00fdzkumu a v\u00fdvoji spole\u010dnost EDBRO neust\u00e1le p\u0159edb\u00edh\u00e1 pot\u0159eby sv\u00fdch z\u00e1kazn\u00edk\u016f a nab\u00edz\u00ed \u0159e\u0161en\u00ed, kter\u00e1 zvy\u0161uj\u00ed efektivitu a bezpe\u010dnost.<\/p>\n<hr \/>\n<h3><strong>Pro\u010d koncept n\u00e1kladn\u00edch vozidel?<\/strong><\/h3>\n<p>W <strong>Koncept n\u00e1kladn\u00edch vozidel<\/strong> zam\u011b\u0159ujeme se na <strong>v\u00fdrobky nejvy\u0161\u0161\u00ed kvality<\/strong> a naprostou spokojenost na\u0161ich z\u00e1kazn\u00edk\u016f. Jako ofici\u00e1ln\u00ed distributor zna\u010dky EDBRO nab\u00edz\u00edme:<\/p>\n<ul>\n<li><strong>Nejleh\u010d\u00ed teleskopick\u00e9 v\u00e1lce na trhu<\/strong>, kter\u00e9 zvy\u0161uj\u00ed u\u017eite\u010dn\u00e9 zat\u00ed\u017een\u00ed vozidla a sni\u017euj\u00ed provozn\u00ed n\u00e1klady.<\/li>\n<li>Produkty s technologi\u00ed <strong>\u201eFit &amp; Forget\u201d<\/strong>, co\u017e zaru\u010duje minim\u00e1ln\u00ed prostoje a maxim\u00e1ln\u00ed \u017eivotnost.<\/li>\n<li>Komplexn\u00ed technick\u00e1 podpora v\u010detn\u011b poradenstv\u00ed, servisu a instalace.<\/li>\n<\/ul>\n<p>Na\u0161e nab\u00eddka zahrnuje nejen prodej v\u00fdrobk\u016f, ale tak\u00e9 modern\u00ed \u0159e\u0161en\u00ed elektronick\u00e9ho obchodov\u00e1n\u00ed a elektronick\u00fdch slu\u017eeb, kter\u00e1 usnad\u0148uj\u00ed spr\u00e1vu historie v\u00fdrobk\u016f a zaji\u0161\u0165uj\u00ed transparentnost spolupr\u00e1ce.<\/p>\n<hr \/>\n<h3><strong>D\u016fv\u011bra ve zku\u0161enosti a inovace<\/strong><\/h3>\n<p>Spolupr\u00e1ce se spole\u010dnost\u00ed Trucks Concept je z\u00e1rukou:<\/p>\n<ul>\n<li><strong>Bezkonkuren\u010dn\u00ed kvalita<\/strong> v\u00fdrobky od sv\u011btov\u00e9 jedni\u010dky v oboru hydrauliky.<\/li>\n<li><strong>Komplexn\u00ed podpora<\/strong>, od n\u00e1kupu a\u017e po servis.<\/li>\n<li><strong>Budov\u00e1n\u00ed dlouhodob\u00fdch vztah\u016f<\/strong>, na z\u00e1klad\u011b d\u016fv\u011bry a spokojenosti z\u00e1kazn\u00edk\u016f.<\/li>\n<\/ul>\n<p>Jsme hrd\u00ed na to, \u017ee jsme v\u00fdhradn\u00edm z\u00e1stupcem zna\u010dky <strong>EDBRO<\/strong> v Polsku, m\u016f\u017eeme poskytnout nejlep\u0161\u00ed instalat\u00e9rsk\u00e1 \u0159e\u0161en\u00ed pro nejn\u00e1ro\u010dn\u011bj\u0161\u00ed z\u00e1kazn\u00edky.<\/p>\n<hr \/>\n<p>Kontaktujte n\u00e1s je\u0161t\u011b dnes a seznamte se s jedine\u010dnou nab\u00eddkou teleskopick\u00fdch v\u00e1lc\u016f EDBRO. <strong>Trucks Concept - va\u0161e podpora pro spolehlivou dopravu.<\/strong><\/p>\n<\/div>\n<\/div>\n<\/div>\n<\/div>\n<\/div>\n<\/div>","protected":false},"excerpt":{"rendered":"<p>Si\u0142ownik frontowy Edbro serii HP \u2013 Nowa generacja innowacyjnych rozwi\u0105za\u0144 Si\u0142ownik frontowy Edbro serii HP wyznacza nowe standardy w bran\u017cy si\u0142ownik\u00f3w hydraulicznych, \u0142\u0105cz\u0105c zaawansowan\u0105 in\u017cynieri\u0119 z niezr\u00f3wnan\u0105 efektywno\u015bci\u0105. To najbardziej wydajne i wysokoci\u015bnieniowe si\u0142owniki zaprojektowane do pracy w najtrudniejszych warunkach, oferuj\u0105ce wyj\u0105tkow\u0105 wytrzyma\u0142o\u015b\u0107, szybko\u015b\u0107 i lekko\u015b\u0107. Dzi\u0119ki nowoczesnym technologiom produkcyjnym, seria HP odpowiada na najbardziej [&hellip;]<\/p>\n","protected":false},"featured_media":4474,"comment_status":"open","ping_status":"closed","template":"","meta":{"_acf_changed":false,"rank_math_lock_modified_date":false},"product_cat":[237,303],"product_tag":[],"class_list":{"0":"post-4482","1":"product","2":"type-product","3":"status-publish","4":"has-post-thumbnail","6":"product_cat-silowniki-czolowe","7":"product_cat-gorne-mocowanie","9":"first","10":"instock","11":"taxable","12":"shipping-taxable","13":"purchasable","14":"product-type-simple","15":"add-to-wishlist-after_add_to_cart"},"acf":[],"_links":{"self":[{"href":"https:\/\/trucksconcept.com\/cs\/wp-json\/wp\/v2\/product\/4482","targetHints":{"allow":["GET"]}}],"collection":[{"href":"https:\/\/trucksconcept.com\/cs\/wp-json\/wp\/v2\/product"}],"about":[{"href":"https:\/\/trucksconcept.com\/cs\/wp-json\/wp\/v2\/types\/product"}],"replies":[{"embeddable":true,"href":"https:\/\/trucksconcept.com\/cs\/wp-json\/wp\/v2\/comments?post=4482"}],"wp:featuredmedia":[{"embeddable":true,"href":"https:\/\/trucksconcept.com\/cs\/wp-json\/wp\/v2\/media\/4474"}],"wp:attachment":[{"href":"https:\/\/trucksconcept.com\/cs\/wp-json\/wp\/v2\/media?parent=4482"}],"wp:term":[{"taxonomy":"product_cat","embeddable":true,"href":"https:\/\/trucksconcept.com\/cs\/wp-json\/wp\/v2\/product_cat?post=4482"},{"taxonomy":"product_tag","embeddable":true,"href":"https:\/\/trucksconcept.com\/cs\/wp-json\/wp\/v2\/product_tag?post=4482"}],"curies":[{"name":"wp","href":"https:\/\/api.w.org\/{rel}","templated":true}]}}