{"id":4670,"date":"2025-01-02T09:21:52","date_gmt":"2025-01-02T08:21:52","guid":{"rendered":"https:\/\/trucksconcept.com\/?post_type=product&#038;p=4670"},"modified":"2025-01-02T09:43:40","modified_gmt":"2025-01-02T08:43:40","slug":"kompletny-zestaw-hydrauliki-do-wywrotu-scania","status":"publish","type":"product","link":"https:\/\/trucksconcept.com\/cs\/product\/kompletny-zestaw-hydrauliki-do-wywrotu-scania\/","title":{"rendered":"Kompletn\u00ed hydraulick\u00e1 sada pro skl\u00e1p\u011bn\u00ed SCANIA"},"content":{"rendered":"<h2><strong>Kompletny zestaw hydrauliki do wywrotu SCANIA\u2013 Wydajno\u015b\u0107 na najwy\u017cszym poziomie<\/strong><\/h2>\n<p>Szukasz niezawodnego rozwi\u0105zania, kt\u00f3re podniesie efektywno\u015b\u0107 Twojego transportu? Nasz zestaw hydrauliki do wywrotu, przeznaczony dla samochod\u00f3w SCANIA do ka\u017cdej skrzyni bieg\u00f3w(nale\u017cy wybra\u0107 skrzyni\u0119 bieg\u00f3w), to gwarancja jako\u015bci i niezawodno\u015bci. Wyposa\u017cony w komponenty renomowanej w\u0142oskiej marki OMFB, spe\u0142nia najwy\u017csze standardy w bran\u017cy.<\/p>\n<h4><strong>Pro\u010d pr\u00e1v\u011b na\u0161e sada hydrauliky pro skl\u00e1p\u011bn\u00ed?<\/strong><\/h4>\n<ul>\n<li><strong>Osv\u011bd\u010den\u00e9 komponenty OMFB<\/strong><br \/>\nItalsk\u00fd v\u00fdrobce OMFB je synonymem kvality a zku\u0161enost\u00ed. Komponenty t\u00e9to zna\u010dky pou\u017e\u00edvaj\u00ed nejv\u011bt\u0161\u00ed sv\u011btov\u00e9 spole\u010dnosti, jako jsou HYVA a Binotto.<\/li>\n<li><strong>Perfektn\u00ed p\u0159izp\u016fsoben\u00ed pro va\u0161e vozidlo<\/strong><br \/>\nZestaw zaprojektowano specjalnie dla samochod\u00f3w marki SCANIA, co gwarantuje \u0142atwo\u015b\u0107 monta\u017cu i pe\u0142n\u0105 kompatybilno\u015b\u0107.<\/li>\n<li><strong>Kompletn\u00ed \u0159e\u0161en\u00ed<\/strong><br \/>\nSada obsahuje v\u0161echny pot\u0159ebn\u00e9 komponenty:<\/p>\n<ul>\n<li>PTO (v\u00fdvodov\u00fd h\u0159\u00eddel OMFB)<\/li>\n<li>Zubov\u00e9 \u010derpadlo OMFB (82 l\/min)<\/li>\n<li>Hlin\u00edkov\u00e1 n\u00e1dr\u017e na hydraulick\u00fd olej (150 l)<\/li>\n<li>Hydraulick\u00fd ventil OMFB (150 l\/min)<\/li>\n<li>Rychlospojky, vysokotlak\u00e9 hadice a sac\u00ed hadice<\/li>\n<li>Ovl\u00e1d\u00e1n\u00ed kabiny OMFB<\/li>\n<li>Adapt\u00e9ry, t\u011bsn\u011bn\u00ed a mont\u00e1\u017en\u00ed p\u0159\u00edslu\u0161enstv\u00ed<\/li>\n<\/ul>\n<\/li>\n<\/ul>\n<h4><strong>Pro\u010d si vybrat TrucksConcept?<\/strong><\/h4>\n<ul>\n<li><strong>P\u0159eprava nebo instalace na m\u00edst\u011b<\/strong><br \/>\nNab\u00edz\u00edme mo\u017enost zasl\u00e1n\u00ed sady nebo profesion\u00e1ln\u00ed instalaci na\u0161imi specialisty p\u0159\u00edmo na m\u00edst\u011b.<\/li>\n<li><strong>Pru\u017en\u00e9 ulo\u017een\u00ed<\/strong><br \/>\nPot\u0159ebujete p\u00edstov\u00e9 \u010derpadlo, p\u0159ep\u00e1\u017ekovou n\u00e1dr\u017e nebo jin\u00e9 komponenty? Sadu v\u00e1m p\u0159iprav\u00edme na m\u00edru.<\/li>\n<li><strong>Odborn\u00e1 podpora<\/strong><br \/>\nN\u00e1\u0161 t\u00fdm poradc\u016f v\u00e1m pom\u016f\u017ee vybrat nejlep\u0161\u00ed \u0159e\u0161en\u00ed a poskytne v\u00e1m plnou podporu v ka\u017ed\u00e9 f\u00e1zi implementace.<\/li>\n<li><strong>\u0160irok\u00e1 \u0161k\u00e1la hydraulick\u00fdch syst\u00e9m\u016f<\/strong><br \/>\nKrom\u011b skl\u00e1p\u011bc\u00edch souprav nab\u00edz\u00edme syst\u00e9my pro pohyblivou podlahu, vykl\u00e1dku paliva a plynu a univerz\u00e1ln\u00ed soupravy vhodn\u00e9 pro v\u011bt\u0161inu traktor\u016f.<\/li>\n<\/ul>\n<h4><strong>Objednejte si je\u0161t\u011b dnes!<\/strong><\/h4>\n<p>Ne\u010dekejte d\u00e9le - investujte do sady skl\u00e1p\u011bc\u00ed hydrauliky a zvy\u0161te efektivitu sv\u00fdch p\u0159epravn\u00edch operac\u00ed. Kontaktujte n\u00e1\u0161 poradensk\u00fd t\u00fdm a z\u00edskejte dal\u0161\u00ed informace nebo si objednejte sadu p\u0159ipravenou k pou\u017eit\u00ed. Vsa\u010fte na kvalitu, spolehlivost a efektivitu s TrucksConcept!<\/p>\n<div id=\"v1v1forwardbody1\">\n<div id=\"v1v1v1forwardbody1\">\n<div id=\"v1v1v1v1forwardbody1\">\n<div class=\"elementor-element elementor-element-3011f1e elementor-widget elementor-widget-text-editor\" data-id=\"3011f1e\" data-element_type=\"widget\" data-widget_type=\"text-editor.default\">\n<div class=\"elementor-widget-container\">\n<div class=\"elementor-element elementor-element-1fc6274 elementor-widget elementor-widget-text-editor\" data-id=\"1fc6274\" data-element_type=\"widget\" data-widget_type=\"text-editor.default\">\n<div class=\"elementor-widget-container\">\n<div class=\"elementor-element elementor-element-66f6d7d elementor-widget elementor-widget-text-editor\" data-id=\"66f6d7d\" data-element_type=\"widget\" data-widget_type=\"text-editor.default\">\n<h3><span style=\"color: #000000;\">TRUCKS CONCEPT - OFICI\u00c1LN\u00cd DISTRIBUTOR OMFB V POLSKU<\/span><\/h3>\n<div class=\"elementor-element elementor-element-3011f1e elementor-widget elementor-widget-text-editor\" data-id=\"3011f1e\" data-element_type=\"widget\" data-widget_type=\"text-editor.default\">\n<div class=\"elementor-widget-container\">\n<p><span style=\"color: #000000;\">Trucks Concept je distributorem italsk\u00e9 zna\u010dky <strong>OMFB<\/strong>, kter\u00e1 m\u00e1 dlouholet\u00e9 zku\u0161enosti s v\u00fdrobou hydraulick\u00fdch komponent\u016f. V\u0161echny kl\u00ed\u010dov\u00e9 komponenty se vyr\u00e1b\u011bj\u00ed v tov\u00e1rn\u00e1ch\u00a0<strong>OMFB<\/strong>, co\u017e zaru\u010duje spolehlivost a nejvy\u0161\u0161\u00ed kvalitu nab\u00edzen\u00fdch \u0159e\u0161en\u00ed.<\/span><\/p>\n<p><span style=\"color: #000000;\"><strong>OMFB<\/strong>\u00a0dod\u00e1v\u00e1 sv\u00e9 v\u00fdrobky renomovan\u00fdm spole\u010dnostem nejv\u011bt\u0161\u00edch hr\u00e1\u010d\u016f v oboru n\u00e1kladn\u00edch automobil\u016f ji\u017e mnoho let, co\u017e sv\u011bd\u010d\u00ed o bezkonkuren\u010dn\u00ed kvalit\u011b komponent\u016f t\u00e9to zna\u010dky. Spole\u010dnost nab\u00edz\u00ed \u0161irokou \u0161k\u00e1lu v\u00fdrobk\u016f, v\u010detn\u011b kompletn\u00edch hydraulick\u00fdch syst\u00e9m\u016f, kter\u00e9 zahrnuj\u00ed v\u0161echny pot\u0159ebn\u00e9 komponenty:\u00a0<strong>PTO<\/strong>\u00a0(p\u0159\u00eddavn\u00e1 za\u0159\u00edzen\u00ed), zubov\u00e1 \u010derpadla, olejov\u00e9 n\u00e1dr\u017ee, hydraulick\u00e9 ventily, rychlospojky, hadice, sac\u00ed hadice, ovl\u00e1dac\u00ed prvky kabiny, adapt\u00e9ry, t\u011bsn\u011bn\u00ed a mont\u00e1\u017en\u00ed p\u0159\u00edslu\u0161enstv\u00ed. Jedn\u00e1 se o kompletn\u00ed \u0159e\u0161en\u00ed, kter\u00e9 obsahuje v\u0161e, co pot\u0159ebujete pro bezprobl\u00e9mov\u00e9 a spolehliv\u00e9 hydraulick\u00e9 syst\u00e9my.<\/span><br \/>\n<span style=\"color: #000000;\">B\u011bhem procesu instalace se z\u00e1kazn\u00edci mohou spolehnout na odborn\u00e9 poradenstv\u00ed a mo\u017enost zadat instalaci na\u0161im zku\u0161en\u00fdm odborn\u00edk\u016fm, co\u017e zajist\u00ed rychlou a efektivn\u00ed implementaci hydraulick\u00fdch syst\u00e9m\u016f do vozidel.<\/span><\/p>\n<div class=\"elementor-element elementor-element-17bda31 heading-title elementor-widget elementor-widget-heading animated fadeIn\" data-id=\"17bda31\" data-element_type=\"widget\" data-settings=\"{&quot;_animation&quot;:&quot;fadeIn&quot;}\" data-widget_type=\"heading.default\">\n<div class=\"elementor-widget-container\">\n<h3 class=\"elementor-heading-title elementor-size-default\"><span style=\"color: #000000;\">OMFB - HISTORIE INOVAC\u00cd A KVALITY<\/span><\/h3>\n<\/div>\n<\/div>\n<div class=\"elementor-element elementor-element-1fc6274 elementor-widget elementor-widget-text-editor\" data-id=\"1fc6274\" data-element_type=\"widget\" data-widget_type=\"text-editor.default\">\n<div class=\"elementor-widget-container\">\n<p><span style=\"color: #000000;\">Zna\u010dka\u00a0<strong>OMFB<\/strong>\u00a0byla zalo\u017eena v roce 1950, kdy si t\u0159i brat\u0159i Umberto, Nicola a Alessandro Bianchi otev\u0159eli malou mechanickou d\u00edlnu a vytvo\u0159ili zna\u010dku, kter\u00e1 si rychle z\u00edskala uzn\u00e1n\u00ed na trhu. Od t\u00e9 doby spole\u010dnost neust\u00e1le roste, inovuje a roz\u0161i\u0159uje sv\u016fj sortiment, kter\u00fd zahrnuje hydraulick\u00e1 \u010derpadla, teleskopick\u00e9 v\u00e1lce a \u0159\u00eddic\u00ed syst\u00e9my pro n\u00e1kladn\u00ed automobily a stavebn\u00ed stroje.<\/span><\/p>\n<p><span style=\"color: #000000;\">V pr\u016fb\u011bhu let\u00a0<strong>OMFB<\/strong>\u00a0si z\u00edskala d\u016fv\u011bru z\u00e1kazn\u00edk\u016f po cel\u00e9m sv\u011bt\u011b a jej\u00ed komponenty se nyn\u00ed pou\u017e\u00edvaj\u00ed v nejn\u00e1ro\u010dn\u011bj\u0161\u00edch prost\u0159ed\u00edch, kde je prioritou spolehlivost a v\u00fdkon. Spole\u010dnost je pr\u016fkopn\u00edkem \u0159ady technologi\u00ed, mimo jin\u00e9 uvedla na trh elektronick\u00e9 \u0159\u00eddic\u00ed syst\u00e9my a inovativn\u00ed \u0159e\u0161en\u00ed pro skl\u00e1p\u011bc\u00ed vozidla.<\/span><\/p>\n<p><span style=\"color: #000000;\"><strong>Koncept n\u00e1kladn\u00edch vozidel<\/strong>\u00a0jako ofici\u00e1ln\u00ed distributor\u00a0<strong>OMFB<\/strong>\u00a0v Polsku poskytuje plnou technickou podporu a \u0161irok\u00fd p\u0159\u00edstup k v\u00fdrobk\u016fm t\u00e9to renomovan\u00e9 zna\u010dky, kter\u00e9 zaru\u010duj\u00ed spolehlivost a v\u00fdkon za v\u0161ech podm\u00ednek.<\/span><\/p>\n<div class=\"elementor-element elementor-element-4e399f1 heading-title elementor-widget elementor-widget-heading animated fadeIn\" data-id=\"4e399f1\" data-element_type=\"widget\" data-settings=\"{&quot;_animation&quot;:&quot;fadeIn&quot;}\" data-widget_type=\"heading.default\">\n<div class=\"elementor-widget-container\">\n<h3 class=\"elementor-heading-title elementor-size-default\"><span style=\"color: #000000;\">ZAM\u011a\u0158UJEME SE NA V\u00ddROBKY NEJVY\u0160\u0160\u00cd KVALITY<\/span><\/h3>\n<\/div>\n<\/div>\n<div class=\"elementor-element elementor-element-66f6d7d elementor-widget elementor-widget-text-editor\" data-id=\"66f6d7d\" data-element_type=\"widget\" data-widget_type=\"text-editor.default\">\n<div class=\"elementor-widget-container\">\n<p><span style=\"color: #000000;\">W\u00a0<strong>Koncept n\u00e1kladn\u00edch vozidel<\/strong>\u00a0se zam\u011b\u0159ujeme na nejvy\u0161\u0161\u00ed kvalitu v\u00fdrobk\u016f a naprostou spokojenost na\u0161ich z\u00e1kazn\u00edk\u016f. Jako ofici\u00e1ln\u00ed distributor p\u0159edn\u00edch zna\u010dek, jako jsou nap\u0159.\u00a0<strong>Edbro<\/strong>\u00a0i\u00a0<strong>OMFB<\/strong>, nab\u00edz\u00edme pouze osv\u011bd\u010den\u00e1 a spolehliv\u00e1 \u0159e\u0161en\u00ed pro n\u00e1kladn\u00ed vozidla. Ka\u017ed\u00fd v\u00fdrobek, kter\u00fd se dostane k na\u0161im z\u00e1kazn\u00edk\u016fm, proch\u00e1z\u00ed p\u0159\u00edsn\u00fdm testov\u00e1n\u00edm kvality, aby byla zaji\u0161t\u011bna jeho trvanlivost a \u00fa\u010dinnost.<\/span><\/p>\n<p><span style=\"color: #000000;\">Na\u0161e komplexn\u00ed nab\u00eddka zahrnuje nejen prodej v\u00fdrobk\u016f, ale tak\u00e9 kompletn\u00ed servis, instalaci a poradenskou podporu. D\u00edky inovativn\u00edm \u0159e\u0161en\u00edm, jako je modern\u00ed platforma elektronick\u00e9ho obchodu integrovan\u00e1 s platformou elektronick\u00fdch slu\u017eeb, umo\u017e\u0148ujeme z\u00e1kazn\u00edk\u016fm pln\u011b spravovat historii sv\u00fdch v\u00fdrobk\u016f, a t\u00edm zaji\u0161\u0165ujeme snadn\u00fd p\u0159\u00edstup ke slu\u017eb\u00e1m a transparentnost spolupr\u00e1ce. Na\u0161\u00ed prioritou je nejen poskytovat v\u00fdrobky nejvy\u0161\u0161\u00ed kvality, ale tak\u00e9 budovat dlouhodob\u00e9 vztahy zalo\u017een\u00e9 na d\u016fv\u011b\u0159e a spokojenosti na\u0161ich z\u00e1kazn\u00edk\u016f.<\/span><\/p>\n<\/div>\n<\/div>\n<\/div>\n<\/div>\n<\/div>\n<\/div>\n<\/div>\n<\/div>\n<\/div>\n<\/div>\n<\/div>\n<\/div>\n<\/div>\n<\/div>","protected":false},"excerpt":{"rendered":"<p>Kompletny zestaw hydrauliki do wywrotu SCANIA\u2013 Wydajno\u015b\u0107 na najwy\u017cszym poziomie Szukasz niezawodnego rozwi\u0105zania, kt\u00f3re podniesie efektywno\u015b\u0107 Twojego transportu? Nasz zestaw hydrauliki do wywrotu, przeznaczony dla samochod\u00f3w SCANIA do ka\u017cdej skrzyni bieg\u00f3w(nale\u017cy wybra\u0107 skrzyni\u0119 bieg\u00f3w), to gwarancja jako\u015bci i niezawodno\u015bci. Wyposa\u017cony w komponenty renomowanej w\u0142oskiej marki OMFB, spe\u0142nia najwy\u017csze standardy w bran\u017cy. Dlaczego nasz zestaw hydrauliki [&hellip;]<\/p>\n","protected":false},"featured_media":4569,"comment_status":"open","ping_status":"closed","template":"","meta":{"_acf_changed":false,"rank_math_lock_modified_date":false},"product_cat":[248,360],"product_tag":[],"class_list":{"0":"post-4670","1":"product","2":"type-product","3":"status-publish","4":"has-post-thumbnail","6":"product_cat-zestawy-hydrauliczne","7":"product_cat-scania-zestawy-hydrauliczne","9":"first","10":"instock","11":"featured","12":"taxable","13":"shipping-taxable","14":"purchasable","15":"product-type-variable","16":"add-to-wishlist-after_add_to_cart"},"acf":[],"_links":{"self":[{"href":"https:\/\/trucksconcept.com\/cs\/wp-json\/wp\/v2\/product\/4670","targetHints":{"allow":["GET"]}}],"collection":[{"href":"https:\/\/trucksconcept.com\/cs\/wp-json\/wp\/v2\/product"}],"about":[{"href":"https:\/\/trucksconcept.com\/cs\/wp-json\/wp\/v2\/types\/product"}],"replies":[{"embeddable":true,"href":"https:\/\/trucksconcept.com\/cs\/wp-json\/wp\/v2\/comments?post=4670"}],"wp:featuredmedia":[{"embeddable":true,"href":"https:\/\/trucksconcept.com\/cs\/wp-json\/wp\/v2\/media\/4569"}],"wp:attachment":[{"href":"https:\/\/trucksconcept.com\/cs\/wp-json\/wp\/v2\/media?parent=4670"}],"wp:term":[{"taxonomy":"product_cat","embeddable":true,"href":"https:\/\/trucksconcept.com\/cs\/wp-json\/wp\/v2\/product_cat?post=4670"},{"taxonomy":"product_tag","embeddable":true,"href":"https:\/\/trucksconcept.com\/cs\/wp-json\/wp\/v2\/product_tag?post=4670"}],"curies":[{"name":"wp","href":"https:\/\/api.w.org\/{rel}","templated":true}]}}