{"id":4725,"date":"2025-01-03T13:29:14","date_gmt":"2025-01-03T12:29:14","guid":{"rendered":"https:\/\/trucksconcept.com\/?post_type=product&#038;p=4725"},"modified":"2025-01-03T13:36:00","modified_gmt":"2025-01-03T12:36:00","slug":"vykonovy-vyvod-omfb-prenos-zesileny-s-posunem-115-iso-350-nm","status":"publish","type":"product","link":"https:\/\/trucksconcept.com\/cs\/product\/vykonovy-vyvod-omfb-prenos-zesileny-s-posunem-115-iso-350-nm\/","title":{"rendered":"V\u00fdvodov\u00fd h\u0159\u00eddel OMFB s posunem 1:1,5 ISO 400 Nm"},"content":{"rendered":"<h2>V\u00fdvodov\u00fd h\u0159\u00eddel OMFB s posunem 1:1,5 ISO 400 Nm<\/h2>\n<h2><strong>Pokro\u010dil\u00e9 p\u0159\u00eddavn\u00e9 za\u0159\u00edzen\u00ed pro vyzved\u00e1v\u00e1n\u00ed v\u00fdkonu (PTO) od spole\u010dnosti OMFB - p\u0159esn\u00e9 \u0159e\u0161en\u00ed va\u0161ich pot\u0159eb<\/strong><\/h2>\n<p>P\u0159\u00eddavn\u00e1 za\u0159\u00edzen\u00ed pro odb\u011br v\u00fdkonu (PTO) spole\u010dnosti OMFB jsou inovativn\u00ed za\u0159\u00edzen\u00ed, kter\u00e1 jsou kl\u00ed\u010dovou sou\u010d\u00e1st\u00ed hydraulick\u00fdch a mechanick\u00fdch syst\u00e9m\u016f a umo\u017e\u0148uj\u00ed \u00fa\u010dinn\u00fd p\u0159enos v\u00fdkonu z p\u0159evodovky na extern\u00ed za\u0159\u00edzen\u00ed, jako jsou hydraulick\u00e1 \u010derpadla nebo kardanov\u00e9 h\u0159\u00eddele. D\u00edky sv\u00e9 precizn\u00ed konstrukci zaru\u010duj\u00ed v\u00fdvodov\u00e9 h\u0159\u00eddele OMFB maxim\u00e1ln\u00ed v\u00fdkon a spolehlivost bez ohledu na pou\u017eit\u00ed.<\/p>\n<p>Na\u0161e \u0159e\u0161en\u00ed jsou ur\u010dena pro \u0161irokou \u0161k\u00e1lu aplikac\u00ed, v\u010detn\u011b skl\u00e1p\u011bc\u00edch syst\u00e9m\u016f, je\u0159\u00e1bov\u00e9 manipulace, h\u00e1kov\u00fdch nosi\u010d\u016f nebo kompresor\u016f. Ka\u017ed\u00fd n\u00e1stavec OMFB PTO je specializovan\u00e1 sou\u010d\u00e1stka, dokonale p\u0159izp\u016fsoben\u00e1 konkr\u00e9tn\u00edmu typu p\u0159evodovky, kter\u00e1 zaji\u0161\u0165uje dokonalou mont\u00e1\u017e a odolnost v jak\u00e9koli konfiguraci.<\/p>\n<p>D\u00edky pokro\u010dil\u00e9 technologii a precizn\u00ed konstrukci umo\u017e\u0148uj\u00ed p\u0159\u00eddavn\u00e1 za\u0159\u00edzen\u00ed OMFB:<\/p>\n<ul>\n<li><strong>Efektivn\u00ed dod\u00e1vky hydraulick\u00fdch za\u0159\u00edzen\u00ed<\/strong>: Minimalizac\u00ed ztr\u00e1t energie zaji\u0161\u0165ujeme maxim\u00e1ln\u00ed \u00fa\u010dinnost.<\/li>\n<li><strong>P\u0159esn\u00fd p\u0159enos rychlosti<\/strong>: Zaru\u010dujeme stabiln\u00ed pr\u00e1ci v n\u00e1ro\u010dn\u00e9m prost\u0159ed\u00ed.<\/li>\n<li><strong>Univerz\u00e1ln\u00ed pou\u017eit\u00ed<\/strong>: Na\u0161e v\u00fdrobky jsou kompatibiln\u00ed s \u0161irokou \u0161k\u00e1lou vozidel a aplikac\u00ed, od lehk\u00fdch hydraulick\u00fdch prac\u00ed a\u017e po t\u011b\u017ek\u00e9 pr\u016fmyslov\u00e9 provozy.<\/li>\n<\/ul>\n<h2><strong style=\"font-size: 16px;\">Speci\u00e1ln\u00ed mont\u00e1\u017en\u00ed sady a adapt\u00e9rov\u00e9 h\u0159\u00eddele<\/strong><\/h2>\n<p>Pro ka\u017ed\u00fd typ p\u0159evodovky nab\u00edz\u00edme kompletn\u00ed mont\u00e1\u017en\u00ed sady a h\u0159\u00eddele (adapt\u00e9ry), kter\u00e9 zaji\u0161\u0165uj\u00ed optim\u00e1ln\u00ed p\u0159ipojen\u00ed n\u00e1stavce k hnac\u00edmu \u00fastroj\u00ed vozidla. V\u0161echny komponenty jsou pe\u010dliv\u011b vybr\u00e1ny pro konkr\u00e9tn\u00ed typ p\u0159evodovky a aplikaci, tak\u017ee na\u0161e \u0159e\u0161en\u00ed jsou pln\u011b kompatibiln\u00ed a efektivn\u00ed v provozu.<\/p>\n<p>D\u00edky tomuto p\u0159\u00edstupu se na\u0161e n\u00e1stavce pou\u017e\u00edvaj\u00ed v \u0161irok\u00e9 \u0161k\u00e1le aplikac\u00ed, jako jsou nap\u0159.:<\/p>\n<ul>\n<li><strong>Hydraulick\u00e9 syst\u00e9my pro skl\u00e1p\u011b\u010de<\/strong>: P\u0159esn\u00e9 ovl\u00e1d\u00e1n\u00ed a rychl\u00e1 akce.<\/li>\n<li><strong>Je\u0159\u00e1by<\/strong>: Stabilita a v\u00fdkon pro n\u00e1ro\u010dn\u00e9 zvedac\u00ed operace.<\/li>\n<li><strong>H\u00e1kov\u00e9 nosi\u010de<\/strong>: Odolnost a spolehlivost p\u0159i manipulaci s t\u011b\u017ek\u00fdmi b\u0159emeny.<\/li>\n<li><strong>Kompresory<\/strong>: Spolehliv\u00e9 nap\u00e1jen\u00ed pneumatick\u00fdch syst\u00e9m\u016f.<\/li>\n<\/ul>\n<h3><strong>Specializovan\u00e1 \u0159e\u0161en\u00ed pro jedine\u010dn\u00e9 pot\u0159eby<\/strong><\/h3>\n<p>Ka\u017ed\u00e9 p\u0159\u00eddavn\u00e9 za\u0159\u00edzen\u00ed OMFB PTO je navr\u017eeno jako specializovan\u00e9 \u0159e\u0161en\u00ed. Zohled\u0148ujeme specifika vozidla, typ p\u0159evodovky a po\u017eadavky aplikace, co\u017e vede k maxim\u00e1ln\u00edmu v\u00fdkonu a \u017eivotnosti syst\u00e9mu. D\u00edky \u0161irok\u00e9 nab\u00eddce jsme schopni dod\u00e1vat v\u00fdrobky kompatibiln\u00ed s v\u011bt\u0161inou zna\u010dek n\u00e1kladn\u00edch vozidel, v\u010detn\u011b zna\u010dek Volvo, Renault, Scania, Mercedes, Iveco, DAF, Ford, MAN a mnoha dal\u0161\u00edch.<\/p>\n<h3><strong>Pro\u010d si vybrat OMFB?<\/strong><\/h3>\n<ul>\n<li><strong>P\u0159esnost a spolehlivost<\/strong>: V\u00fdrobky p\u0159izp\u016fsoben\u00e9 nejn\u00e1ro\u010dn\u011bj\u0161\u00edm pracovn\u00edm podm\u00ednk\u00e1m.<\/li>\n<li><strong>Individu\u00e1ln\u00ed p\u0159\u00edstup<\/strong>: \u0158e\u0161en\u00ed na m\u00edru va\u0161im pot\u0159eb\u00e1m.<\/li>\n<li><strong>Komplexn\u00ed nab\u00eddka<\/strong>: Zahrnuje n\u00e1stavce PTO, mont\u00e1\u017en\u00ed sady, adapt\u00e9ry a technickou podporu.<\/li>\n<li><strong>Glob\u00e1ln\u00ed p\u0159\u00edtomnost<\/strong>: Dod\u00e1v\u00e1me v\u00fdrobky na v\u0161echny kontinenty a spolupracujeme s hlavn\u00edmi v\u00fdrobci n\u00e1kladn\u00edch vozidel.<\/li>\n<\/ul>\n<h3><strong>T\u011b\u0161\u00edme se na spolupr\u00e1ci s v\u00e1mi<\/strong><\/h3>\n<p>OMFB je nejen nejv\u011bt\u0161\u00edm a nejd\u016fv\u011bryhodn\u011bj\u0161\u00edm v\u00fdrobcem v\u00fdvodov\u00fdch h\u0159\u00eddel\u00ed v Evrop\u011b, ale tak\u00e9 va\u0161\u00edm partnerem p\u0159i poskytov\u00e1n\u00ed spolehliv\u00fdch hydraulick\u00fdch \u0159e\u0161en\u00ed. Obra\u0165te se na n\u00e1s pro v\u00edce informac\u00ed o na\u0161ich specializovan\u00fdch produktech a spolupracujte s n\u00e1mi p\u0159i hled\u00e1n\u00ed optim\u00e1ln\u00edho \u0159e\u0161en\u00ed pro va\u0161e vozidlo.<\/p>\n<div id=\"v1v1forwardbody1\">\n<div id=\"v1v1v1forwardbody1\">\n<div id=\"v1v1v1v1forwardbody1\">\n<div class=\"elementor-element elementor-element-3011f1e elementor-widget elementor-widget-text-editor\" data-id=\"3011f1e\" data-element_type=\"widget\" data-widget_type=\"text-editor.default\">\n<div class=\"elementor-widget-container\">\n<div class=\"elementor-element elementor-element-1fc6274 elementor-widget elementor-widget-text-editor\" data-id=\"1fc6274\" data-element_type=\"widget\" data-widget_type=\"text-editor.default\">\n<div class=\"elementor-widget-container\">\n<div class=\"elementor-element elementor-element-66f6d7d elementor-widget elementor-widget-text-editor\" data-id=\"66f6d7d\" data-element_type=\"widget\" data-widget_type=\"text-editor.default\">\n<h3><span style=\"color: #000000;\">TRUCKS CONCEPT - OFICI\u00c1LN\u00cd DISTRIBUTOR OMFB V POLSKU<\/span><\/h3>\n<div class=\"elementor-element elementor-element-3011f1e elementor-widget elementor-widget-text-editor\" data-id=\"3011f1e\" data-element_type=\"widget\" data-widget_type=\"text-editor.default\">\n<div class=\"elementor-widget-container\">\n<p><span style=\"color: #000000;\">Trucks Concept je distributorem italsk\u00e9 zna\u010dky <strong>OMFB<\/strong>, kter\u00e1 m\u00e1 dlouholet\u00e9 zku\u0161enosti s v\u00fdrobou hydraulick\u00fdch komponent\u016f. V\u0161echny kl\u00ed\u010dov\u00e9 komponenty se vyr\u00e1b\u011bj\u00ed v tov\u00e1rn\u00e1ch\u00a0<strong>OMFB<\/strong>, co\u017e zaru\u010duje spolehlivost a nejvy\u0161\u0161\u00ed kvalitu nab\u00edzen\u00fdch \u0159e\u0161en\u00ed.<\/span><\/p>\n<p><span style=\"color: #000000;\"><strong>OMFB<\/strong>\u00a0dod\u00e1v\u00e1 sv\u00e9 v\u00fdrobky renomovan\u00fdm spole\u010dnostem nejv\u011bt\u0161\u00edch hr\u00e1\u010d\u016f v oboru n\u00e1kladn\u00edch automobil\u016f ji\u017e mnoho let, co\u017e sv\u011bd\u010d\u00ed o bezkonkuren\u010dn\u00ed kvalit\u011b komponent\u016f t\u00e9to zna\u010dky. Spole\u010dnost nab\u00edz\u00ed \u0161irokou \u0161k\u00e1lu v\u00fdrobk\u016f, v\u010detn\u011b kompletn\u00edch hydraulick\u00fdch syst\u00e9m\u016f, kter\u00e9 zahrnuj\u00ed v\u0161echny pot\u0159ebn\u00e9 komponenty:\u00a0<strong>PTO<\/strong>\u00a0(p\u0159\u00eddavn\u00e1 za\u0159\u00edzen\u00ed), zubov\u00e1 \u010derpadla, olejov\u00e9 n\u00e1dr\u017ee, hydraulick\u00e9 ventily, rychlospojky, hadice, sac\u00ed hadice, ovl\u00e1dac\u00ed prvky kabiny, adapt\u00e9ry, t\u011bsn\u011bn\u00ed a mont\u00e1\u017en\u00ed p\u0159\u00edslu\u0161enstv\u00ed. Jedn\u00e1 se o kompletn\u00ed \u0159e\u0161en\u00ed, kter\u00e9 obsahuje v\u0161e, co pot\u0159ebujete pro bezprobl\u00e9mov\u00e9 a spolehliv\u00e9 hydraulick\u00e9 syst\u00e9my.<\/span><br \/>\n<span style=\"color: #000000;\">B\u011bhem procesu instalace se z\u00e1kazn\u00edci mohou spolehnout na odborn\u00e9 poradenstv\u00ed a mo\u017enost zadat instalaci na\u0161im zku\u0161en\u00fdm odborn\u00edk\u016fm, co\u017e zajist\u00ed rychlou a efektivn\u00ed implementaci hydraulick\u00fdch syst\u00e9m\u016f do vozidel.<\/span><\/p>\n<div class=\"elementor-element elementor-element-17bda31 heading-title elementor-widget elementor-widget-heading animated fadeIn\" data-id=\"17bda31\" data-element_type=\"widget\" data-settings=\"{&quot;_animation&quot;:&quot;fadeIn&quot;}\" data-widget_type=\"heading.default\">\n<div class=\"elementor-widget-container\">\n<h3 class=\"elementor-heading-title elementor-size-default\"><span style=\"color: #000000;\">OMFB - HISTORIE INOVAC\u00cd A KVALITY<\/span><\/h3>\n<\/div>\n<\/div>\n<div class=\"elementor-element elementor-element-1fc6274 elementor-widget elementor-widget-text-editor\" data-id=\"1fc6274\" data-element_type=\"widget\" data-widget_type=\"text-editor.default\">\n<div class=\"elementor-widget-container\">\n<p><span style=\"color: #000000;\">Zna\u010dka\u00a0<strong>OMFB<\/strong>\u00a0byla zalo\u017eena v roce 1950, kdy si t\u0159i brat\u0159i Umberto, Nicola a Alessandro Bianchi otev\u0159eli malou mechanickou d\u00edlnu a vytvo\u0159ili zna\u010dku, kter\u00e1 si rychle z\u00edskala uzn\u00e1n\u00ed na trhu. Od t\u00e9 doby spole\u010dnost neust\u00e1le roste, inovuje a roz\u0161i\u0159uje sv\u016fj sortiment, kter\u00fd zahrnuje hydraulick\u00e1 \u010derpadla, teleskopick\u00e9 v\u00e1lce a \u0159\u00eddic\u00ed syst\u00e9my pro n\u00e1kladn\u00ed automobily a stavebn\u00ed stroje.<\/span><\/p>\n<p><span style=\"color: #000000;\">V pr\u016fb\u011bhu let\u00a0<strong>OMFB<\/strong>\u00a0si z\u00edskala d\u016fv\u011bru z\u00e1kazn\u00edk\u016f po cel\u00e9m sv\u011bt\u011b a jej\u00ed komponenty se nyn\u00ed pou\u017e\u00edvaj\u00ed v nejn\u00e1ro\u010dn\u011bj\u0161\u00edch prost\u0159ed\u00edch, kde je prioritou spolehlivost a v\u00fdkon. Spole\u010dnost je pr\u016fkopn\u00edkem \u0159ady technologi\u00ed, mimo jin\u00e9 uvedla na trh elektronick\u00e9 \u0159\u00eddic\u00ed syst\u00e9my a inovativn\u00ed \u0159e\u0161en\u00ed pro skl\u00e1p\u011bc\u00ed vozidla.<\/span><\/p>\n<p><span style=\"color: #000000;\"><strong>Koncept n\u00e1kladn\u00edch vozidel<\/strong>\u00a0jako ofici\u00e1ln\u00ed distributor\u00a0<strong>OMFB<\/strong>\u00a0v Polsku poskytuje plnou technickou podporu a \u0161irok\u00fd p\u0159\u00edstup k v\u00fdrobk\u016fm t\u00e9to renomovan\u00e9 zna\u010dky, kter\u00e9 zaru\u010duj\u00ed spolehlivost a v\u00fdkon za v\u0161ech podm\u00ednek.<\/span><\/p>\n<div class=\"elementor-element elementor-element-4e399f1 heading-title elementor-widget elementor-widget-heading animated fadeIn\" data-id=\"4e399f1\" data-element_type=\"widget\" data-settings=\"{&quot;_animation&quot;:&quot;fadeIn&quot;}\" data-widget_type=\"heading.default\">\n<div class=\"elementor-widget-container\">\n<h3 class=\"elementor-heading-title elementor-size-default\"><span style=\"color: #000000;\">ZAM\u011a\u0158UJEME SE NA V\u00ddROBKY NEJVY\u0160\u0160\u00cd KVALITY<\/span><\/h3>\n<\/div>\n<\/div>\n<div class=\"elementor-element elementor-element-66f6d7d elementor-widget elementor-widget-text-editor\" data-id=\"66f6d7d\" data-element_type=\"widget\" data-widget_type=\"text-editor.default\">\n<div class=\"elementor-widget-container\">\n<p><span style=\"color: #000000;\">W\u00a0<strong>Koncept n\u00e1kladn\u00edch vozidel<\/strong>\u00a0se zam\u011b\u0159ujeme na nejvy\u0161\u0161\u00ed kvalitu v\u00fdrobk\u016f a naprostou spokojenost na\u0161ich z\u00e1kazn\u00edk\u016f. Jako ofici\u00e1ln\u00ed distributor p\u0159edn\u00edch zna\u010dek, jako jsou nap\u0159.\u00a0<strong>Edbro<\/strong>\u00a0i\u00a0<strong>OMFB<\/strong>, nab\u00edz\u00edme pouze osv\u011bd\u010den\u00e1 a spolehliv\u00e1 \u0159e\u0161en\u00ed pro n\u00e1kladn\u00ed vozidla. Ka\u017ed\u00fd v\u00fdrobek, kter\u00fd se dostane k na\u0161im z\u00e1kazn\u00edk\u016fm, proch\u00e1z\u00ed p\u0159\u00edsn\u00fdm testov\u00e1n\u00edm kvality, aby byla zaji\u0161t\u011bna jeho trvanlivost a \u00fa\u010dinnost.<\/span><\/p>\n<p><span style=\"color: #000000;\">Na\u0161e komplexn\u00ed nab\u00eddka zahrnuje nejen prodej v\u00fdrobk\u016f, ale tak\u00e9 kompletn\u00ed servis, instalaci a poradenskou podporu. D\u00edky inovativn\u00edm \u0159e\u0161en\u00edm, jako je modern\u00ed platforma elektronick\u00e9ho obchodu integrovan\u00e1 s platformou elektronick\u00fdch slu\u017eeb, umo\u017e\u0148ujeme z\u00e1kazn\u00edk\u016fm pln\u011b spravovat historii sv\u00fdch v\u00fdrobk\u016f, a t\u00edm zaji\u0161\u0165ujeme snadn\u00fd p\u0159\u00edstup ke slu\u017eb\u00e1m a transparentnost spolupr\u00e1ce. Na\u0161\u00ed prioritou je nejen poskytovat v\u00fdrobky nejvy\u0161\u0161\u00ed kvality, ale tak\u00e9 budovat dlouhodob\u00e9 vztahy zalo\u017een\u00e9 na d\u016fv\u011b\u0159e a spokojenosti na\u0161ich z\u00e1kazn\u00edk\u016f.<\/span><\/p>\n<\/div>\n<\/div>\n<\/div>\n<\/div>\n<\/div>\n<\/div>\n<\/div>\n<\/div>\n<\/div>\n<\/div>\n<\/div>\n<\/div>\n<\/div>\n<\/div>","protected":false},"excerpt":{"rendered":"<p>Przystawka odbioru mocy OMFB z prze\u0142o\u017ceniem WZMOCNIONA (z odsadzeniem) 1:1,5 ISO 400 Nm Zaawansowane Przystawki Odbioru Mocy (PTO) marki OMFB \u2013 precyzyjne rozwi\u0105zania do Twoich potrzeb Przystawki Odbioru Mocy (PTO) marki OMFB to innowacyjne urz\u0105dzenia, kt\u00f3re stanowi\u0105 kluczowy element system\u00f3w hydraulicznych i mechanicznych, umo\u017cliwiaj\u0105c efektywne przenoszenie mocy ze skrzyni bieg\u00f3w na zewn\u0119trzne urz\u0105dzenia, takie jak [&hellip;]<\/p>\n","protected":false},"featured_media":4724,"comment_status":"open","ping_status":"closed","template":"","meta":{"_acf_changed":false,"rank_math_lock_modified_date":false},"product_cat":[248,297,295,293,294,299,236,296,291,360,292],"product_tag":[],"class_list":{"0":"post-4725","1":"product","2":"type-product","3":"status-publish","4":"has-post-thumbnail","6":"product_cat-zestawy-hydrauliczne","7":"product_cat-daf","8":"product_cat-iveco","9":"product_cat-man","10":"product_cat-mercedes","11":"product_cat-przystawki-odbioru-mocy","12":"product_cat-przystawki-odbioru-mocy-walki-adaptery","13":"product_cat-renault","14":"product_cat-scania","15":"product_cat-scania-zestawy-hydrauliczne","16":"product_cat-volvo","18":"first","19":"instock","20":"featured","21":"taxable","22":"shipping-taxable","23":"purchasable","24":"product-type-simple","25":"add-to-wishlist-after_add_to_cart"},"acf":[],"_links":{"self":[{"href":"https:\/\/trucksconcept.com\/cs\/wp-json\/wp\/v2\/product\/4725","targetHints":{"allow":["GET"]}}],"collection":[{"href":"https:\/\/trucksconcept.com\/cs\/wp-json\/wp\/v2\/product"}],"about":[{"href":"https:\/\/trucksconcept.com\/cs\/wp-json\/wp\/v2\/types\/product"}],"replies":[{"embeddable":true,"href":"https:\/\/trucksconcept.com\/cs\/wp-json\/wp\/v2\/comments?post=4725"}],"wp:featuredmedia":[{"embeddable":true,"href":"https:\/\/trucksconcept.com\/cs\/wp-json\/wp\/v2\/media\/4724"}],"wp:attachment":[{"href":"https:\/\/trucksconcept.com\/cs\/wp-json\/wp\/v2\/media?parent=4725"}],"wp:term":[{"taxonomy":"product_cat","embeddable":true,"href":"https:\/\/trucksconcept.com\/cs\/wp-json\/wp\/v2\/product_cat?post=4725"},{"taxonomy":"product_tag","embeddable":true,"href":"https:\/\/trucksconcept.com\/cs\/wp-json\/wp\/v2\/product_tag?post=4725"}],"curies":[{"name":"wp","href":"https:\/\/api.w.org\/{rel}","templated":true}]}}