{"id":5193,"date":"2025-01-20T18:23:01","date_gmt":"2025-01-20T17:23:01","guid":{"rendered":"https:\/\/trucksconcept.com\/?post_type=product&#038;p=5193"},"modified":"2025-01-22T18:34:10","modified_gmt":"2025-01-22T17:34:10","slug":"szybkozlacza-skrecane-1-z-nakretka-motylkowa-czesc-meska-kopia","status":"publish","type":"product","link":"https:\/\/trucksconcept.com\/cs\/product\/szybkozlacza-skrecane-1-z-nakretka-motylkowa-czesc-meska-kopia\/","title":{"rendered":"Szybkoz\u0142\u0105cza Skr\u0119cane 1&#8243; &#8211; cz\u0119\u015b\u0107 m\u0119ska, wtyk"},"content":{"rendered":"<div>\n<h2>Szybkoz\u0142\u0105cza Skr\u0119cane 1&#8243; &#8211; cz\u0119\u015b\u0107 m\u0119ska, wtyk \u2013 Precyzja i Niezawodno\u015b\u0107 w Ka\u017cdym Po\u0142\u0105czeniu<\/h2>\n<p><strong>\u0160roubov\u00e9 spoje s k\u0159\u00eddlovou matic\u00ed<\/strong> je pokro\u010dil\u00e9 \u0159e\u0161en\u00ed pro hydraulick\u00e9 syst\u00e9my, kter\u00e9 vy\u017eaduj\u00ed <strong>rychl\u00e9, bezpe\u010dn\u00e9 a odoln\u00e9 proti \u00faniku<\/strong> p\u0159ipojov\u00e1n\u00ed a odpojov\u00e1n\u00ed hydraulick\u00fdch veden\u00ed. D\u00edky sv\u00e9 inovativn\u00ed konstrukci minimalizuj\u00ed riziko \u00faniku a \u00fa\u010dinn\u011b chr\u00e1n\u00ed syst\u00e9m p\u0159ed vniknut\u00edm ne\u010distot.<\/p>\n<h4>Kl\u00ed\u010dov\u00e9 vlastnosti oto\u010dn\u00fdch spojek:<\/h4>\n<ul>\n<li><strong>M\u016f\u017ee pracovat pod statick\u00fdm tlakem<\/strong><br \/>\nRychloup\u00ednac\u00ed \u0161rouben\u00ed zaru\u010duj\u00ed bezpe\u010dn\u00e9 a t\u011bsn\u00e9 spojen\u00ed bez nutnosti dodate\u010dn\u00e9ho odvzdu\u0161\u0148ov\u00e1n\u00ed i v p\u0159\u00edpad\u011b, \u017ee v syst\u00e9mu z\u016fst\u00e1v\u00e1 zbytkov\u00fd tlak i po jeho vypnut\u00ed.<\/li>\n<li><strong>Trvanlivost a odolnost proti po\u0161kozen\u00ed<\/strong><br \/>\nVysoce kvalitn\u00ed materi\u00e1ly zaji\u0161\u0165uj\u00ed odolnost v\u016f\u010di vysok\u00fdm tlak\u016fm a drsn\u00fdm pracovn\u00edm podm\u00ednk\u00e1m.<\/li>\n<li><strong>Snadn\u00e9 pou\u017e\u00edv\u00e1n\u00ed<\/strong><br \/>\nK\u0159\u00eddlov\u00e1 matice umo\u017e\u0148uje pohodln\u00e9 a rychl\u00e9 spojov\u00e1n\u00ed a rozpojov\u00e1n\u00ed, co\u017e je obzvl\u00e1\u0161t\u011b u\u017eite\u010dn\u00e9 v hydraulick\u00fdch syst\u00e9mech s velk\u00fdm zat\u00ed\u017een\u00edm.<\/li>\n<\/ul>\n<h4>Pou\u017eit\u00ed oto\u010dn\u00fdch spojek:<\/h4>\n<ul>\n<li><strong>T\u011b\u017ek\u00e1 n\u00e1kladn\u00ed vozidla<\/strong> - ide\u00e1ln\u00ed pro hydraulick\u00e9 syst\u00e9my skl\u00e1p\u011b\u010d\u016f, HDS a dal\u0161\u00ed dopravn\u00ed aplikace.<\/li>\n<li><strong>Zem\u011bd\u011blsk\u00e9 stroje<\/strong> - nepostradateln\u00e9 na traktorech, kombajnech nebo post\u0159ikova\u010d\u00edch.<\/li>\n<li><strong>Stavebn\u00ed stroje<\/strong> - ide\u00e1ln\u00ed pro mobiln\u00ed za\u0159\u00edzen\u00ed, jako jsou bagry a naklada\u010de.<\/li>\n<li><strong>Pr\u016fmyslov\u00e9 aplikace<\/strong> - k pohonu za\u0159\u00edzen\u00ed, kter\u00e1 vyu\u017e\u00edvaj\u00ed hydrauliku ve v\u00fdrob\u011b nebo logistice.<\/li>\n<li><strong>Autobusy a specializovan\u00e1 vozidla<\/strong> - spolehlivost v n\u00e1ro\u010dn\u00fdch hydraulick\u00fdch instalac\u00edch.<\/li>\n<\/ul>\n<\/div>\n<div class=\"elementor-element elementor-element-2bd2719 heading-title elementor-widget elementor-widget-heading animated fadeIn\" data-id=\"2bd2719\" data-element_type=\"widget\" data-settings=\"{&quot;_animation&quot;:&quot;fadeIn&quot;}\" data-widget_type=\"heading.default\">\n<div class=\"elementor-widget-container\">\n<h3 class=\"elementor-heading-title elementor-size-default\"><span style=\"color: #000000;\">TRUCKS CONCEPT - OFICI\u00c1LN\u00cd DISTRIBUTOR OMFB V POLSKU<\/span><\/h3>\n<\/div>\n<\/div>\n<div class=\"elementor-element elementor-element-3011f1e elementor-widget elementor-widget-text-editor\" data-id=\"3011f1e\" data-element_type=\"widget\" data-widget_type=\"text-editor.default\">\n<div class=\"elementor-widget-container\">\n<p><span style=\"color: #000000;\">Trucks Concept je distributorem italsk\u00e9 zna\u010dky <strong>OMFB<\/strong>, kter\u00e1 m\u00e1 dlouholet\u00e9 zku\u0161enosti s v\u00fdrobou hydraulick\u00fdch komponent\u016f. V\u0161echny kl\u00ed\u010dov\u00e9 komponenty se vyr\u00e1b\u011bj\u00ed v tov\u00e1rn\u00e1ch\u00a0<strong>OMFB<\/strong>, co\u017e zaru\u010duje spolehlivost a nejvy\u0161\u0161\u00ed kvalitu nab\u00edzen\u00fdch \u0159e\u0161en\u00ed.<\/span><\/p>\n<p><span style=\"color: #000000;\"><strong>OMFB<\/strong>\u00a0dod\u00e1v\u00e1 sv\u00e9 v\u00fdrobky renomovan\u00fdm spole\u010dnostem nejv\u011bt\u0161\u00edch hr\u00e1\u010d\u016f v oboru n\u00e1kladn\u00edch automobil\u016f ji\u017e mnoho let, co\u017e sv\u011bd\u010d\u00ed o bezkonkuren\u010dn\u00ed kvalit\u011b komponent\u016f t\u00e9to zna\u010dky. Spole\u010dnost nab\u00edz\u00ed \u0161irokou \u0161k\u00e1lu v\u00fdrobk\u016f, v\u010detn\u011b kompletn\u00edch hydraulick\u00fdch syst\u00e9m\u016f, kter\u00e9 zahrnuj\u00ed v\u0161echny pot\u0159ebn\u00e9 komponenty:\u00a0<strong>PTO<\/strong>\u00a0(p\u0159\u00eddavn\u00e1 za\u0159\u00edzen\u00ed), zubov\u00e1 \u010derpadla, olejov\u00e9 n\u00e1dr\u017ee, hydraulick\u00e9 ventily, rychlospojky, hadice, sac\u00ed hadice, ovl\u00e1dac\u00ed prvky kabiny, adapt\u00e9ry, t\u011bsn\u011bn\u00ed a mont\u00e1\u017en\u00ed p\u0159\u00edslu\u0161enstv\u00ed. Jedn\u00e1 se o kompletn\u00ed \u0159e\u0161en\u00ed, kter\u00e9 obsahuje v\u0161e, co pot\u0159ebujete pro bezprobl\u00e9mov\u00e9 a spolehliv\u00e9 hydraulick\u00e9 syst\u00e9my.<\/span><br \/>\n<span style=\"color: #000000;\">B\u011bhem procesu instalace se z\u00e1kazn\u00edci mohou spolehnout na odborn\u00e9 poradenstv\u00ed a mo\u017enost zadat instalaci na\u0161im zku\u0161en\u00fdm odborn\u00edk\u016fm, co\u017e zajist\u00ed rychlou a efektivn\u00ed implementaci hydraulick\u00fdch syst\u00e9m\u016f do vozidel.<\/span><\/p>\n<div class=\"elementor-element elementor-element-17bda31 heading-title elementor-widget elementor-widget-heading animated fadeIn\" data-id=\"17bda31\" data-element_type=\"widget\" data-settings=\"{&quot;_animation&quot;:&quot;fadeIn&quot;}\" data-widget_type=\"heading.default\">\n<div class=\"elementor-widget-container\">\n<h3 class=\"elementor-heading-title elementor-size-default\"><span style=\"color: #000000;\">OMFB - HISTORIE INOVAC\u00cd A KVALITY<\/span><\/h3>\n<\/div>\n<\/div>\n<div class=\"elementor-element elementor-element-1fc6274 elementor-widget elementor-widget-text-editor\" data-id=\"1fc6274\" data-element_type=\"widget\" data-widget_type=\"text-editor.default\">\n<div class=\"elementor-widget-container\">\n<p><span style=\"color: #000000;\">Zna\u010dka\u00a0<strong>OMFB<\/strong>\u00a0byla zalo\u017eena v roce 1950, kdy si t\u0159i brat\u0159i Umberto, Nicola a Alessandro Bianchi otev\u0159eli malou mechanickou d\u00edlnu a vytvo\u0159ili zna\u010dku, kter\u00e1 si rychle z\u00edskala uzn\u00e1n\u00ed na trhu. Od t\u00e9 doby spole\u010dnost neust\u00e1le roste, inovuje a roz\u0161i\u0159uje sv\u016fj sortiment, kter\u00fd zahrnuje hydraulick\u00e1 \u010derpadla, teleskopick\u00e9 v\u00e1lce a \u0159\u00eddic\u00ed syst\u00e9my pro n\u00e1kladn\u00ed automobily a stavebn\u00ed stroje.<\/span><\/p>\n<p><span style=\"color: #000000;\">V pr\u016fb\u011bhu let\u00a0<strong>OMFB<\/strong>\u00a0si z\u00edskala d\u016fv\u011bru z\u00e1kazn\u00edk\u016f po cel\u00e9m sv\u011bt\u011b a jej\u00ed komponenty se nyn\u00ed pou\u017e\u00edvaj\u00ed v nejn\u00e1ro\u010dn\u011bj\u0161\u00edch prost\u0159ed\u00edch, kde je prioritou spolehlivost a v\u00fdkon. Spole\u010dnost je pr\u016fkopn\u00edkem \u0159ady technologi\u00ed, mimo jin\u00e9 uvedla na trh elektronick\u00e9 \u0159\u00eddic\u00ed syst\u00e9my a inovativn\u00ed \u0159e\u0161en\u00ed pro skl\u00e1p\u011bc\u00ed vozidla.<\/span><\/p>\n<p><span style=\"color: #000000;\"><strong>Koncept n\u00e1kladn\u00edch vozidel<\/strong>\u00a0jako ofici\u00e1ln\u00ed distributor\u00a0<strong>OMFB<\/strong>\u00a0v Polsku poskytuje plnou technickou podporu a \u0161irok\u00fd p\u0159\u00edstup k v\u00fdrobk\u016fm t\u00e9to renomovan\u00e9 zna\u010dky, kter\u00e9 zaru\u010duj\u00ed spolehlivost a v\u00fdkon za v\u0161ech podm\u00ednek.<\/span><\/p>\n<div class=\"elementor-element elementor-element-4e399f1 heading-title elementor-widget elementor-widget-heading animated fadeIn\" data-id=\"4e399f1\" data-element_type=\"widget\" data-settings=\"{&quot;_animation&quot;:&quot;fadeIn&quot;}\" data-widget_type=\"heading.default\">\n<div class=\"elementor-widget-container\">\n<h3 class=\"elementor-heading-title elementor-size-default\"><span style=\"color: #000000;\">ZAM\u011a\u0158UJEME SE NA V\u00ddROBKY NEJVY\u0160\u0160\u00cd KVALITY<\/span><\/h3>\n<\/div>\n<\/div>\n<div class=\"elementor-element elementor-element-66f6d7d elementor-widget elementor-widget-text-editor\" data-id=\"66f6d7d\" data-element_type=\"widget\" data-widget_type=\"text-editor.default\">\n<div class=\"elementor-widget-container\">\n<p><span style=\"color: #000000;\">W\u00a0<strong>Koncept n\u00e1kladn\u00edch vozidel<\/strong>\u00a0se zam\u011b\u0159ujeme na nejvy\u0161\u0161\u00ed kvalitu v\u00fdrobk\u016f a naprostou spokojenost na\u0161ich z\u00e1kazn\u00edk\u016f. Jako ofici\u00e1ln\u00ed distributor p\u0159edn\u00edch zna\u010dek, jako jsou nap\u0159.\u00a0<strong>Edbro<\/strong>\u00a0i\u00a0<strong>OMFB<\/strong>, nab\u00edz\u00edme pouze osv\u011bd\u010den\u00e1 a spolehliv\u00e1 \u0159e\u0161en\u00ed pro n\u00e1kladn\u00ed vozidla. Ka\u017ed\u00fd v\u00fdrobek, kter\u00fd se dostane k na\u0161im z\u00e1kazn\u00edk\u016fm, proch\u00e1z\u00ed p\u0159\u00edsn\u00fdm testov\u00e1n\u00edm kvality, aby byla zaji\u0161t\u011bna jeho trvanlivost a \u00fa\u010dinnost.<\/span><\/p>\n<p><span style=\"color: #000000;\">Na\u0161e komplexn\u00ed nab\u00eddka zahrnuje nejen prodej v\u00fdrobk\u016f, ale tak\u00e9 kompletn\u00ed servis, instalaci a poradenskou podporu. D\u00edky inovativn\u00edm \u0159e\u0161en\u00edm, jako je modern\u00ed platforma elektronick\u00e9ho obchodu integrovan\u00e1 s platformou elektronick\u00fdch slu\u017eeb, umo\u017e\u0148ujeme z\u00e1kazn\u00edk\u016fm pln\u011b spravovat historii sv\u00fdch v\u00fdrobk\u016f, a t\u00edm zaji\u0161\u0165ujeme snadn\u00fd p\u0159\u00edstup ke slu\u017eb\u00e1m a transparentnost spolupr\u00e1ce. Na\u0161\u00ed prioritou je nejen poskytovat v\u00fdrobky nejvy\u0161\u0161\u00ed kvality, ale tak\u00e9 budovat dlouhodob\u00e9 vztahy zalo\u017een\u00e9 na d\u016fv\u011b\u0159e a spokojenosti na\u0161ich z\u00e1kazn\u00edk\u016f.<\/span><\/p>\n<\/div>\n<\/div>\n<\/div>\n<\/div>\n<\/div>\n<\/div>","protected":false},"excerpt":{"rendered":"<p>Szybkoz\u0142\u0105cza Skr\u0119cane 1&#8243; &#8211; cz\u0119\u015b\u0107 m\u0119ska, wtyk \u2013 Precyzja i Niezawodno\u015b\u0107 w Ka\u017cdym Po\u0142\u0105czeniu Szybkoz\u0142\u0105cza skr\u0119cane z nakr\u0119tk\u0105 motylkow\u0105 to zaawansowane rozwi\u0105zanie dla system\u00f3w hydraulicznych, kt\u00f3re wymagaj\u0105 szybkiego, bezpiecznego i szczelnego \u0142\u0105czenia oraz roz\u0142\u0105czania linii hydraulicznych. Dzi\u0119ki innowacyjnej konstrukcji minimalizuj\u0105 ryzyko wyciek\u00f3w oraz skutecznie chroni\u0105 uk\u0142ad przed dostaniem si\u0119 zabrudze\u0144. Kluczowe cechy szybkoz\u0142\u0105czy skr\u0119canych: Mo\u017cliwo\u015b\u0107 [&hellip;]<\/p>\n","protected":false},"featured_media":5192,"comment_status":"open","ping_status":"closed","template":"","meta":{"_acf_changed":false,"rank_math_lock_modified_date":false},"product_cat":[241,326],"product_tag":[],"class_list":{"0":"post-5193","1":"product","2":"type-product","3":"status-publish","4":"has-post-thumbnail","6":"product_cat-szybkozlacza-i-obrotnice","7":"product_cat-skrecane","9":"first","10":"instock","11":"taxable","12":"shipping-taxable","13":"purchasable","14":"product-type-simple","15":"add-to-wishlist-after_add_to_cart"},"acf":[],"_links":{"self":[{"href":"https:\/\/trucksconcept.com\/cs\/wp-json\/wp\/v2\/product\/5193","targetHints":{"allow":["GET"]}}],"collection":[{"href":"https:\/\/trucksconcept.com\/cs\/wp-json\/wp\/v2\/product"}],"about":[{"href":"https:\/\/trucksconcept.com\/cs\/wp-json\/wp\/v2\/types\/product"}],"replies":[{"embeddable":true,"href":"https:\/\/trucksconcept.com\/cs\/wp-json\/wp\/v2\/comments?post=5193"}],"wp:featuredmedia":[{"embeddable":true,"href":"https:\/\/trucksconcept.com\/cs\/wp-json\/wp\/v2\/media\/5192"}],"wp:attachment":[{"href":"https:\/\/trucksconcept.com\/cs\/wp-json\/wp\/v2\/media?parent=5193"}],"wp:term":[{"taxonomy":"product_cat","embeddable":true,"href":"https:\/\/trucksconcept.com\/cs\/wp-json\/wp\/v2\/product_cat?post=5193"},{"taxonomy":"product_tag","embeddable":true,"href":"https:\/\/trucksconcept.com\/cs\/wp-json\/wp\/v2\/product_tag?post=5193"}],"curies":[{"name":"wp","href":"https:\/\/api.w.org\/{rel}","templated":true}]}}