{"id":5483,"date":"2025-03-04T10:39:09","date_gmt":"2025-03-04T09:39:09","guid":{"rendered":"https:\/\/trucksconcept.com\/?post_type=product&#038;p=5483"},"modified":"2025-07-10T11:21:54","modified_gmt":"2025-07-10T09:21:54","slug":"przystawka-odbioru-mocy-scania-gr875-gr905-grs895grs905-podwojna","status":"publish","type":"product","link":"https:\/\/trucksconcept.com\/cs\/product\/przystawka-odbioru-mocy-scania-gr875-gr905-grs895grs905-podwojna\/","title":{"rendered":"Przystawka odbioru mocy SCANIA GR875, GR905 GRS895,GRS905 &#8211; podw\u00f3jna, pod kompresor, silos, wywrot"},"content":{"rendered":"<h2>Przystawka odbioru mocy SCANIA GR875, GR905 GRS895,GRS905 &#8211; podw\u00f3jna, pod kompresor, silos, wywrot<\/h2>\n<p>Przystawki Odbioru Mocy (PTO)\u00a0 to innowacyjne urz\u0105dzenia, kt\u00f3re stanowi\u0105 kluczowy element system\u00f3w hydraulicznych i mechanicznych, umo\u017cliwiaj\u0105c efektywne przenoszenie mocy ze skrzyni bieg\u00f3w na zewn\u0119trzne urz\u0105dzenia, takie jak pompy hydrauliczne czy wa\u0142y kardana. Dzi\u0119ki swojej precyzyjnej konstrukcji, PTOgwarantuj\u0105 maksymaln\u0105 wydajno\u015b\u0107 i niezawodno\u015b\u0107, niezale\u017cnie od zastosowania.<\/p>\n<p>Nasze rozwi\u0105zania zosta\u0142y zaprojektowane z my\u015bl\u0105 o szerokim zakresie aplikacji, w tym systemach do wywrot\u00f3w, obs\u0142udze \u017curawi, hakowc\u00f3w czy kompresor\u00f3w. Ka\u017cda przystawka PTO\u00a0 jest specjalistycznym komponentem, idealnie dostosowanym do konkretnego rodzaju skrzyni bieg\u00f3w, co zapewnia jej perfekcyjne dopasowanie i trwa\u0142o\u015b\u0107 w ka\u017cdej konfiguracji.<\/p>\n<p>Dzi\u0119ki zaawansowanej technologii i precyzyjnemu projektowaniu, przystawki PTO:<\/p>\n<ul>\n<li><strong>Efektivn\u00ed dod\u00e1vky hydraulick\u00fdch za\u0159\u00edzen\u00ed<\/strong>: Minimalizac\u00ed ztr\u00e1t energie zaji\u0161\u0165ujeme maxim\u00e1ln\u00ed \u00fa\u010dinnost.<\/li>\n<li><strong>P\u0159esn\u00fd p\u0159enos rychlosti<\/strong>: Zaru\u010dujeme stabiln\u00ed pr\u00e1ci v n\u00e1ro\u010dn\u00e9m prost\u0159ed\u00ed.<\/li>\n<li><strong>Univerz\u00e1ln\u00ed pou\u017eit\u00ed<\/strong>: Na\u0161e v\u00fdrobky jsou kompatibiln\u00ed s \u0161irokou \u0161k\u00e1lou vozidel a aplikac\u00ed, od lehk\u00fdch hydraulick\u00fdch prac\u00ed a\u017e po t\u011b\u017ek\u00e9 pr\u016fmyslov\u00e9 provozy.<\/li>\n<\/ul>\n<h2><strong style=\"font-size: 16px;\">Speci\u00e1ln\u00ed mont\u00e1\u017en\u00ed sady a adapt\u00e9rov\u00e9 h\u0159\u00eddele<\/strong><\/h2>\n<p>Pro ka\u017ed\u00fd typ p\u0159evodovky nab\u00edz\u00edme kompletn\u00ed mont\u00e1\u017en\u00ed sady a h\u0159\u00eddele (adapt\u00e9ry), kter\u00e9 zaji\u0161\u0165uj\u00ed optim\u00e1ln\u00ed p\u0159ipojen\u00ed n\u00e1stavce k hnac\u00edmu \u00fastroj\u00ed vozidla. V\u0161echny komponenty jsou pe\u010dliv\u011b vybr\u00e1ny pro konkr\u00e9tn\u00ed typ p\u0159evodovky a aplikaci, tak\u017ee na\u0161e \u0159e\u0161en\u00ed jsou pln\u011b kompatibiln\u00ed a efektivn\u00ed v provozu.<\/p>\n<p>D\u00edky tomuto p\u0159\u00edstupu se na\u0161e n\u00e1stavce pou\u017e\u00edvaj\u00ed v \u0161irok\u00e9 \u0161k\u00e1le aplikac\u00ed, jako jsou nap\u0159.:<\/p>\n<ul>\n<li><strong>Hydraulick\u00e9 syst\u00e9my pro skl\u00e1p\u011b\u010de<\/strong>: P\u0159esn\u00e9 ovl\u00e1d\u00e1n\u00ed a rychl\u00e1 akce.<\/li>\n<li><strong>Je\u0159\u00e1by<\/strong>: Stabilita a v\u00fdkon pro n\u00e1ro\u010dn\u00e9 zvedac\u00ed operace.<\/li>\n<li><strong>H\u00e1kov\u00e9 nosi\u010de<\/strong>: Odolnost a spolehlivost p\u0159i manipulaci s t\u011b\u017ek\u00fdmi b\u0159emeny.<\/li>\n<li><strong>Kompresory<\/strong>: Spolehliv\u00e9 nap\u00e1jen\u00ed pneumatick\u00fdch syst\u00e9m\u016f.<\/li>\n<\/ul>\n<h3><strong>T\u011b\u0161\u00edme se na spolupr\u00e1ci s v\u00e1mi<\/strong><\/h3>\n<p>OMFB je nejen nejv\u011bt\u0161\u00edm a nejd\u016fv\u011bryhodn\u011bj\u0161\u00edm v\u00fdrobcem v\u00fdvodov\u00fdch h\u0159\u00eddel\u00ed v Evrop\u011b, ale tak\u00e9 va\u0161\u00edm partnerem p\u0159i poskytov\u00e1n\u00ed spolehliv\u00fdch hydraulick\u00fdch \u0159e\u0161en\u00ed. Obra\u0165te se na n\u00e1s pro v\u00edce informac\u00ed o na\u0161ich specializovan\u00fdch produktech a spolupracujte s n\u00e1mi p\u0159i hled\u00e1n\u00ed optim\u00e1ln\u00edho \u0159e\u0161en\u00ed pro va\u0161e vozidlo.<\/p>\n<div id=\"v1v1forwardbody1\">\n<div id=\"v1v1v1forwardbody1\">\n<div id=\"v1v1v1v1forwardbody1\">\n<div class=\"elementor-element elementor-element-3011f1e elementor-widget elementor-widget-text-editor\" data-id=\"3011f1e\" data-element_type=\"widget\" data-widget_type=\"text-editor.default\">\n<div class=\"elementor-widget-container\">\n<div class=\"elementor-element elementor-element-1fc6274 elementor-widget elementor-widget-text-editor\" data-id=\"1fc6274\" data-element_type=\"widget\" data-widget_type=\"text-editor.default\">\n<div class=\"elementor-widget-container\">\n<div class=\"elementor-element elementor-element-66f6d7d elementor-widget elementor-widget-text-editor\" data-id=\"66f6d7d\" data-element_type=\"widget\" data-widget_type=\"text-editor.default\">\n<h3><span style=\"color: #000000;\">TRUCKS CONCEPT - OFICI\u00c1LN\u00cd DISTRIBUTOR OMFB V POLSKU<\/span><\/h3>\n<div class=\"elementor-element elementor-element-3011f1e elementor-widget elementor-widget-text-editor\" data-id=\"3011f1e\" data-element_type=\"widget\" data-widget_type=\"text-editor.default\">\n<div class=\"elementor-widget-container\">\n<p><span style=\"color: #000000;\">Trucks Concept je distributorem italsk\u00e9 zna\u010dky <strong>OMFB<\/strong>, kter\u00e1 m\u00e1 dlouholet\u00e9 zku\u0161enosti s v\u00fdrobou hydraulick\u00fdch komponent\u016f. V\u0161echny kl\u00ed\u010dov\u00e9 komponenty se vyr\u00e1b\u011bj\u00ed v tov\u00e1rn\u00e1ch\u00a0<strong>OMFB<\/strong>, co\u017e zaru\u010duje spolehlivost a nejvy\u0161\u0161\u00ed kvalitu nab\u00edzen\u00fdch \u0159e\u0161en\u00ed.<\/span><\/p>\n<p><span style=\"color: #000000;\"><strong>OMFB<\/strong>\u00a0dod\u00e1v\u00e1 sv\u00e9 v\u00fdrobky renomovan\u00fdm spole\u010dnostem nejv\u011bt\u0161\u00edch hr\u00e1\u010d\u016f v oboru n\u00e1kladn\u00edch automobil\u016f ji\u017e mnoho let, co\u017e sv\u011bd\u010d\u00ed o bezkonkuren\u010dn\u00ed kvalit\u011b komponent\u016f t\u00e9to zna\u010dky. Spole\u010dnost nab\u00edz\u00ed \u0161irokou \u0161k\u00e1lu v\u00fdrobk\u016f, v\u010detn\u011b kompletn\u00edch hydraulick\u00fdch syst\u00e9m\u016f, kter\u00e9 zahrnuj\u00ed v\u0161echny pot\u0159ebn\u00e9 komponenty:\u00a0<strong>PTO<\/strong>\u00a0(p\u0159\u00eddavn\u00e1 za\u0159\u00edzen\u00ed), zubov\u00e1 \u010derpadla, olejov\u00e9 n\u00e1dr\u017ee, hydraulick\u00e9 ventily, rychlospojky, hadice, sac\u00ed hadice, ovl\u00e1dac\u00ed prvky kabiny, adapt\u00e9ry, t\u011bsn\u011bn\u00ed a mont\u00e1\u017en\u00ed p\u0159\u00edslu\u0161enstv\u00ed. Jedn\u00e1 se o kompletn\u00ed \u0159e\u0161en\u00ed, kter\u00e9 obsahuje v\u0161e, co pot\u0159ebujete pro bezprobl\u00e9mov\u00e9 a spolehliv\u00e9 hydraulick\u00e9 syst\u00e9my.<\/span><br \/>\n<span style=\"color: #000000;\">B\u011bhem procesu instalace se z\u00e1kazn\u00edci mohou spolehnout na odborn\u00e9 poradenstv\u00ed a mo\u017enost zadat instalaci na\u0161im zku\u0161en\u00fdm odborn\u00edk\u016fm, co\u017e zajist\u00ed rychlou a efektivn\u00ed implementaci hydraulick\u00fdch syst\u00e9m\u016f do vozidel.<\/span><\/p>\n<div class=\"elementor-element elementor-element-17bda31 heading-title elementor-widget elementor-widget-heading animated fadeIn\" data-id=\"17bda31\" data-element_type=\"widget\" data-settings=\"{&quot;_animation&quot;:&quot;fadeIn&quot;}\" data-widget_type=\"heading.default\">\n<div class=\"elementor-widget-container\">\n<h3 class=\"elementor-heading-title elementor-size-default\"><span style=\"color: #000000;\">OMFB - HISTORIE INOVAC\u00cd A KVALITY<\/span><\/h3>\n<\/div>\n<\/div>\n<div class=\"elementor-element elementor-element-1fc6274 elementor-widget elementor-widget-text-editor\" data-id=\"1fc6274\" data-element_type=\"widget\" data-widget_type=\"text-editor.default\">\n<div class=\"elementor-widget-container\">\n<p><span style=\"color: #000000;\">Zna\u010dka\u00a0<strong>OMFB<\/strong>\u00a0byla zalo\u017eena v roce 1950, kdy si t\u0159i brat\u0159i Umberto, Nicola a Alessandro Bianchi otev\u0159eli malou mechanickou d\u00edlnu a vytvo\u0159ili zna\u010dku, kter\u00e1 si rychle z\u00edskala uzn\u00e1n\u00ed na trhu. Od t\u00e9 doby spole\u010dnost neust\u00e1le roste, inovuje a roz\u0161i\u0159uje sv\u016fj sortiment, kter\u00fd zahrnuje hydraulick\u00e1 \u010derpadla, teleskopick\u00e9 v\u00e1lce a \u0159\u00eddic\u00ed syst\u00e9my pro n\u00e1kladn\u00ed automobily a stavebn\u00ed stroje.<\/span><\/p>\n<p><span style=\"color: #000000;\">V pr\u016fb\u011bhu let\u00a0<strong>OMFB<\/strong>\u00a0si z\u00edskala d\u016fv\u011bru z\u00e1kazn\u00edk\u016f po cel\u00e9m sv\u011bt\u011b a jej\u00ed komponenty se nyn\u00ed pou\u017e\u00edvaj\u00ed v nejn\u00e1ro\u010dn\u011bj\u0161\u00edch prost\u0159ed\u00edch, kde je prioritou spolehlivost a v\u00fdkon. Spole\u010dnost je pr\u016fkopn\u00edkem \u0159ady technologi\u00ed, mimo jin\u00e9 uvedla na trh elektronick\u00e9 \u0159\u00eddic\u00ed syst\u00e9my a inovativn\u00ed \u0159e\u0161en\u00ed pro skl\u00e1p\u011bc\u00ed vozidla.<\/span><\/p>\n<p><span style=\"color: #000000;\"><strong>Koncept n\u00e1kladn\u00edch vozidel<\/strong>\u00a0jako ofici\u00e1ln\u00ed distributor\u00a0<strong>OMFB<\/strong>\u00a0v Polsku poskytuje plnou technickou podporu a \u0161irok\u00fd p\u0159\u00edstup k v\u00fdrobk\u016fm t\u00e9to renomovan\u00e9 zna\u010dky, kter\u00e9 zaru\u010duj\u00ed spolehlivost a v\u00fdkon za v\u0161ech podm\u00ednek.<\/span><\/p>\n<div class=\"elementor-element elementor-element-4e399f1 heading-title elementor-widget elementor-widget-heading animated fadeIn\" data-id=\"4e399f1\" data-element_type=\"widget\" data-settings=\"{&quot;_animation&quot;:&quot;fadeIn&quot;}\" data-widget_type=\"heading.default\">\n<div class=\"elementor-widget-container\">\n<h3 class=\"elementor-heading-title elementor-size-default\"><span style=\"color: #000000;\">ZAM\u011a\u0158UJEME SE NA V\u00ddROBKY NEJVY\u0160\u0160\u00cd KVALITY<\/span><\/h3>\n<\/div>\n<\/div>\n<div class=\"elementor-element elementor-element-66f6d7d elementor-widget elementor-widget-text-editor\" data-id=\"66f6d7d\" data-element_type=\"widget\" data-widget_type=\"text-editor.default\">\n<div class=\"elementor-widget-container\">\n<p><span style=\"color: #000000;\">W\u00a0<strong>Koncept n\u00e1kladn\u00edch vozidel<\/strong>\u00a0se zam\u011b\u0159ujeme na nejvy\u0161\u0161\u00ed kvalitu v\u00fdrobk\u016f a naprostou spokojenost na\u0161ich z\u00e1kazn\u00edk\u016f. Jako ofici\u00e1ln\u00ed distributor p\u0159edn\u00edch zna\u010dek, jako jsou nap\u0159.\u00a0<strong>Edbro<\/strong>\u00a0i\u00a0<strong>OMFB<\/strong>, nab\u00edz\u00edme pouze osv\u011bd\u010den\u00e1 a spolehliv\u00e1 \u0159e\u0161en\u00ed pro n\u00e1kladn\u00ed vozidla. Ka\u017ed\u00fd v\u00fdrobek, kter\u00fd se dostane k na\u0161im z\u00e1kazn\u00edk\u016fm, proch\u00e1z\u00ed p\u0159\u00edsn\u00fdm testov\u00e1n\u00edm kvality, aby byla zaji\u0161t\u011bna jeho trvanlivost a \u00fa\u010dinnost.<\/span><\/p>\n<p><span style=\"color: #000000;\">Na\u0161e komplexn\u00ed nab\u00eddka zahrnuje nejen prodej v\u00fdrobk\u016f, ale tak\u00e9 kompletn\u00ed servis, instalaci a poradenskou podporu. D\u00edky inovativn\u00edm \u0159e\u0161en\u00edm, jako je modern\u00ed platforma elektronick\u00e9ho obchodu integrovan\u00e1 s platformou elektronick\u00fdch slu\u017eeb, umo\u017e\u0148ujeme z\u00e1kazn\u00edk\u016fm pln\u011b spravovat historii sv\u00fdch v\u00fdrobk\u016f, a t\u00edm zaji\u0161\u0165ujeme snadn\u00fd p\u0159\u00edstup ke slu\u017eb\u00e1m a transparentnost spolupr\u00e1ce. Na\u0161\u00ed prioritou je nejen poskytovat v\u00fdrobky nejvy\u0161\u0161\u00ed kvality, ale tak\u00e9 budovat dlouhodob\u00e9 vztahy zalo\u017een\u00e9 na d\u016fv\u011b\u0159e a spokojenosti na\u0161ich z\u00e1kazn\u00edk\u016f.<\/span><\/p>\n<\/div>\n<\/div>\n<\/div>\n<\/div>\n<\/div>\n<\/div>\n<\/div>\n<\/div>\n<\/div>\n<\/div>\n<\/div>\n<\/div>\n<\/div>\n<\/div>","protected":false},"excerpt":{"rendered":"<p>Przystawka odbioru mocy SCANIA GR875, GR905 GRS895,GRS905 &#8211; podw\u00f3jna, pod kompresor, silos, wywrot Przystawki Odbioru Mocy (PTO)\u00a0 to innowacyjne urz\u0105dzenia, kt\u00f3re stanowi\u0105 kluczowy element system\u00f3w hydraulicznych i mechanicznych, umo\u017cliwiaj\u0105c efektywne przenoszenie mocy ze skrzyni bieg\u00f3w na zewn\u0119trzne urz\u0105dzenia, takie jak pompy hydrauliczne czy wa\u0142y kardana. Dzi\u0119ki swojej precyzyjnej konstrukcji, PTOgwarantuj\u0105 maksymaln\u0105 wydajno\u015b\u0107 i niezawodno\u015b\u0107, niezale\u017cnie [&hellip;]<\/p>\n","protected":false},"featured_media":5484,"comment_status":"open","ping_status":"closed","template":"","meta":{"_acf_changed":false,"rank_math_lock_modified_date":false},"product_cat":[236,291],"product_tag":[],"class_list":{"0":"post-5483","1":"product","2":"type-product","3":"status-publish","4":"has-post-thumbnail","6":"product_cat-przystawki-odbioru-mocy-walki-adaptery","7":"product_cat-scania","9":"first","10":"onbackorder","11":"featured","12":"taxable","13":"shipping-taxable","14":"purchasable","15":"product-type-simple","16":"add-to-wishlist-after_add_to_cart"},"acf":[],"_links":{"self":[{"href":"https:\/\/trucksconcept.com\/cs\/wp-json\/wp\/v2\/product\/5483","targetHints":{"allow":["GET"]}}],"collection":[{"href":"https:\/\/trucksconcept.com\/cs\/wp-json\/wp\/v2\/product"}],"about":[{"href":"https:\/\/trucksconcept.com\/cs\/wp-json\/wp\/v2\/types\/product"}],"replies":[{"embeddable":true,"href":"https:\/\/trucksconcept.com\/cs\/wp-json\/wp\/v2\/comments?post=5483"}],"wp:featuredmedia":[{"embeddable":true,"href":"https:\/\/trucksconcept.com\/cs\/wp-json\/wp\/v2\/media\/5484"}],"wp:attachment":[{"href":"https:\/\/trucksconcept.com\/cs\/wp-json\/wp\/v2\/media?parent=5483"}],"wp:term":[{"taxonomy":"product_cat","embeddable":true,"href":"https:\/\/trucksconcept.com\/cs\/wp-json\/wp\/v2\/product_cat?post=5483"},{"taxonomy":"product_tag","embeddable":true,"href":"https:\/\/trucksconcept.com\/cs\/wp-json\/wp\/v2\/product_tag?post=5483"}],"curies":[{"name":"wp","href":"https:\/\/api.w.org\/{rel}","templated":true}]}}