{"id":4239,"date":"2024-12-15T13:06:48","date_gmt":"2024-12-15T12:06:48","guid":{"rendered":"https:\/\/trucksconcept.com\/?post_type=product&#038;p=4239"},"modified":"2025-01-16T15:35:38","modified_gmt":"2025-01-16T14:35:38","slug":"silownik-frontowy-edbrocs17l055733b19a11","status":"publish","type":"product","link":"https:\/\/trucksconcept.com\/de\/product\/silownik-frontowy-edbrocs17l055733b19a11\/","title":{"rendered":"Si\u0142ownik frontowy Edbro CS150044606B19A11 &#8211; skok\/wysuw 4606 mm (dolne mocowanie z kielichem) &#8211; si\u0142ownik do wywrotu"},"content":{"rendered":"<h2>Edbro CS Serie Frontantrieb - Maximale Leistung unter h\u00e4rtesten Bedingungen<\/h2>\n<p><strong>Edbro CS - Der Standardsetzer in der Kippantriebsindustrie<\/strong><br \/>\nDie CS-Serie von Edbro ist eine innovative L\u00f6sung, die Effizienz und Haltbarkeit neu definiert. Entwickelt f\u00fcr die h\u00e4rtesten Einsatzbedingungen, garantieren die CS-Aktuatoren eine unvergleichliche Leistung, um die Nutzlast, den Betriebsgewinn und die Zuverl\u00e4ssigkeit Ihres Fahrzeugs zu erh\u00f6hen.<\/p>\n<h3><strong>Die leichtesten Zylinder der Welt - Mehr Nutzlast und Gewinn<\/strong><\/h3>\n<p>Edbro-Aktuatoren sind in ihrer Gewichtsklasse unangefochten f\u00fchrend. Dank ihrer Leichtbauweise erm\u00f6glichen sie eine Erh\u00f6hung der Fahrzeugnutzlast, was sich direkt in h\u00f6heren Betriebsgewinnen niederschl\u00e4gt. Jedes eingesparte Kilogramm an Gewicht bedeutet zus\u00e4tzliche Nutzlast und h\u00f6here Betriebseffizienz.<\/p>\n<h3><strong>Fortschrittliche Technologie f\u00fcr maximale Haltbarkeit<\/strong><\/h3>\n<p>Die Aktuatoren der CS-Serie verwenden fortschrittliche Technologien wie z. B.:<\/p>\n<ul>\n<li><strong>Dreipunkt-Deckelbefestigung (bei Bechermodellen)<\/strong>, die das Risiko von Kratzern bei extremen seitlichen Belastungen minimiert<br \/>\nund gew\u00e4hrleistet eine perfekte Ausrichtung.<img fetchpriority=\"high\" decoding=\"async\" class=\"wp-image-4217 aligncenter\" src=\"https:\/\/trucksconcept.com\/wp-content\/uploads\/2024\/12\/Zrzut-ekranu-2024-12-15-o-11.19.02-300x267.png\" alt=\"\" width=\"362\" height=\"322\" srcset=\"https:\/\/trucksconcept.com\/wp-content\/uploads\/2024\/12\/Zrzut-ekranu-2024-12-15-o-11.19.02-300x267.png 300w, https:\/\/trucksconcept.com\/wp-content\/uploads\/2024\/12\/Zrzut-ekranu-2024-12-15-o-11.19.02-1024x912.png 1024w, https:\/\/trucksconcept.com\/wp-content\/uploads\/2024\/12\/Zrzut-ekranu-2024-12-15-o-11.19.02-768x684.png 768w, https:\/\/trucksconcept.com\/wp-content\/uploads\/2024\/12\/Zrzut-ekranu-2024-12-15-o-11.19.02-600x534.png 600w, https:\/\/trucksconcept.com\/wp-content\/uploads\/2024\/12\/Zrzut-ekranu-2024-12-15-o-11.19.02-64x57.png 64w, https:\/\/trucksconcept.com\/wp-content\/uploads\/2024\/12\/Zrzut-ekranu-2024-12-15-o-11.19.02.png 1132w\" sizes=\"(max-width: 362px) 100vw, 362px\" \/><\/li>\n<li><strong>Lasergeschwei\u00dfte Rohre<\/strong>, Dadurch werden die Lebensdauer und die Widerstandsf\u00e4higkeit gegen mechanische Besch\u00e4digungen erh\u00f6ht.<img decoding=\"async\" class=\"wp-image-4219 aligncenter\" src=\"https:\/\/trucksconcept.com\/wp-content\/uploads\/2024\/12\/laser-300x168.jpeg\" alt=\"\" width=\"363\" height=\"203\" srcset=\"https:\/\/trucksconcept.com\/wp-content\/uploads\/2024\/12\/laser-300x168.jpeg 300w, https:\/\/trucksconcept.com\/wp-content\/uploads\/2024\/12\/laser-1024x575.jpeg 1024w, https:\/\/trucksconcept.com\/wp-content\/uploads\/2024\/12\/laser-768x431.jpeg 768w, https:\/\/trucksconcept.com\/wp-content\/uploads\/2024\/12\/laser-1536x862.jpeg 1536w, https:\/\/trucksconcept.com\/wp-content\/uploads\/2024\/12\/laser-600x337.jpeg 600w, https:\/\/trucksconcept.com\/wp-content\/uploads\/2024\/12\/laser-64x36.jpeg 64w, https:\/\/trucksconcept.com\/wp-content\/uploads\/2024\/12\/laser.jpeg 1596w\" sizes=\"(max-width: 363px) 100vw, 363px\" \/><\/li>\n<li><strong>Acetal-Ringe<\/strong>, die die Reibung verringern und die Lebensdauer des Antriebs verl\u00e4ngern.<img decoding=\"async\" class=\"wp-image-4220 aligncenter\" src=\"https:\/\/trucksconcept.com\/wp-content\/uploads\/2024\/12\/Zrzut-ekranu-2024-12-15-o-11.52.53-300x258.png\" alt=\"\" width=\"363\" height=\"312\" srcset=\"https:\/\/trucksconcept.com\/wp-content\/uploads\/2024\/12\/Zrzut-ekranu-2024-12-15-o-11.52.53-300x258.png 300w, https:\/\/trucksconcept.com\/wp-content\/uploads\/2024\/12\/Zrzut-ekranu-2024-12-15-o-11.52.53-600x515.png 600w, https:\/\/trucksconcept.com\/wp-content\/uploads\/2024\/12\/Zrzut-ekranu-2024-12-15-o-11.52.53-64x55.png 64w, https:\/\/trucksconcept.com\/wp-content\/uploads\/2024\/12\/Zrzut-ekranu-2024-12-15-o-11.52.53.png 638w\" sizes=\"(max-width: 363px) 100vw, 363px\" \/><\/li>\n<\/ul>\n<h3><strong>Schnelleres Entladen und h\u00f6here Effizienz<\/strong><\/h3>\n<p>Dank an <strong>einteilige Rohrkonstruktion<\/strong> i <strong>gr\u00f6\u00dfere Kontaktfl\u00e4chen<\/strong> Edbro-Zylinder bieten h\u00f6here Geschwindigkeiten beim Entladen. Das bedeutet k\u00fcrzere Arbeitszeiten und h\u00f6here Effizienz im t\u00e4glichen Betrieb.<\/p>\n<h3><strong>Fit and Forget\u201e-Technologie - Anpassen und Vergessen<\/strong><\/h3>\n<p>Der Edbro CS Frontantrieb ist eine echte \u201efit and forget\u201d L\u00f6sung. Dank der einzigartigen <strong>5-Punkt-Dichtungssystem<\/strong> und die Verwendung hochwertigster Materialien erfordern diese Zylinder nur minimale Wartung und bieten jahrelangen st\u00f6rungsfreien Betrieb.<\/p>\n<p><img loading=\"lazy\" decoding=\"async\" class=\"wp-image-4221 aligncenter\" src=\"https:\/\/trucksconcept.com\/wp-content\/uploads\/2024\/12\/Zrzut-ekranu-2024-12-15-o-11.54.14-300x265.png\" alt=\"\" width=\"408\" height=\"360\" srcset=\"https:\/\/trucksconcept.com\/wp-content\/uploads\/2024\/12\/Zrzut-ekranu-2024-12-15-o-11.54.14-300x265.png 300w, https:\/\/trucksconcept.com\/wp-content\/uploads\/2024\/12\/Zrzut-ekranu-2024-12-15-o-11.54.14-600x530.png 600w, https:\/\/trucksconcept.com\/wp-content\/uploads\/2024\/12\/Zrzut-ekranu-2024-12-15-o-11.54.14-64x57.png 64w, https:\/\/trucksconcept.com\/wp-content\/uploads\/2024\/12\/Zrzut-ekranu-2024-12-15-o-11.54.14.png 636w\" sizes=\"(max-width: 408px) 100vw, 408px\" \/><\/p>\n<h3><strong>Sicherheit und Qualit\u00e4t ohne Kompromisse<\/strong><\/h3>\n<p>Jeder Edbro Frontantrieb wird strengen Qualit\u00e4tstests unterzogen, einschlie\u00dflich Drucktests bis zur maximalen Belastung von 150%. Kombiniert mit \u00fcber 100 Jahren Ingenieurserfahrung und den neuesten Finite-Elemente-Analysetechniken, garantiert Edbro vollst\u00e4ndige Sicherheit und Zuverl\u00e4ssigkeit in jeder Situation.<\/p>\n<p><img loading=\"lazy\" decoding=\"async\" class=\"alignnone wp-image-4226\" src=\"https:\/\/trucksconcept.com\/wp-content\/uploads\/2024\/12\/Zrzut-ekranu-2023-11-12-o-07.39.29-300x130.png\" alt=\"\" width=\"371\" height=\"161\" srcset=\"https:\/\/trucksconcept.com\/wp-content\/uploads\/2024\/12\/Zrzut-ekranu-2023-11-12-o-07.39.29-300x130.png 300w, https:\/\/trucksconcept.com\/wp-content\/uploads\/2024\/12\/Zrzut-ekranu-2023-11-12-o-07.39.29-1024x445.png 1024w, https:\/\/trucksconcept.com\/wp-content\/uploads\/2024\/12\/Zrzut-ekranu-2023-11-12-o-07.39.29-768x334.png 768w, https:\/\/trucksconcept.com\/wp-content\/uploads\/2024\/12\/Zrzut-ekranu-2023-11-12-o-07.39.29-1536x668.png 1536w, https:\/\/trucksconcept.com\/wp-content\/uploads\/2024\/12\/Zrzut-ekranu-2023-11-12-o-07.39.29-2048x891.png 2048w, https:\/\/trucksconcept.com\/wp-content\/uploads\/2024\/12\/Zrzut-ekranu-2023-11-12-o-07.39.29-600x261.png 600w, https:\/\/trucksconcept.com\/wp-content\/uploads\/2024\/12\/Zrzut-ekranu-2023-11-12-o-07.39.29-64x28.png 64w\" sizes=\"(max-width: 371px) 100vw, 371px\" \/><img loading=\"lazy\" decoding=\"async\" class=\"alignnone wp-image-4222\" src=\"https:\/\/trucksconcept.com\/wp-content\/uploads\/2024\/12\/Zrzut-ekranu-2023-11-12-o-07.35.12-300x137.png\" alt=\"\" width=\"352\" height=\"161\" srcset=\"https:\/\/trucksconcept.com\/wp-content\/uploads\/2024\/12\/Zrzut-ekranu-2023-11-12-o-07.35.12-300x137.png 300w, https:\/\/trucksconcept.com\/wp-content\/uploads\/2024\/12\/Zrzut-ekranu-2023-11-12-o-07.35.12-1024x468.png 1024w, https:\/\/trucksconcept.com\/wp-content\/uploads\/2024\/12\/Zrzut-ekranu-2023-11-12-o-07.35.12-768x351.png 768w, https:\/\/trucksconcept.com\/wp-content\/uploads\/2024\/12\/Zrzut-ekranu-2023-11-12-o-07.35.12-1536x703.png 1536w, https:\/\/trucksconcept.com\/wp-content\/uploads\/2024\/12\/Zrzut-ekranu-2023-11-12-o-07.35.12-2048x937.png 2048w, https:\/\/trucksconcept.com\/wp-content\/uploads\/2024\/12\/Zrzut-ekranu-2023-11-12-o-07.35.12-600x274.png 600w, https:\/\/trucksconcept.com\/wp-content\/uploads\/2024\/12\/Zrzut-ekranu-2023-11-12-o-07.35.12-64x29.png 64w\" sizes=\"(max-width: 352px) 100vw, 352px\" \/><img loading=\"lazy\" decoding=\"async\" class=\"alignnone wp-image-4229\" src=\"https:\/\/trucksconcept.com\/wp-content\/uploads\/2024\/12\/Zrzut-ekranu-2023-11-12-o-07.34.33-300x140.png\" alt=\"\" width=\"345\" height=\"161\" srcset=\"https:\/\/trucksconcept.com\/wp-content\/uploads\/2024\/12\/Zrzut-ekranu-2023-11-12-o-07.34.33-300x140.png 300w, https:\/\/trucksconcept.com\/wp-content\/uploads\/2024\/12\/Zrzut-ekranu-2023-11-12-o-07.34.33-1024x477.png 1024w, https:\/\/trucksconcept.com\/wp-content\/uploads\/2024\/12\/Zrzut-ekranu-2023-11-12-o-07.34.33-768x357.png 768w, https:\/\/trucksconcept.com\/wp-content\/uploads\/2024\/12\/Zrzut-ekranu-2023-11-12-o-07.34.33-1536x715.png 1536w, https:\/\/trucksconcept.com\/wp-content\/uploads\/2024\/12\/Zrzut-ekranu-2023-11-12-o-07.34.33-2048x953.png 2048w, https:\/\/trucksconcept.com\/wp-content\/uploads\/2024\/12\/Zrzut-ekranu-2023-11-12-o-07.34.33-600x279.png 600w, https:\/\/trucksconcept.com\/wp-content\/uploads\/2024\/12\/Zrzut-ekranu-2023-11-12-o-07.34.33-64x30.png 64w\" sizes=\"(max-width: 345px) 100vw, 345px\" \/><\/p>\n<h3><strong>Un\u00fcbertroffene Haltbarkeit und Benutzerfreundlichkeit<\/strong><\/h3>\n<p><strong>1. lasergeschwei\u00dfte Rohre - maximale Festigkeit<\/strong><br \/>\nDie fortschrittliche Laserschwei\u00dftechnologie, die bei der Konstruktion der Rohre zum Einsatz kommt, gew\u00e4hrleistet eine au\u00dfergew\u00f6hnliche mechanische Festigkeit und Erm\u00fcdungsfestigkeit. Diese L\u00f6sung macht die Aktuatoren widerstandsf\u00e4hig gegen lang anhaltende Belastungen und garantiert Zuverl\u00e4ssigkeit unter den anspruchsvollsten Betriebsbedingungen.<\/p>\n<p><strong>2. Gusseisengleiter - Schutz vor Besch\u00e4digung<\/strong><br \/>\nDank der Verwendung von gusseisernen Gleitern wurde das Risiko von Kratzern und Sch\u00e4den durch seitliche Belastungen minimiert. Diese innovative L\u00f6sung erh\u00f6ht nicht nur die Lebensdauer des Antriebs, sondern verbessert auch die Sicherheit beim Einsatz in schwierigem Gel\u00e4nde.<\/p>\n<p><strong>Einzigartiges Klemm- und Dichtungssystem - einfache Wartung, lange Lebensdauer<\/strong><br \/>\nDas speziell entwickelte Klemmen- und Dichtungssystem sorgt nicht nur f\u00fcr au\u00dfergew\u00f6hnliche Dichtheit und Schutz vor Verschmutzung, sondern erleichtert auch die Wartung. Dadurch sind die Antriebe nicht nur langlebig, sondern auch bequem zu warten, was die Betriebskosten erheblich senkt.<\/p>\n<p>Diese Eigenschaften machen die Edbro CS Serie zu einer L\u00f6sung, die auch die anspruchsvollsten Aufgaben bew\u00e4ltigen kann.<\/p>\n<p><img loading=\"lazy\" decoding=\"async\" class=\"wp-image-4231 aligncenter\" src=\"https:\/\/trucksconcept.com\/wp-content\/uploads\/2024\/12\/Zrzut-ekranu-2024-12-15-o-12.13.07-300x223.png\" alt=\"\" width=\"385\" height=\"286\" srcset=\"https:\/\/trucksconcept.com\/wp-content\/uploads\/2024\/12\/Zrzut-ekranu-2024-12-15-o-12.13.07-300x223.png 300w, https:\/\/trucksconcept.com\/wp-content\/uploads\/2024\/12\/Zrzut-ekranu-2024-12-15-o-12.13.07-600x447.png 600w, https:\/\/trucksconcept.com\/wp-content\/uploads\/2024\/12\/Zrzut-ekranu-2024-12-15-o-12.13.07-64x48.png 64w, https:\/\/trucksconcept.com\/wp-content\/uploads\/2024\/12\/Zrzut-ekranu-2024-12-15-o-12.13.07.png 720w\" sizes=\"(max-width: 385px) 100vw, 385px\" \/><\/p>\n<h3><strong>Technische Unterst\u00fctzung auf h\u00f6chstem Niveau<\/strong><\/h3>\n<p>Das Edbro-Team bietet umfassende technische Unterst\u00fctzung, um Ihnen bei der Auswahl der idealen L\u00f6sung f\u00fcr jede Anwendung zu helfen. Wenn Sie sich f\u00fcr die Antriebe der CS-Serie entscheiden, erhalten Sie nicht nur ein erstklassiges Produkt, sondern auch einen Partner, der sich um Ihre Bed\u00fcrfnisse k\u00fcmmert.<\/p>\n<p><img loading=\"lazy\" decoding=\"async\" class=\"alignnone wp-image-4230\" src=\"https:\/\/trucksconcept.com\/wp-content\/uploads\/2024\/12\/Zrzut-ekranu-2023-11-12-o-07.37.06-300x133.png\" alt=\"\" width=\"363\" height=\"161\" srcset=\"https:\/\/trucksconcept.com\/wp-content\/uploads\/2024\/12\/Zrzut-ekranu-2023-11-12-o-07.37.06-300x133.png 300w, https:\/\/trucksconcept.com\/wp-content\/uploads\/2024\/12\/Zrzut-ekranu-2023-11-12-o-07.37.06-1024x454.png 1024w, https:\/\/trucksconcept.com\/wp-content\/uploads\/2024\/12\/Zrzut-ekranu-2023-11-12-o-07.37.06-768x341.png 768w, https:\/\/trucksconcept.com\/wp-content\/uploads\/2024\/12\/Zrzut-ekranu-2023-11-12-o-07.37.06-1536x682.png 1536w, https:\/\/trucksconcept.com\/wp-content\/uploads\/2024\/12\/Zrzut-ekranu-2023-11-12-o-07.37.06-2048x909.png 2048w, https:\/\/trucksconcept.com\/wp-content\/uploads\/2024\/12\/Zrzut-ekranu-2023-11-12-o-07.37.06-600x266.png 600w, https:\/\/trucksconcept.com\/wp-content\/uploads\/2024\/12\/Zrzut-ekranu-2023-11-12-o-07.37.06-64x28.png 64w\" sizes=\"(max-width: 363px) 100vw, 363px\" \/><img loading=\"lazy\" decoding=\"async\" class=\"alignnone wp-image-4224\" src=\"https:\/\/trucksconcept.com\/wp-content\/uploads\/2024\/12\/Zrzut-ekranu-2023-11-12-o-07.40.39-300x134.png\" alt=\"\" width=\"360\" height=\"161\" srcset=\"https:\/\/trucksconcept.com\/wp-content\/uploads\/2024\/12\/Zrzut-ekranu-2023-11-12-o-07.40.39-300x134.png 300w, https:\/\/trucksconcept.com\/wp-content\/uploads\/2024\/12\/Zrzut-ekranu-2023-11-12-o-07.40.39-1024x459.png 1024w, https:\/\/trucksconcept.com\/wp-content\/uploads\/2024\/12\/Zrzut-ekranu-2023-11-12-o-07.40.39-768x344.png 768w, https:\/\/trucksconcept.com\/wp-content\/uploads\/2024\/12\/Zrzut-ekranu-2023-11-12-o-07.40.39-1536x688.png 1536w, https:\/\/trucksconcept.com\/wp-content\/uploads\/2024\/12\/Zrzut-ekranu-2023-11-12-o-07.40.39-2048x918.png 2048w, https:\/\/trucksconcept.com\/wp-content\/uploads\/2024\/12\/Zrzut-ekranu-2023-11-12-o-07.40.39-600x269.png 600w, https:\/\/trucksconcept.com\/wp-content\/uploads\/2024\/12\/Zrzut-ekranu-2023-11-12-o-07.40.39-64x29.png 64w\" sizes=\"(max-width: 360px) 100vw, 360px\" \/><img loading=\"lazy\" decoding=\"async\" class=\"alignnone wp-image-4223\" src=\"https:\/\/trucksconcept.com\/wp-content\/uploads\/2024\/12\/Zrzut-ekranu-2023-11-12-o-07.40.27-300x136.png\" alt=\"\" width=\"355\" height=\"161\" srcset=\"https:\/\/trucksconcept.com\/wp-content\/uploads\/2024\/12\/Zrzut-ekranu-2023-11-12-o-07.40.27-300x136.png 300w, https:\/\/trucksconcept.com\/wp-content\/uploads\/2024\/12\/Zrzut-ekranu-2023-11-12-o-07.40.27-1024x464.png 1024w, https:\/\/trucksconcept.com\/wp-content\/uploads\/2024\/12\/Zrzut-ekranu-2023-11-12-o-07.40.27-768x348.png 768w, https:\/\/trucksconcept.com\/wp-content\/uploads\/2024\/12\/Zrzut-ekranu-2023-11-12-o-07.40.27-1536x696.png 1536w, https:\/\/trucksconcept.com\/wp-content\/uploads\/2024\/12\/Zrzut-ekranu-2023-11-12-o-07.40.27-2048x928.png 2048w, https:\/\/trucksconcept.com\/wp-content\/uploads\/2024\/12\/Zrzut-ekranu-2023-11-12-o-07.40.27-600x272.png 600w, https:\/\/trucksconcept.com\/wp-content\/uploads\/2024\/12\/Zrzut-ekranu-2023-11-12-o-07.40.27-64x29.png 64w\" sizes=\"(max-width: 355px) 100vw, 355px\" \/><\/p>\n<p>&nbsp;<\/p>\n<h3><strong>Auf Ihre Anforderungen zugeschnittene Modelle<\/strong><\/h3>\n<p>Die CS-Serie umfasst Modelle mit einer Kapazit\u00e4t von bis zu <strong>102 Tonnen<\/strong>, wie z. B. CS07, CS10, CS11, CS13 oder CS15. Was auch immer Sie brauchen, Sie werden den perfekten Stellantrieb f\u00fcr Ihr Fahrzeug finden.<br \/>\n<strong>Edbro CS Frontantrieb - Mehr als Standard. Mehr als nur Leistung.<\/strong><br \/>\nWarten Sie nicht - kontaktieren Sie uns und w\u00e4hlen Sie den Antrieb, der Ihre Arbeitsweise ver\u00e4ndern wird. Setzen Sie mit Edbro auf Langlebigkeit, Effizienz und operative Gewinne.<\/p>\n<div class=\"elementor-element elementor-element-3011f1e elementor-widget elementor-widget-text-editor\" data-id=\"3011f1e\" data-element_type=\"widget\" data-widget_type=\"text-editor.default\">\n<div class=\"elementor-widget-container\">\n<div class=\"elementor-element elementor-element-1fc6274 elementor-widget elementor-widget-text-editor\" data-id=\"1fc6274\" data-element_type=\"widget\" data-widget_type=\"text-editor.default\">\n<div class=\"elementor-widget-container\">\n<div class=\"elementor-element elementor-element-66f6d7d elementor-widget elementor-widget-text-editor\" data-id=\"66f6d7d\" data-element_type=\"widget\" data-widget_type=\"text-editor.default\">\n<div class=\"elementor-widget-container\">\n<h2><strong>Trucks Concept - Offizieller und exklusiver Vertreter von EDBRO in Polen<\/strong><\/h2>\n<p><strong>Lkw-Konzept<\/strong> ist stolz darauf, der exklusive Vertreter der Marke <strong>EDBRO<\/strong> in Polen und bietet erstklassige hydraulische Teleskopzylinder an, die in der Transportbranche als Synonym f\u00fcr Zuverl\u00e4ssigkeit und Innovation gelten. Als f\u00fchrender Anbieter von hydraulischen L\u00f6sungen bieten wir Zugang zu Produkten, die weltweit als Standard f\u00fcr hervorragende Leistungen anerkannt sind.<\/p>\n<hr \/>\n<h3><strong>EDBRO - Mehr als 100 Jahre technische Kompetenz<\/strong><\/h3>\n<p>Mit Wurzeln, die bis ins Jahr 1909 zur\u00fcckreichen, verf\u00fcgt die Marke EDBRO \u00fcber mehr als ein Jahrhundert an Erfahrung in der Entwicklung und Herstellung von Teleskopantrieben. Die Schl\u00fcsselkomponenten werden in hochmodernen Fertigungsanlagen in Bolton hergestellt, wo innovative Verfahren wie Laserschwei\u00dfen und Pr\u00e4zisions-CNC-Bearbeitung die leichtesten und robustesten Aktuatoren auf dem Markt hervorbringen. Durch fortschrittliche Forschung und Entwicklung ist EDBRO den Bed\u00fcrfnissen seiner Kunden stets einen Schritt voraus und bietet L\u00f6sungen zur Verbesserung von Effizienz und Sicherheit.<\/p>\n<hr \/>\n<h3><strong>Warum Trucks Concept?<\/strong><\/h3>\n<p>W <strong>Lkw-Konzept<\/strong> wir konzentrieren uns auf <strong>die Produkte von h\u00f6chster Qualit\u00e4t<\/strong> und die volle Zufriedenheit unserer Kunden. Als offizieller Vertriebspartner der Marke EDBRO bieten wir:<\/p>\n<ul>\n<li><strong>Die leichtesten Teleskopzylinder auf dem Markt<\/strong>, die die Nutzlast der Fahrzeuge erh\u00f6hen und die Betriebskosten senken.<\/li>\n<li>Produkte mit Technologie <strong>\u201eFit &amp; Vergessen\u201d<\/strong>, und garantiert minimale Ausfallzeiten und maximale Lebensdauer.<\/li>\n<li>Umfassende technische Unterst\u00fctzung, einschlie\u00dflich Beratung, Service und Installation.<\/li>\n<\/ul>\n<p>Unser Angebot umfasst nicht nur den Verkauf von Produkten, sondern auch moderne E-Commerce- und E-Service-L\u00f6sungen, die die Verwaltung der Produkthistorie erleichtern und f\u00fcr Transparenz in der Zusammenarbeit sorgen.<\/p>\n<hr \/>\n<h3><strong>Vertrauen in Erfahrung und Innovation<\/strong><\/h3>\n<p>Die Zusammenarbeit mit Trucks Concept ist eine Garantie:<\/p>\n<ul>\n<li><strong>Un\u00fcbertroffene Qualit\u00e4t<\/strong> Produkte des Weltmarktf\u00fchrers in der Hydraulikindustrie.<\/li>\n<li><strong>Umfassende Unterst\u00fctzung<\/strong>, vom Kauf bis zum Service.<\/li>\n<li><strong>Aufbau langfristiger Beziehungen<\/strong>, auf der Grundlage von Vertrauen und Kundenzufriedenheit.<\/li>\n<\/ul>\n<p>Wir sind stolz darauf, der exklusive Vertreter der Marke <strong>EDBRO<\/strong> in Polen k\u00f6nnen wir die besten Sanit\u00e4rl\u00f6sungen f\u00fcr die anspruchsvollsten Kunden anbieten.<\/p>\n<hr \/>\n<p>Nehmen Sie noch heute Kontakt mit uns auf und entdecken Sie das einzigartige Angebot an EDBRO-Teleskopzylindern. <strong>Trucks Concept - Ihre Unterst\u00fctzung f\u00fcr einen zuverl\u00e4ssigen Transport.<\/strong><\/p>\n<\/div>\n<\/div>\n<\/div>\n<\/div>\n<\/div>\n<\/div>","protected":false},"excerpt":{"rendered":"<p>Si\u0142ownik frontowy Edbro serii CS \u2013 Maksymalna wydajno\u015b\u0107 w najtrudniejszych warunkach Edbro CS \u2013 Wyznacznik standard\u00f3w w bran\u017cy si\u0142ownik\u00f3w do wywrotu Si\u0142ownik frontowy Edbro serii CS to innowacyjne rozwi\u0105zanie, kt\u00f3re na nowo definiuje efektywno\u015b\u0107 i trwa\u0142o\u015b\u0107. Stworzone z my\u015bl\u0105 o najci\u0119\u017cszych warunkach pracy, si\u0142owniki CS gwarantuj\u0105 niezr\u00f3wnan\u0105 wydajno\u015b\u0107, dzi\u0119ki kt\u00f3rej zwi\u0119kszysz \u0142adowno\u015b\u0107, zyski operacyjne i [&hellip;]<\/p>\n","protected":false},"featured_media":4139,"comment_status":"open","ping_status":"closed","template":"","meta":{"_acf_changed":false,"rank_math_lock_modified_date":false},"product_cat":[304,237],"product_tag":[],"class_list":{"0":"post-4239","1":"product","2":"type-product","3":"status-publish","4":"has-post-thumbnail","6":"product_cat-dolne-mocowanie-z-kielichem","7":"product_cat-silowniki-czolowe","9":"first","10":"instock","11":"sold-individually","12":"taxable","13":"shipping-taxable","14":"purchasable","15":"product-type-simple","16":"add-to-wishlist-after_add_to_cart"},"acf":[],"_links":{"self":[{"href":"https:\/\/trucksconcept.com\/de\/wp-json\/wp\/v2\/product\/4239","targetHints":{"allow":["GET"]}}],"collection":[{"href":"https:\/\/trucksconcept.com\/de\/wp-json\/wp\/v2\/product"}],"about":[{"href":"https:\/\/trucksconcept.com\/de\/wp-json\/wp\/v2\/types\/product"}],"replies":[{"embeddable":true,"href":"https:\/\/trucksconcept.com\/de\/wp-json\/wp\/v2\/comments?post=4239"}],"wp:featuredmedia":[{"embeddable":true,"href":"https:\/\/trucksconcept.com\/de\/wp-json\/wp\/v2\/media\/4139"}],"wp:attachment":[{"href":"https:\/\/trucksconcept.com\/de\/wp-json\/wp\/v2\/media?parent=4239"}],"wp:term":[{"taxonomy":"product_cat","embeddable":true,"href":"https:\/\/trucksconcept.com\/de\/wp-json\/wp\/v2\/product_cat?post=4239"},{"taxonomy":"product_tag","embeddable":true,"href":"https:\/\/trucksconcept.com\/de\/wp-json\/wp\/v2\/product_tag?post=4239"}],"curies":[{"name":"wp","href":"https:\/\/api.w.org\/{rel}","templated":true}]}}