{"id":4670,"date":"2025-01-02T09:21:52","date_gmt":"2025-01-02T08:21:52","guid":{"rendered":"https:\/\/trucksconcept.com\/?post_type=product&#038;p=4670"},"modified":"2025-01-02T09:43:40","modified_gmt":"2025-01-02T08:43:40","slug":"kompletter-satz-scania-kipphydraulik","status":"publish","type":"product","link":"https:\/\/trucksconcept.com\/de\/product\/kompletter-satz-scania-kipphydraulik\/","title":{"rendered":"Kompletter Hydrauliksatz f\u00fcr das Kippen von SCANIA"},"content":{"rendered":"<h2><strong>Kompletter Hydrauliksatz f\u00fcr das Kippen von SCANIA- Leistung auf h\u00f6chstem Niveau<\/strong><\/h2>\n<p>Suchen Sie eine zuverl\u00e4ssige L\u00f6sung, um die Effizienz Ihres Transports zu steigern? Unser Kipphydraulik-Kit f\u00fcr SCANIA-Fahrzeuge f\u00fcr jedes Getriebe (w\u00e4hlen Sie Ihr Getriebe) ist eine Garantie f\u00fcr Qualit\u00e4t und Zuverl\u00e4ssigkeit. Ausgestattet mit Komponenten der renommierten italienischen Marke OMFB, erf\u00fcllt er die h\u00f6chsten Standards der Branche.<\/p>\n<h4><strong>Warum unser Kipphydraulik-Bausatz?<\/strong><\/h4>\n<ul>\n<li><strong>Bew\u00e4hrte OMFB-Komponenten<\/strong><br \/>\nDer italienische Hersteller OMFB ist ein Synonym f\u00fcr Qualit\u00e4t und Erfahrung. Die Komponenten der Marke werden von den gr\u00f6\u00dften Unternehmen der Welt wie HYVA und Binotto verwendet.<\/li>\n<li><strong>Perfekte Passform f\u00fcr Ihr Fahrzeug<\/strong><br \/>\nDas Kit wurde speziell f\u00fcr SCANIA-Fahrzeuge entwickelt und garantiert einen einfachen Einbau und volle Kompatibilit\u00e4t.<\/li>\n<li><strong>Eine Komplettl\u00f6sung<\/strong><br \/>\nDer Bausatz enth\u00e4lt alle erforderlichen Komponenten:<\/p>\n<ul>\n<li>PTO (OMFB-Zapfwelle)<\/li>\n<li>OMFB-Zahnradpumpe (82 l\/min)<\/li>\n<li>Aluminium-Hydraulik\u00f6ltank (150 l)<\/li>\n<li>Hydraulisches Ventil OMFB (150 l\/min)<\/li>\n<li>Schnellkupplungen, Hochdruckschl\u00e4uche und Saugschlauch<\/li>\n<li>Kabinensteuerung OMFB<\/li>\n<li>Adapter, Dichtungen und Montagezubeh\u00f6r<\/li>\n<\/ul>\n<\/li>\n<\/ul>\n<h4><strong>Warum TrucksConcept w\u00e4hlen?<\/strong><\/h4>\n<ul>\n<li><strong>Versand oder Installation vor Ort<\/strong><br \/>\nWir bieten die M\u00f6glichkeit des Versands des Bausatzes oder der professionellen Installation vor Ort durch unsere Spezialisten.<\/li>\n<li><strong>Flexible Passform<\/strong><br \/>\nBen\u00f6tigen Sie eine Kolbenpumpe, einen Schwalltopf oder andere Komponenten? Wir schneidern einen Bausatz auf Ihre Bed\u00fcrfnisse zu.<\/li>\n<li><strong>Fachkundige Unterst\u00fctzung<\/strong><br \/>\nUnser Beraterteam hilft Ihnen bei der Auswahl der besten L\u00f6sung und bietet Ihnen in jeder Phase der Umsetzung umfassende Unterst\u00fctzung.<\/li>\n<li><strong>Breite Palette von Hydrauliksystemen<\/strong><br \/>\nZus\u00e4tzlich zu den Kippvorrichtungen bieten wir Systeme f\u00fcr den beweglichen Boden, Kraftstoff- und Gasentladung sowie Universalvorrichtungen f\u00fcr die meisten Traktoren an.<\/li>\n<\/ul>\n<h4><strong>Bestellen Sie noch heute!<\/strong><\/h4>\n<p>Warten Sie nicht l\u00e4nger - investieren Sie in einen Kipphydraulik-Bausatz und steigern Sie die Effizienz Ihrer Transportvorg\u00e4nge. Wenden Sie sich an unser Beratungsteam, um weitere Informationen zu erhalten oder einen einsatzbereiten Bausatz zu bestellen. Setzen Sie auf Qualit\u00e4t, Zuverl\u00e4ssigkeit und Effizienz mit TrucksConcept!<\/p>\n<div id=\"v1v1forwardbody1\">\n<div id=\"v1v1v1forwardbody1\">\n<div id=\"v1v1v1v1forwardbody1\">\n<div class=\"elementor-element elementor-element-3011f1e elementor-widget elementor-widget-text-editor\" data-id=\"3011f1e\" data-element_type=\"widget\" data-widget_type=\"text-editor.default\">\n<div class=\"elementor-widget-container\">\n<div class=\"elementor-element elementor-element-1fc6274 elementor-widget elementor-widget-text-editor\" data-id=\"1fc6274\" data-element_type=\"widget\" data-widget_type=\"text-editor.default\">\n<div class=\"elementor-widget-container\">\n<div class=\"elementor-element elementor-element-66f6d7d elementor-widget elementor-widget-text-editor\" data-id=\"66f6d7d\" data-element_type=\"widget\" data-widget_type=\"text-editor.default\">\n<h3><span style=\"color: #000000;\">TRUCKS CONCEPT - OFFIZIELLER OMFB-H\u00c4NDLER IN POLEN<\/span><\/h3>\n<div class=\"elementor-element elementor-element-3011f1e elementor-widget elementor-widget-text-editor\" data-id=\"3011f1e\" data-element_type=\"widget\" data-widget_type=\"text-editor.default\">\n<div class=\"elementor-widget-container\">\n<p><span style=\"color: #000000;\">Trucks Concept ist ein Vertriebsh\u00e4ndler der italienischen Marke <strong>OMFB<\/strong>, die \u00fcber eine langj\u00e4hrige Erfahrung in der Herstellung von Hydraulikkomponenten verf\u00fcgt. Alle Schl\u00fcsselkomponenten werden in Fabriken hergestellt\u00a0<strong>OMFB<\/strong>, was die Zuverl\u00e4ssigkeit und h\u00f6chste Qualit\u00e4t der angebotenen L\u00f6sungen gew\u00e4hrleistet.<\/span><\/p>\n<p><span style=\"color: #000000;\"><strong>OMFB<\/strong>\u00a0liefert seine Produkte seit vielen Jahren an renommierte Unternehmen der gr\u00f6\u00dften Lkw-Industrie, was f\u00fcr die unvergleichliche Qualit\u00e4t der Komponenten der Marke spricht. Das Unternehmen bietet eine breite Palette von Produkten an, darunter auch komplette Hydrauliksysteme, die alle erforderlichen Komponenten umfassen:\u00a0<strong>PTO<\/strong>\u00a0(Anbauger\u00e4t), Zahnradpumpen, \u00d6ltanks, Hydraulikventile, Schnellkupplungen, Schl\u00e4uche, Saugschl\u00e4uche, Kabinensteuerungen, Adapter, Dichtungen und Montagezubeh\u00f6r. Dies ist eine Komplettl\u00f6sung, die alles enth\u00e4lt, was Sie f\u00fcr reibungslose und zuverl\u00e4ssige Hydrauliksysteme ben\u00f6tigen.<\/span><br \/>\n<span style=\"color: #000000;\">Bei der Installation k\u00f6nnen die Kunden auf eine fachkundige Beratung und die M\u00f6glichkeit z\u00e4hlen, die Installation an unsere erfahrenen Spezialisten auszulagern, um sicherzustellen, dass die Hydrauliksysteme schnell und effizient in die Fahrzeuge eingebaut werden.<\/span><\/p>\n<div class=\"elementor-element elementor-element-17bda31 heading-title elementor-widget elementor-widget-heading animated fadeIn\" data-id=\"17bda31\" data-element_type=\"widget\" data-settings=\"{&quot;_animation&quot;:&quot;fadeIn&quot;}\" data-widget_type=\"heading.default\">\n<div class=\"elementor-widget-container\">\n<h3 class=\"elementor-heading-title elementor-size-default\"><span style=\"color: #000000;\">OMFB - EINE GESCHICHTE VON INNOVATION UND QUALIT\u00c4T<\/span><\/h3>\n<\/div>\n<\/div>\n<div class=\"elementor-element elementor-element-1fc6274 elementor-widget elementor-widget-text-editor\" data-id=\"1fc6274\" data-element_type=\"widget\" data-widget_type=\"text-editor.default\">\n<div class=\"elementor-widget-container\">\n<p><span style=\"color: #000000;\">Marke\u00a0<strong>OMFB<\/strong>\u00a0wurde 1950 gegr\u00fcndet, als die drei Br\u00fcder Umberto, Nicola und Alessandro Bianchi eine kleine mechanische Werkstatt er\u00f6ffneten und eine Marke schufen, die sich schnell auf dem Markt durchsetzte. Seitdem ist das Unternehmen kontinuierlich gewachsen und hat seine Produktpalette, die Hydraulikpumpen, Teleskopzylinder und Steuersysteme f\u00fcr Lkw und Baumaschinen umfasst, innovativ erweitert.<\/span><\/p>\n<p><span style=\"color: #000000;\">Im Laufe der Jahre\u00a0<strong>OMFB<\/strong>\u00a0hat sich das Vertrauen von Kunden auf der ganzen Welt erworben, und seine Komponenten werden heute in den h\u00e4rtesten Umgebungen eingesetzt, in denen Zuverl\u00e4ssigkeit und Leistung eine Priorit\u00e4t sind. Das Unternehmen hat bei einer Reihe von Technologien Pionierarbeit geleistet und u. a. elektronische Steuerungssysteme und innovative L\u00f6sungen f\u00fcr Kippfahrzeuge auf den Markt gebracht.<\/span><\/p>\n<p><span style=\"color: #000000;\"><strong>Lkw-Konzept<\/strong>\u00a0als Vertragsh\u00e4ndler\u00a0<strong>OMFB<\/strong>\u00a0in Polen bietet umfassende technische Unterst\u00fctzung und einen breiten Zugang zu den Produkten dieser renommierten Marke, die Zuverl\u00e4ssigkeit und Leistung unter allen Bedingungen garantieren.<\/span><\/p>\n<div class=\"elementor-element elementor-element-4e399f1 heading-title elementor-widget elementor-widget-heading animated fadeIn\" data-id=\"4e399f1\" data-element_type=\"widget\" data-settings=\"{&quot;_animation&quot;:&quot;fadeIn&quot;}\" data-widget_type=\"heading.default\">\n<div class=\"elementor-widget-container\">\n<h3 class=\"elementor-heading-title elementor-size-default\"><span style=\"color: #000000;\">WIR KONZENTRIEREN UNS AUF PRODUKTE VON H\u00d6CHSTER QUALIT\u00c4T<\/span><\/h3>\n<\/div>\n<\/div>\n<div class=\"elementor-element elementor-element-66f6d7d elementor-widget elementor-widget-text-editor\" data-id=\"66f6d7d\" data-element_type=\"widget\" data-widget_type=\"text-editor.default\">\n<div class=\"elementor-widget-container\">\n<p><span style=\"color: #000000;\">W\u00a0<strong>Lkw-Konzept<\/strong>\u00a0konzentrieren wir uns auf die h\u00f6chste Qualit\u00e4t unserer Produkte und die volle Zufriedenheit unserer Kunden. Als offizieller Vertriebspartner f\u00fchrender Marken wie\u00a0<strong>Edbro<\/strong>\u00a0i\u00a0<strong>OMFB<\/strong>, bieten wir nur erprobte und zuverl\u00e4ssige L\u00f6sungen f\u00fcr die Lkw-Industrie an. Jedes Produkt, das unsere Kunden erreicht, wird strengen Qualit\u00e4tstests unterzogen, um seine Haltbarkeit und Wirksamkeit zu gew\u00e4hrleisten.<\/span><\/p>\n<p><span style=\"color: #000000;\">Unser umfassendes Angebot umfasst nicht nur den Verkauf von Produkten, sondern auch den kompletten Service, die Installation und die Beratung. Dank innovativer L\u00f6sungen, wie z. B. einer modernen E-Commerce-Plattform, die in die E-Service-Plattform integriert ist, erm\u00f6glichen wir unseren Kunden die vollst\u00e4ndige Verwaltung ihrer Produkthistorie und gew\u00e4hrleisten so einen einfachen Zugang zu Dienstleistungen und Transparenz in der Zusammenarbeit. Unsere Priorit\u00e4t ist nicht nur die Bereitstellung von Produkten h\u00f6chster Qualit\u00e4t, sondern auch der Aufbau langfristiger Beziehungen, die auf dem Vertrauen und der Zufriedenheit unserer Kunden basieren.<\/span><\/p>\n<\/div>\n<\/div>\n<\/div>\n<\/div>\n<\/div>\n<\/div>\n<\/div>\n<\/div>\n<\/div>\n<\/div>\n<\/div>\n<\/div>\n<\/div>\n<\/div>","protected":false},"excerpt":{"rendered":"<p>Kompletny zestaw hydrauliki do wywrotu SCANIA\u2013 Wydajno\u015b\u0107 na najwy\u017cszym poziomie Szukasz niezawodnego rozwi\u0105zania, kt\u00f3re podniesie efektywno\u015b\u0107 Twojego transportu? Nasz zestaw hydrauliki do wywrotu, przeznaczony dla samochod\u00f3w SCANIA do ka\u017cdej skrzyni bieg\u00f3w(nale\u017cy wybra\u0107 skrzyni\u0119 bieg\u00f3w), to gwarancja jako\u015bci i niezawodno\u015bci. Wyposa\u017cony w komponenty renomowanej w\u0142oskiej marki OMFB, spe\u0142nia najwy\u017csze standardy w bran\u017cy. Dlaczego nasz zestaw hydrauliki [&hellip;]<\/p>\n","protected":false},"featured_media":4569,"comment_status":"open","ping_status":"closed","template":"","meta":{"_acf_changed":false,"rank_math_lock_modified_date":false},"product_cat":[248,360],"product_tag":[],"class_list":{"0":"post-4670","1":"product","2":"type-product","3":"status-publish","4":"has-post-thumbnail","6":"product_cat-zestawy-hydrauliczne","7":"product_cat-scania-zestawy-hydrauliczne","9":"first","10":"instock","11":"featured","12":"taxable","13":"shipping-taxable","14":"purchasable","15":"product-type-variable","16":"add-to-wishlist-after_add_to_cart"},"acf":[],"_links":{"self":[{"href":"https:\/\/trucksconcept.com\/de\/wp-json\/wp\/v2\/product\/4670","targetHints":{"allow":["GET"]}}],"collection":[{"href":"https:\/\/trucksconcept.com\/de\/wp-json\/wp\/v2\/product"}],"about":[{"href":"https:\/\/trucksconcept.com\/de\/wp-json\/wp\/v2\/types\/product"}],"replies":[{"embeddable":true,"href":"https:\/\/trucksconcept.com\/de\/wp-json\/wp\/v2\/comments?post=4670"}],"wp:featuredmedia":[{"embeddable":true,"href":"https:\/\/trucksconcept.com\/de\/wp-json\/wp\/v2\/media\/4569"}],"wp:attachment":[{"href":"https:\/\/trucksconcept.com\/de\/wp-json\/wp\/v2\/media?parent=4670"}],"wp:term":[{"taxonomy":"product_cat","embeddable":true,"href":"https:\/\/trucksconcept.com\/de\/wp-json\/wp\/v2\/product_cat?post=4670"},{"taxonomy":"product_tag","embeddable":true,"href":"https:\/\/trucksconcept.com\/de\/wp-json\/wp\/v2\/product_tag?post=4670"}],"curies":[{"name":"wp","href":"https:\/\/api.w.org\/{rel}","templated":true}]}}