{"id":4703,"date":"2025-01-03T10:58:20","date_gmt":"2025-01-03T09:58:20","guid":{"rendered":"https:\/\/trucksconcept.com\/?post_type=product&#038;p=4703"},"modified":"2025-06-23T00:06:51","modified_gmt":"2025-06-22T22:06:51","slug":"przystawka-odbioru-mocy-omfb-kostka-11-iso-1000-nm","status":"publish","type":"product","link":"https:\/\/trucksconcept.com\/de\/product\/przystawka-odbioru-mocy-omfb-kostka-11-iso-1000-nm\/","title":{"rendered":"Zapfwelle OMFB KOSTKA 1:1 ISO 1000 Nm"},"content":{"rendered":"<h2>Zapfwelle OMFB KOSTKA 1:1 ISO 1000 Nm<\/h2>\n<h2><strong>Moderne Power Pickup Attachments (PTOs) von OMFB - pr\u00e4zise L\u00f6sungen f\u00fcr Ihre Bed\u00fcrfnisse<\/strong><\/h2>\n<p>Die Power Pickup Attachments (PTOs) von OMFB sind innovative Ger\u00e4te, die eine Schl\u00fcsselkomponente hydraulischer und mechanischer Systeme sind und eine effiziente Kraft\u00fcbertragung vom Getriebe auf externe Ger\u00e4te wie Hydraulikpumpen oder Gelenkwellen erm\u00f6glichen. Dank ihres Pr\u00e4zisionsdesigns garantieren die PTOs von OMFB maximale Leistung und Zuverl\u00e4ssigkeit, unabh\u00e4ngig von der Anwendung.<\/p>\n<p>Unsere L\u00f6sungen sind f\u00fcr eine breite Palette von Anwendungen konzipiert, darunter Kippsysteme, Kranhandling, Hakenger\u00e4te oder Kompressoren. Jeder OMFB-Zapfwellenanbau ist ein spezielles Bauteil, das perfekt an den jeweiligen Getriebetyp angepasst ist und eine perfekte Passform und Haltbarkeit in jeder Konfiguration gew\u00e4hrleistet.<\/p>\n<p>Dank fortschrittlicher Technologie und pr\u00e4ziser Konstruktion erm\u00f6glichen die PTO-Anbauger\u00e4te von OMFB:<\/p>\n<ul>\n<li><strong>Effiziente Versorgung mit hydraulischer Ausr\u00fcstung<\/strong>: Durch die Minimierung von Leistungsverlusten gew\u00e4hrleisten wir eine maximale Effizienz.<\/li>\n<li><strong>Pr\u00e4zise Geschwindigkeits\u00fcbertragung<\/strong>Wir garantieren eine stabile Arbeit in einem anspruchsvollen Umfeld.<\/li>\n<li><strong>Universeller Einsatz<\/strong>Unsere Produkte sind mit einer breiten Palette von Fahrzeugen und Anwendungen kompatibel, von leichten hydraulischen Arbeiten bis hin zu schweren industriellen Anwendungen.<\/li>\n<\/ul>\n<h2><strong style=\"font-size: 16px;\">Spezielle Montages\u00e4tze und Adaptersch\u00e4fte<\/strong><\/h2>\n<p>F\u00fcr jeden Getriebetyp bieten wir komplette Montages\u00e4tze und Wellen (Adapter) an, um eine optimale Anbindung des Anbauger\u00e4ts an den Antriebsstrang des Fahrzeugs zu gew\u00e4hrleisten. Alle Komponenten werden sorgf\u00e4ltig f\u00fcr den jeweiligen Getriebetyp und die Anwendung ausgew\u00e4hlt, so dass unsere L\u00f6sungen vollst\u00e4ndig kompatibel und effektiv im Betrieb sind.<\/p>\n<p>Dank dieses Ansatzes werden unsere Anbauger\u00e4te in einer Vielzahl von Anwendungen eingesetzt, wie z. B.:<\/p>\n<ul>\n<li><strong>Hydraulische Systeme f\u00fcr Kipper<\/strong>: Pr\u00e4zise Steuerung und schnelle Wirkung.<\/li>\n<li><strong>Kr\u00e4ne<\/strong>: Stabilit\u00e4t und Kraft zur Unterst\u00fctzung anspruchsvoller Hebevorg\u00e4nge.<\/li>\n<li><strong>Hooklifts<\/strong>: Langlebigkeit und Zuverl\u00e4ssigkeit bei der Handhabung schwerer Lasten.<\/li>\n<li><strong>Kompressoren<\/strong>: Eine zuverl\u00e4ssige Stromversorgung f\u00fcr pneumatische Systeme.<\/li>\n<\/ul>\n<h3><strong>Spezialisierte L\u00f6sungen f\u00fcr einzigartige Bed\u00fcrfnisse<\/strong><\/h3>\n<p>Jeder OMFB-Zapfwellenanbau wird als individuelle L\u00f6sung konzipiert. Wir ber\u00fccksichtigen die Besonderheiten des Fahrzeugs, den Getriebetyp und die Anforderungen der Anwendung, was zu einer maximalen Systemleistung und Lebensdauer f\u00fchrt. Dank unserer breiten Produktpalette sind wir in der Lage, Produkte zu liefern, die mit den meisten LKW-Marken kompatibel sind, darunter Volvo, Renault, Scania, Mercedes, Iveco, DAF, Ford, MAN und viele andere.<\/p>\n<h3><strong>Warum OMFB w\u00e4hlen?<\/strong><\/h3>\n<ul>\n<li><strong>Pr\u00e4zision und Zuverl\u00e4ssigkeit<\/strong>: Produkte, die den h\u00e4rtesten Arbeitsbedingungen angepasst sind.<\/li>\n<li><strong>Individueller Ansatz<\/strong>: Ma\u00dfgeschneiderte L\u00f6sungen f\u00fcr Ihre Bed\u00fcrfnisse.<\/li>\n<li><strong>Umfassendes Angebot<\/strong>: Enth\u00e4lt Zapfwellenanbauger\u00e4te, Montages\u00e4tze, Adapter und technische Unterst\u00fctzung.<\/li>\n<li><strong>Globale Pr\u00e4senz<\/strong>Wir liefern unsere Produkte in alle Kontinente und arbeiten mit den wichtigsten Lkw-Herstellern zusammen.<\/li>\n<\/ul>\n<h3><strong>Wir freuen uns auf die Zusammenarbeit mit Ihnen<\/strong><\/h3>\n<p>OMFB ist nicht nur der gr\u00f6\u00dfte und zuverl\u00e4ssigste Hersteller von Nebenantrieben in Europa, sondern auch Ihr Partner f\u00fcr zuverl\u00e4ssige Hydraulikl\u00f6sungen. Kontaktieren Sie uns f\u00fcr weitere Informationen \u00fcber unsere Spezialprodukte und finden Sie gemeinsam mit uns die optimale L\u00f6sung f\u00fcr Ihr Fahrzeug.<\/p>\n<div id=\"v1v1forwardbody1\">\n<div id=\"v1v1v1forwardbody1\">\n<div id=\"v1v1v1v1forwardbody1\">\n<div class=\"elementor-element elementor-element-3011f1e elementor-widget elementor-widget-text-editor\" data-id=\"3011f1e\" data-element_type=\"widget\" data-widget_type=\"text-editor.default\">\n<div class=\"elementor-widget-container\">\n<div class=\"elementor-element elementor-element-1fc6274 elementor-widget elementor-widget-text-editor\" data-id=\"1fc6274\" data-element_type=\"widget\" data-widget_type=\"text-editor.default\">\n<div class=\"elementor-widget-container\">\n<div class=\"elementor-element elementor-element-66f6d7d elementor-widget elementor-widget-text-editor\" data-id=\"66f6d7d\" data-element_type=\"widget\" data-widget_type=\"text-editor.default\">\n<h3><span style=\"color: #000000;\">TRUCKS CONCEPT - OFFIZIELLER OMFB-H\u00c4NDLER IN POLEN<\/span><\/h3>\n<div class=\"elementor-element elementor-element-3011f1e elementor-widget elementor-widget-text-editor\" data-id=\"3011f1e\" data-element_type=\"widget\" data-widget_type=\"text-editor.default\">\n<div class=\"elementor-widget-container\">\n<p><span style=\"color: #000000;\">Trucks Concept ist ein Vertriebsh\u00e4ndler der italienischen Marke <strong>OMFB<\/strong>, die \u00fcber eine langj\u00e4hrige Erfahrung in der Herstellung von Hydraulikkomponenten verf\u00fcgt. Alle Schl\u00fcsselkomponenten werden in Fabriken hergestellt\u00a0<strong>OMFB<\/strong>, was die Zuverl\u00e4ssigkeit und h\u00f6chste Qualit\u00e4t der angebotenen L\u00f6sungen gew\u00e4hrleistet.<\/span><\/p>\n<p><span style=\"color: #000000;\"><strong>OMFB<\/strong>\u00a0liefert seine Produkte seit vielen Jahren an renommierte Unternehmen der gr\u00f6\u00dften Lkw-Industrie, was f\u00fcr die unvergleichliche Qualit\u00e4t der Komponenten der Marke spricht. Das Unternehmen bietet eine breite Palette von Produkten an, darunter auch komplette Hydrauliksysteme, die alle erforderlichen Komponenten umfassen:\u00a0<strong>PTO<\/strong>\u00a0(Anbauger\u00e4t), Zahnradpumpen, \u00d6ltanks, Hydraulikventile, Schnellkupplungen, Schl\u00e4uche, Saugschl\u00e4uche, Kabinensteuerungen, Adapter, Dichtungen und Montagezubeh\u00f6r. Dies ist eine Komplettl\u00f6sung, die alles enth\u00e4lt, was Sie f\u00fcr reibungslose und zuverl\u00e4ssige Hydrauliksysteme ben\u00f6tigen.<\/span><br \/>\n<span style=\"color: #000000;\">Bei der Installation k\u00f6nnen die Kunden auf eine fachkundige Beratung und die M\u00f6glichkeit z\u00e4hlen, die Installation an unsere erfahrenen Spezialisten auszulagern, um sicherzustellen, dass die Hydrauliksysteme schnell und effizient in die Fahrzeuge eingebaut werden.<\/span><\/p>\n<div class=\"elementor-element elementor-element-17bda31 heading-title elementor-widget elementor-widget-heading animated fadeIn\" data-id=\"17bda31\" data-element_type=\"widget\" data-settings=\"{&quot;_animation&quot;:&quot;fadeIn&quot;}\" data-widget_type=\"heading.default\">\n<div class=\"elementor-widget-container\">\n<h3 class=\"elementor-heading-title elementor-size-default\"><span style=\"color: #000000;\">OMFB - EINE GESCHICHTE VON INNOVATION UND QUALIT\u00c4T<\/span><\/h3>\n<\/div>\n<\/div>\n<div class=\"elementor-element elementor-element-1fc6274 elementor-widget elementor-widget-text-editor\" data-id=\"1fc6274\" data-element_type=\"widget\" data-widget_type=\"text-editor.default\">\n<div class=\"elementor-widget-container\">\n<p><span style=\"color: #000000;\">Marke\u00a0<strong>OMFB<\/strong>\u00a0wurde 1950 gegr\u00fcndet, als die drei Br\u00fcder Umberto, Nicola und Alessandro Bianchi eine kleine mechanische Werkstatt er\u00f6ffneten und eine Marke schufen, die sich schnell auf dem Markt durchsetzte. Seitdem ist das Unternehmen kontinuierlich gewachsen und hat seine Produktpalette, die Hydraulikpumpen, Teleskopzylinder und Steuersysteme f\u00fcr Lkw und Baumaschinen umfasst, innovativ erweitert.<\/span><\/p>\n<p><span style=\"color: #000000;\">Im Laufe der Jahre\u00a0<strong>OMFB<\/strong>\u00a0hat sich das Vertrauen von Kunden auf der ganzen Welt erworben, und seine Komponenten werden heute in den h\u00e4rtesten Umgebungen eingesetzt, in denen Zuverl\u00e4ssigkeit und Leistung eine Priorit\u00e4t sind. Das Unternehmen hat bei einer Reihe von Technologien Pionierarbeit geleistet und u. a. elektronische Steuerungssysteme und innovative L\u00f6sungen f\u00fcr Kippfahrzeuge auf den Markt gebracht.<\/span><\/p>\n<p><span style=\"color: #000000;\"><strong>Lkw-Konzept<\/strong>\u00a0als Vertragsh\u00e4ndler\u00a0<strong>OMFB<\/strong>\u00a0in Polen bietet umfassende technische Unterst\u00fctzung und einen breiten Zugang zu den Produkten dieser renommierten Marke, die Zuverl\u00e4ssigkeit und Leistung unter allen Bedingungen garantieren.<\/span><\/p>\n<div class=\"elementor-element elementor-element-4e399f1 heading-title elementor-widget elementor-widget-heading animated fadeIn\" data-id=\"4e399f1\" data-element_type=\"widget\" data-settings=\"{&quot;_animation&quot;:&quot;fadeIn&quot;}\" data-widget_type=\"heading.default\">\n<div class=\"elementor-widget-container\">\n<h3 class=\"elementor-heading-title elementor-size-default\"><span style=\"color: #000000;\">WIR KONZENTRIEREN UNS AUF PRODUKTE VON H\u00d6CHSTER QUALIT\u00c4T<\/span><\/h3>\n<\/div>\n<\/div>\n<div class=\"elementor-element elementor-element-66f6d7d elementor-widget elementor-widget-text-editor\" data-id=\"66f6d7d\" data-element_type=\"widget\" data-widget_type=\"text-editor.default\">\n<div class=\"elementor-widget-container\">\n<p><span style=\"color: #000000;\">W\u00a0<strong>Lkw-Konzept<\/strong>\u00a0konzentrieren wir uns auf die h\u00f6chste Qualit\u00e4t unserer Produkte und die volle Zufriedenheit unserer Kunden. Als offizieller Vertriebspartner f\u00fchrender Marken wie\u00a0<strong>Edbro<\/strong>\u00a0i\u00a0<strong>OMFB<\/strong>, bieten wir nur erprobte und zuverl\u00e4ssige L\u00f6sungen f\u00fcr die Lkw-Industrie an. Jedes Produkt, das unsere Kunden erreicht, wird strengen Qualit\u00e4tstests unterzogen, um seine Haltbarkeit und Wirksamkeit zu gew\u00e4hrleisten.<\/span><\/p>\n<p><span style=\"color: #000000;\">Unser umfassendes Angebot umfasst nicht nur den Verkauf von Produkten, sondern auch den kompletten Service, die Installation und die Beratung. Dank innovativer L\u00f6sungen, wie z. B. einer modernen E-Commerce-Plattform, die in die E-Service-Plattform integriert ist, erm\u00f6glichen wir unseren Kunden die vollst\u00e4ndige Verwaltung ihrer Produkthistorie und gew\u00e4hrleisten so einen einfachen Zugang zu Dienstleistungen und Transparenz in der Zusammenarbeit. Unsere Priorit\u00e4t ist nicht nur die Bereitstellung von Produkten h\u00f6chster Qualit\u00e4t, sondern auch der Aufbau langfristiger Beziehungen, die auf dem Vertrauen und der Zufriedenheit unserer Kunden basieren.<\/span><\/p>\n<\/div>\n<\/div>\n<\/div>\n<\/div>\n<\/div>\n<\/div>\n<\/div>\n<\/div>\n<\/div>\n<\/div>\n<\/div>\n<\/div>\n<\/div>\n<\/div>","protected":false},"excerpt":{"rendered":"<p>Przystawka odbioru mocy OMFB KOSTKA 1:1 ISO 1000 Nm Zaawansowane Przystawki Odbioru Mocy (PTO) marki OMFB \u2013 precyzyjne rozwi\u0105zania do Twoich potrzeb Przystawki Odbioru Mocy (PTO) marki OMFB to innowacyjne urz\u0105dzenia, kt\u00f3re stanowi\u0105 kluczowy element system\u00f3w hydraulicznych i mechanicznych, umo\u017cliwiaj\u0105c efektywne przenoszenie mocy ze skrzyni bieg\u00f3w na zewn\u0119trzne urz\u0105dzenia, takie jak pompy hydrauliczne czy wa\u0142y [&hellip;]<\/p>\n","protected":false},"featured_media":5583,"comment_status":"open","ping_status":"closed","template":"","meta":{"_acf_changed":false,"rank_math_lock_modified_date":false},"product_cat":[248,297,295,293,294,299,236,296,291,360,292],"product_tag":[],"class_list":{"0":"post-4703","1":"product","2":"type-product","3":"status-publish","4":"has-post-thumbnail","6":"product_cat-zestawy-hydrauliczne","7":"product_cat-daf","8":"product_cat-iveco","9":"product_cat-man","10":"product_cat-mercedes","11":"product_cat-przystawki-odbioru-mocy","12":"product_cat-przystawki-odbioru-mocy-walki-adaptery","13":"product_cat-renault","14":"product_cat-scania","15":"product_cat-scania-zestawy-hydrauliczne","16":"product_cat-volvo","18":"first","19":"instock","20":"featured","21":"taxable","22":"shipping-taxable","23":"purchasable","24":"product-type-simple","25":"add-to-wishlist-after_add_to_cart"},"acf":[],"_links":{"self":[{"href":"https:\/\/trucksconcept.com\/de\/wp-json\/wp\/v2\/product\/4703","targetHints":{"allow":["GET"]}}],"collection":[{"href":"https:\/\/trucksconcept.com\/de\/wp-json\/wp\/v2\/product"}],"about":[{"href":"https:\/\/trucksconcept.com\/de\/wp-json\/wp\/v2\/types\/product"}],"replies":[{"embeddable":true,"href":"https:\/\/trucksconcept.com\/de\/wp-json\/wp\/v2\/comments?post=4703"}],"wp:featuredmedia":[{"embeddable":true,"href":"https:\/\/trucksconcept.com\/de\/wp-json\/wp\/v2\/media\/5583"}],"wp:attachment":[{"href":"https:\/\/trucksconcept.com\/de\/wp-json\/wp\/v2\/media?parent=4703"}],"wp:term":[{"taxonomy":"product_cat","embeddable":true,"href":"https:\/\/trucksconcept.com\/de\/wp-json\/wp\/v2\/product_cat?post=4703"},{"taxonomy":"product_tag","embeddable":true,"href":"https:\/\/trucksconcept.com\/de\/wp-json\/wp\/v2\/product_tag?post=4703"}],"curies":[{"name":"wp","href":"https:\/\/api.w.org\/{rel}","templated":true}]}}