{"id":5552,"date":"2025-03-11T22:23:29","date_gmt":"2025-03-11T21:23:29","guid":{"rendered":"https:\/\/trucksconcept.com\/?post_type=product&#038;p=5552"},"modified":"2025-03-11T22:26:54","modified_gmt":"2025-03-11T21:26:54","slug":"pompa-reczna-omfb-pm-70-bez-zbiornika","status":"publish","type":"product","link":"https:\/\/trucksconcept.com\/de\/product\/pompa-reczna-omfb-pm-70-bez-zbiornika\/","title":{"rendered":"Handpumpe OMFB PM 70, ohne Tank"},"content":{"rendered":"<h2><strong><span style=\"color: #000000;\">Pompa r\u0119czna OMFB PM 70<\/span><\/strong><\/h2>\n<p><span style=\"color: #000000;\">Pompy r\u0119czne serii PM bez zbiornika z podw\u00f3jnym efektem dzia\u0142ania (pompa t\u0142oczy olej zar\u00f3wno podczas naciskania, jak i ci\u0105gni\u0119cia d\u017awigni), wyposa\u017cone w zaw\u00f3r zwrotny na wyj\u015bciu ci\u015bnieniowym oraz, w zale\u017cno\u015bci od wersji zaw\u00f3r spustowy do instalacji prostych lub bez zaworu do instalacji awaryjnych.<\/span><\/p>\n<p data-start=\"297\" data-end=\"526\" data-is-last-node=\"\" data-is-only-node=\"\"><span style=\"color: #000000;\">Dost\u0119pne w trzech r\u00f3\u017cnych pojemno\u015bciach, co pozwala na szerokie zastosowanie oraz ogranicza wysi\u0142ek wymagany do obs\u0142ugi d\u017awigni w ka\u017cdej sytuacji. Korpus wykonany jest z \u017celiwa z bia\u0142\u0105 galwanizacj\u0105, a trzpie\u0144 ze stali niklowanej.<\/span><\/p>\n<p><span style=\"color: #000000;\">Pompy r\u0119czne w hydraulice si\u0142owej stosuje si\u0119 wsz\u0119dzie tam, gdzie wymagana jest precyzyjna kontrola ci\u015bnienia lub brak dost\u0119pu do innego zasilania. Wykorzystuje si\u0119 je do awaryjnego sterowania uk\u0142adami hydraulicznymi, podnoszenia ci\u0119\u017ckich \u0142adunk\u00f3w, zaciskania, testowania ci\u015bnienia oraz w uk\u0142adach bezpiecze\u0144stwa. Dzi\u0119ki prostej konstrukcji, niezawodno\u015bci i mobilno\u015bci s\u0105 idealnym rozwi\u0105zaniem w warunkach terenowych, serwisowych oraz w instalacjach wymagaj\u0105cych niezale\u017cnego \u017ar\u00f3d\u0142a ci\u015bnienia hydraulicznego.<\/span><\/p>\n<div class=\"elementor-element elementor-element-2bd2719 heading-title elementor-widget elementor-widget-heading animated fadeIn\" data-id=\"2bd2719\" data-element_type=\"widget\" data-settings=\"{&quot;_animation&quot;:&quot;fadeIn&quot;}\" data-widget_type=\"heading.default\">\n<div class=\"elementor-widget-container\">\n<h3 class=\"elementor-heading-title elementor-size-default\"><span style=\"color: #000000;\">TRUCKS CONCEPT - OFFIZIELLER OMFB-H\u00c4NDLER IN POLEN<\/span><\/h3>\n<\/div>\n<\/div>\n<div class=\"elementor-element elementor-element-3011f1e elementor-widget elementor-widget-text-editor\" data-id=\"3011f1e\" data-element_type=\"widget\" data-widget_type=\"text-editor.default\">\n<div class=\"elementor-widget-container\">\n<p><span style=\"color: #000000;\">Trucks Concept ist ein Vertriebsh\u00e4ndler der italienischen Marke <strong>OMFB<\/strong>, die \u00fcber eine langj\u00e4hrige Erfahrung in der Herstellung von Hydraulikkomponenten verf\u00fcgt. Alle Schl\u00fcsselkomponenten werden in Fabriken hergestellt\u00a0<strong>OMFB<\/strong>, was die Zuverl\u00e4ssigkeit und h\u00f6chste Qualit\u00e4t der angebotenen L\u00f6sungen gew\u00e4hrleistet.<\/span><\/p>\n<p><span style=\"color: #000000;\"><strong>OMFB<\/strong>\u00a0liefert seine Produkte seit vielen Jahren an renommierte Unternehmen der gr\u00f6\u00dften Lkw-Industrie, was f\u00fcr die unvergleichliche Qualit\u00e4t der Komponenten der Marke spricht. Das Unternehmen bietet eine breite Palette von Produkten an, darunter auch komplette Hydrauliksysteme, die alle erforderlichen Komponenten umfassen:\u00a0<strong>PTO<\/strong>\u00a0(Anbauger\u00e4t), Zahnradpumpen, \u00d6ltanks, Hydraulikventile, Schnellkupplungen, Schl\u00e4uche, Saugschl\u00e4uche, Kabinensteuerungen, Adapter, Dichtungen und Montagezubeh\u00f6r. Dies ist eine Komplettl\u00f6sung, die alles enth\u00e4lt, was Sie f\u00fcr reibungslose und zuverl\u00e4ssige Hydrauliksysteme ben\u00f6tigen.<\/span><br \/>\n<span style=\"color: #000000;\">Bei der Installation k\u00f6nnen die Kunden auf eine fachkundige Beratung und die M\u00f6glichkeit z\u00e4hlen, die Installation an unsere erfahrenen Spezialisten auszulagern, um sicherzustellen, dass die Hydrauliksysteme schnell und effizient in die Fahrzeuge eingebaut werden.<\/span><\/p>\n<div class=\"elementor-element elementor-element-17bda31 heading-title elementor-widget elementor-widget-heading animated fadeIn\" data-id=\"17bda31\" data-element_type=\"widget\" data-settings=\"{&quot;_animation&quot;:&quot;fadeIn&quot;}\" data-widget_type=\"heading.default\">\n<div class=\"elementor-widget-container\">\n<h3 class=\"elementor-heading-title elementor-size-default\"><span style=\"color: #000000;\">OMFB - EINE GESCHICHTE VON INNOVATION UND QUALIT\u00c4T<\/span><\/h3>\n<\/div>\n<\/div>\n<div class=\"elementor-element elementor-element-1fc6274 elementor-widget elementor-widget-text-editor\" data-id=\"1fc6274\" data-element_type=\"widget\" data-widget_type=\"text-editor.default\">\n<div class=\"elementor-widget-container\">\n<p><span style=\"color: #000000;\">Marke\u00a0<strong>OMFB<\/strong>\u00a0wurde 1950 gegr\u00fcndet, als die drei Br\u00fcder Umberto, Nicola und Alessandro Bianchi eine kleine mechanische Werkstatt er\u00f6ffneten und eine Marke schufen, die sich schnell auf dem Markt durchsetzte. Seitdem ist das Unternehmen kontinuierlich gewachsen und hat seine Produktpalette, die Hydraulikpumpen, Teleskopzylinder und Steuersysteme f\u00fcr Lkw und Baumaschinen umfasst, innovativ erweitert.<\/span><\/p>\n<p><span style=\"color: #000000;\">Im Laufe der Jahre\u00a0<strong>OMFB<\/strong>\u00a0hat sich das Vertrauen von Kunden auf der ganzen Welt erworben, und seine Komponenten werden heute in den h\u00e4rtesten Umgebungen eingesetzt, in denen Zuverl\u00e4ssigkeit und Leistung eine Priorit\u00e4t sind. Das Unternehmen hat bei einer Reihe von Technologien Pionierarbeit geleistet und u. a. elektronische Steuerungssysteme und innovative L\u00f6sungen f\u00fcr Kippfahrzeuge auf den Markt gebracht.<\/span><\/p>\n<p><span style=\"color: #000000;\"><strong>Lkw-Konzept<\/strong>\u00a0als Vertragsh\u00e4ndler\u00a0<strong>OMFB<\/strong>\u00a0in Polen bietet umfassende technische Unterst\u00fctzung und einen breiten Zugang zu den Produkten dieser renommierten Marke, die Zuverl\u00e4ssigkeit und Leistung unter allen Bedingungen garantieren.<\/span><\/p>\n<div class=\"elementor-element elementor-element-4e399f1 heading-title elementor-widget elementor-widget-heading animated fadeIn\" data-id=\"4e399f1\" data-element_type=\"widget\" data-settings=\"{&quot;_animation&quot;:&quot;fadeIn&quot;}\" data-widget_type=\"heading.default\">\n<div class=\"elementor-widget-container\">\n<h3 class=\"elementor-heading-title elementor-size-default\"><span style=\"color: #000000;\">WIR KONZENTRIEREN UNS AUF PRODUKTE VON H\u00d6CHSTER QUALIT\u00c4T<\/span><\/h3>\n<\/div>\n<\/div>\n<div class=\"elementor-element elementor-element-66f6d7d elementor-widget elementor-widget-text-editor\" data-id=\"66f6d7d\" data-element_type=\"widget\" data-widget_type=\"text-editor.default\">\n<div class=\"elementor-widget-container\">\n<p><span style=\"color: #000000;\">W\u00a0<strong>Lkw-Konzept<\/strong>\u00a0konzentrieren wir uns auf die h\u00f6chste Qualit\u00e4t unserer Produkte und die volle Zufriedenheit unserer Kunden. Als offizieller Vertriebspartner f\u00fchrender Marken wie\u00a0<strong>Edbro<\/strong>\u00a0i\u00a0<strong>OMFB<\/strong>, bieten wir nur erprobte und zuverl\u00e4ssige L\u00f6sungen f\u00fcr die Lkw-Industrie an. Jedes Produkt, das unsere Kunden erreicht, wird strengen Qualit\u00e4tstests unterzogen, um seine Haltbarkeit und Wirksamkeit zu gew\u00e4hrleisten.<\/span><\/p>\n<p><span style=\"color: #000000;\">Unser umfassendes Angebot umfasst nicht nur den Verkauf von Produkten, sondern auch den kompletten Service, die Installation und die Beratung. Dank innovativer L\u00f6sungen, wie z. B. einer modernen E-Commerce-Plattform, die in die E-Service-Plattform integriert ist, erm\u00f6glichen wir unseren Kunden die vollst\u00e4ndige Verwaltung ihrer Produkthistorie und gew\u00e4hrleisten so einen einfachen Zugang zu Dienstleistungen und Transparenz in der Zusammenarbeit. Unsere Priorit\u00e4t ist nicht nur die Bereitstellung von Produkten h\u00f6chster Qualit\u00e4t, sondern auch der Aufbau langfristiger Beziehungen, die auf dem Vertrauen und der Zufriedenheit unserer Kunden basieren.<\/span><\/p>\n<\/div>\n<\/div>\n<\/div>\n<\/div>\n<\/div>\n<\/div>","protected":false},"excerpt":{"rendered":"<p>Pompa r\u0119czna OMFB PM 70 Pompy r\u0119czne serii PM bez zbiornika z podw\u00f3jnym efektem dzia\u0142ania (pompa t\u0142oczy olej zar\u00f3wno podczas naciskania, jak i ci\u0105gni\u0119cia d\u017awigni), wyposa\u017cone w zaw\u00f3r zwrotny na wyj\u015bciu ci\u015bnieniowym oraz, w zale\u017cno\u015bci od wersji zaw\u00f3r spustowy do instalacji prostych lub bez zaworu do instalacji awaryjnych. Dost\u0119pne w trzech r\u00f3\u017cnych pojemno\u015bciach, co pozwala [&hellip;]<\/p>\n","protected":false},"featured_media":5550,"comment_status":"open","ping_status":"closed","template":"","meta":{"_acf_changed":false,"rank_math_lock_modified_date":false},"product_cat":[233,278],"product_tag":[],"class_list":{"0":"post-5552","1":"product","2":"type-product","3":"status-publish","4":"has-post-thumbnail","6":"product_cat-pompy-reczne","7":"product_cat-bez-zbiornika","9":"first","10":"onbackorder","11":"taxable","12":"shipping-taxable","13":"product-type-variable","14":"add-to-wishlist-after_add_to_cart"},"acf":[],"_links":{"self":[{"href":"https:\/\/trucksconcept.com\/de\/wp-json\/wp\/v2\/product\/5552","targetHints":{"allow":["GET"]}}],"collection":[{"href":"https:\/\/trucksconcept.com\/de\/wp-json\/wp\/v2\/product"}],"about":[{"href":"https:\/\/trucksconcept.com\/de\/wp-json\/wp\/v2\/types\/product"}],"replies":[{"embeddable":true,"href":"https:\/\/trucksconcept.com\/de\/wp-json\/wp\/v2\/comments?post=5552"}],"wp:featuredmedia":[{"embeddable":true,"href":"https:\/\/trucksconcept.com\/de\/wp-json\/wp\/v2\/media\/5550"}],"wp:attachment":[{"href":"https:\/\/trucksconcept.com\/de\/wp-json\/wp\/v2\/media?parent=5552"}],"wp:term":[{"taxonomy":"product_cat","embeddable":true,"href":"https:\/\/trucksconcept.com\/de\/wp-json\/wp\/v2\/product_cat?post=5552"},{"taxonomy":"product_tag","embeddable":true,"href":"https:\/\/trucksconcept.com\/de\/wp-json\/wp\/v2\/product_tag?post=5552"}],"curies":[{"name":"wp","href":"https:\/\/api.w.org\/{rel}","templated":true}]}}