{"id":5562,"date":"2025-04-23T11:19:28","date_gmt":"2025-04-23T09:19:28","guid":{"rendered":"https:\/\/trucksconcept.com\/?post_type=product&#038;p=5562"},"modified":"2025-04-23T14:20:51","modified_gmt":"2025-04-23T12:20:51","slug":"adapter-z-flansza-pod-wal-kardana-iso-din-10-do-pto","status":"publish","type":"product","link":"https:\/\/trucksconcept.com\/de\/product\/adapter-z-flansza-pod-wal-kardana-iso-din-10-do-pto\/","title":{"rendered":"Adapter mit Flansch f\u00fcr ISO-DIN 10 Gelenkwelle auf PTO"},"content":{"rendered":"<h2>Adapter mit Flansch f\u00fcr ISO-DIN 10 Gelenkwelle auf PTO<\/h2>\n<p class=\"\" data-start=\"86\" data-end=\"141\"><strong data-start=\"86\" data-end=\"141\">Adaptery z flansz\u0105 do przystawki odbioru mocy (PTO)<\/strong><\/p>\n<p class=\"\" data-start=\"143\" data-end=\"579\">Adaptery z flansz\u0105 do przystawek odbioru mocy (PTO \u2013 Power Take-Off) to kluczowe elementy umo\u017cliwiaj\u0105ce efektywne po\u0142\u0105czenie jednostki nap\u0119dowej, takiej jak silnik lub skrzynia bieg\u00f3w, z r\u00f3\u017cnego rodzaju urz\u0105dzeniami odbiorczymi, np. pompami hydraulicznymi, kompresorami czy generatorami. Flansza w adapterze zapewnia stabilne, szczelne i precyzyjne po\u0142\u0105czenie mechaniczne, co przek\u0142ada si\u0119 na niezawodne przenoszenie momentu obrotowego.<\/p>\n<p class=\"\" data-start=\"581\" data-end=\"609\"><strong data-start=\"581\" data-end=\"609\">Zastosowanie i korzy\u015bci:<\/strong><\/p>\n<ul data-start=\"610\" data-end=\"1168\">\n<li class=\"\" data-start=\"610\" data-end=\"846\">\n<p class=\"\" data-start=\"612\" data-end=\"846\"><strong data-start=\"612\" data-end=\"630\">Uniwersalno\u015b\u0107:<\/strong> Adaptery s\u0105 projektowane z my\u015bl\u0105 o kompatybilno\u015bci z r\u00f3\u017cnymi standardami flansz (np. SAE), co pozwala na szerokie zastosowanie w maszynach rolniczych, budowlanych, pojazdach specjalnych i instalacjach przemys\u0142owych.<\/p>\n<\/li>\n<li class=\"\" data-start=\"847\" data-end=\"1030\">\n<p class=\"\" data-start=\"849\" data-end=\"1030\"><strong data-start=\"849\" data-end=\"879\">Bezpiecze\u0144stwo i trwa\u0142o\u015b\u0107:<\/strong> Dzi\u0119ki solidnej konstrukcji i odpowiednim materia\u0142om (np. stal stopowa, \u017celiwo), adaptery s\u0105 odporne na obci\u0105\u017cenia mechaniczne i warunki \u015brodowiskowe.<\/p>\n<\/li>\n<li class=\"\" data-start=\"1031\" data-end=\"1168\">\n<p class=\"\" data-start=\"1033\" data-end=\"1168\"><strong data-start=\"1033\" data-end=\"1050\">\u0141atwy monta\u017c:<\/strong> Adaptery z flansz\u0105 cz\u0119sto oferuj\u0105 intuicyjny i szybki monta\u017c, co skraca czas instalacji oraz ogranicza ryzyko b\u0142\u0119d\u00f3w.<\/p>\n<\/li>\n<\/ul>\n<p class=\"\" data-start=\"1170\" data-end=\"1426\"><strong data-start=\"1170\" data-end=\"1206\">Dostosowanie do potrzeb klienta:<\/strong> Na rynku dost\u0119pne s\u0105 zar\u00f3wno standardowe modele adapter\u00f3w, jak i wersje dostosowane indywidualnie do konkretnych wymaga\u0144 technicznych \u2013 uwzgl\u0119dniaj\u0105c nietypowe wymiary, rodzaje wa\u0142\u00f3w, momenty obrotowe czy warunki pracy.<\/p>\n<h3><strong>Spezialisierte L\u00f6sungen f\u00fcr einzigartige Bed\u00fcrfnisse<\/strong><\/h3>\n<p>Jeder OMFB-Zapfwellenanbau wird als individuelle L\u00f6sung konzipiert. Wir ber\u00fccksichtigen die Besonderheiten des Fahrzeugs, den Getriebetyp und die Anforderungen der Anwendung, was zu einer maximalen Systemleistung und Lebensdauer f\u00fchrt. Dank unserer breiten Produktpalette sind wir in der Lage, Produkte zu liefern, die mit den meisten LKW-Marken kompatibel sind, darunter Volvo, Renault, Scania, Mercedes, Iveco, DAF, Ford, MAN und viele andere.<\/p>\n<h3><strong>Warum OMFB w\u00e4hlen?<\/strong><\/h3>\n<ul>\n<li><strong>Pr\u00e4zision und Zuverl\u00e4ssigkeit<\/strong>: Produkte, die den h\u00e4rtesten Arbeitsbedingungen angepasst sind.<\/li>\n<li><strong>Individueller Ansatz<\/strong>: Ma\u00dfgeschneiderte L\u00f6sungen f\u00fcr Ihre Bed\u00fcrfnisse.<\/li>\n<li><strong>Umfassendes Angebot<\/strong>: Enth\u00e4lt Zapfwellenanbauger\u00e4te, Montages\u00e4tze, Adapter und technische Unterst\u00fctzung.<\/li>\n<li><strong>Globale Pr\u00e4senz<\/strong>Wir liefern unsere Produkte in alle Kontinente und arbeiten mit den wichtigsten Lkw-Herstellern zusammen.<\/li>\n<\/ul>\n<h3><strong>Wir freuen uns auf die Zusammenarbeit mit Ihnen<\/strong><\/h3>\n<p>OMFB ist nicht nur der gr\u00f6\u00dfte und zuverl\u00e4ssigste Hersteller von Nebenantrieben in Europa, sondern auch Ihr Partner f\u00fcr zuverl\u00e4ssige Hydraulikl\u00f6sungen. Kontaktieren Sie uns f\u00fcr weitere Informationen \u00fcber unsere Spezialprodukte und finden Sie gemeinsam mit uns die optimale L\u00f6sung f\u00fcr Ihr Fahrzeug.<\/p>\n<div id=\"v1v1forwardbody1\">\n<div id=\"v1v1v1forwardbody1\">\n<div id=\"v1v1v1v1forwardbody1\">\n<div class=\"elementor-element elementor-element-3011f1e elementor-widget elementor-widget-text-editor\" data-id=\"3011f1e\" data-element_type=\"widget\" data-widget_type=\"text-editor.default\">\n<div class=\"elementor-widget-container\">\n<div class=\"elementor-element elementor-element-1fc6274 elementor-widget elementor-widget-text-editor\" data-id=\"1fc6274\" data-element_type=\"widget\" data-widget_type=\"text-editor.default\">\n<div class=\"elementor-widget-container\">\n<div class=\"elementor-element elementor-element-66f6d7d elementor-widget elementor-widget-text-editor\" data-id=\"66f6d7d\" data-element_type=\"widget\" data-widget_type=\"text-editor.default\">\n<h3><span style=\"color: #000000;\">TRUCKS CONCEPT - OFFIZIELLER OMFB-H\u00c4NDLER IN POLEN<\/span><\/h3>\n<div class=\"elementor-element elementor-element-3011f1e elementor-widget elementor-widget-text-editor\" data-id=\"3011f1e\" data-element_type=\"widget\" data-widget_type=\"text-editor.default\">\n<div class=\"elementor-widget-container\">\n<p><span style=\"color: #000000;\">Trucks Concept ist ein Vertriebsh\u00e4ndler der italienischen Marke <strong>OMFB<\/strong>, die \u00fcber eine langj\u00e4hrige Erfahrung in der Herstellung von Hydraulikkomponenten verf\u00fcgt. Alle Schl\u00fcsselkomponenten werden in Fabriken hergestellt\u00a0<strong>OMFB<\/strong>, was die Zuverl\u00e4ssigkeit und h\u00f6chste Qualit\u00e4t der angebotenen L\u00f6sungen gew\u00e4hrleistet.<\/span><\/p>\n<p><span style=\"color: #000000;\"><strong>OMFB<\/strong>\u00a0liefert seine Produkte seit vielen Jahren an renommierte Unternehmen der gr\u00f6\u00dften Lkw-Industrie, was f\u00fcr die unvergleichliche Qualit\u00e4t der Komponenten der Marke spricht. Das Unternehmen bietet eine breite Palette von Produkten an, darunter auch komplette Hydrauliksysteme, die alle erforderlichen Komponenten umfassen:\u00a0<strong>PTO<\/strong>\u00a0(Anbauger\u00e4t), Zahnradpumpen, \u00d6ltanks, Hydraulikventile, Schnellkupplungen, Schl\u00e4uche, Saugschl\u00e4uche, Kabinensteuerungen, Adapter, Dichtungen und Montagezubeh\u00f6r. Dies ist eine Komplettl\u00f6sung, die alles enth\u00e4lt, was Sie f\u00fcr reibungslose und zuverl\u00e4ssige Hydrauliksysteme ben\u00f6tigen.<\/span><br \/>\n<span style=\"color: #000000;\">Bei der Installation k\u00f6nnen die Kunden auf eine fachkundige Beratung und die M\u00f6glichkeit z\u00e4hlen, die Installation an unsere erfahrenen Spezialisten auszulagern, um sicherzustellen, dass die Hydrauliksysteme schnell und effizient in die Fahrzeuge eingebaut werden.<\/span><\/p>\n<div class=\"elementor-element elementor-element-17bda31 heading-title elementor-widget elementor-widget-heading animated fadeIn\" data-id=\"17bda31\" data-element_type=\"widget\" data-settings=\"{&quot;_animation&quot;:&quot;fadeIn&quot;}\" data-widget_type=\"heading.default\">\n<div class=\"elementor-widget-container\">\n<h3 class=\"elementor-heading-title elementor-size-default\"><span style=\"color: #000000;\">OMFB - EINE GESCHICHTE VON INNOVATION UND QUALIT\u00c4T<\/span><\/h3>\n<\/div>\n<\/div>\n<div class=\"elementor-element elementor-element-1fc6274 elementor-widget elementor-widget-text-editor\" data-id=\"1fc6274\" data-element_type=\"widget\" data-widget_type=\"text-editor.default\">\n<div class=\"elementor-widget-container\">\n<p><span style=\"color: #000000;\">Marke\u00a0<strong>OMFB<\/strong>\u00a0wurde 1950 gegr\u00fcndet, als die drei Br\u00fcder Umberto, Nicola und Alessandro Bianchi eine kleine mechanische Werkstatt er\u00f6ffneten und eine Marke schufen, die sich schnell auf dem Markt durchsetzte. Seitdem ist das Unternehmen kontinuierlich gewachsen und hat seine Produktpalette, die Hydraulikpumpen, Teleskopzylinder und Steuersysteme f\u00fcr Lkw und Baumaschinen umfasst, innovativ erweitert.<\/span><\/p>\n<p><span style=\"color: #000000;\">Im Laufe der Jahre\u00a0<strong>OMFB<\/strong>\u00a0hat sich das Vertrauen von Kunden auf der ganzen Welt erworben, und seine Komponenten werden heute in den h\u00e4rtesten Umgebungen eingesetzt, in denen Zuverl\u00e4ssigkeit und Leistung eine Priorit\u00e4t sind. Das Unternehmen hat bei einer Reihe von Technologien Pionierarbeit geleistet und u. a. elektronische Steuerungssysteme und innovative L\u00f6sungen f\u00fcr Kippfahrzeuge auf den Markt gebracht.<\/span><\/p>\n<p><span style=\"color: #000000;\"><strong>Lkw-Konzept<\/strong>\u00a0als Vertragsh\u00e4ndler\u00a0<strong>OMFB<\/strong>\u00a0in Polen bietet umfassende technische Unterst\u00fctzung und einen breiten Zugang zu den Produkten dieser renommierten Marke, die Zuverl\u00e4ssigkeit und Leistung unter allen Bedingungen garantieren.<\/span><\/p>\n<div class=\"elementor-element elementor-element-4e399f1 heading-title elementor-widget elementor-widget-heading animated fadeIn\" data-id=\"4e399f1\" data-element_type=\"widget\" data-settings=\"{&quot;_animation&quot;:&quot;fadeIn&quot;}\" data-widget_type=\"heading.default\">\n<div class=\"elementor-widget-container\">\n<h3 class=\"elementor-heading-title elementor-size-default\"><span style=\"color: #000000;\">WIR KONZENTRIEREN UNS AUF PRODUKTE VON H\u00d6CHSTER QUALIT\u00c4T<\/span><\/h3>\n<\/div>\n<\/div>\n<div class=\"elementor-element elementor-element-66f6d7d elementor-widget elementor-widget-text-editor\" data-id=\"66f6d7d\" data-element_type=\"widget\" data-widget_type=\"text-editor.default\">\n<div class=\"elementor-widget-container\">\n<p><span style=\"color: #000000;\">W\u00a0<strong>Lkw-Konzept<\/strong>\u00a0konzentrieren wir uns auf die h\u00f6chste Qualit\u00e4t unserer Produkte und die volle Zufriedenheit unserer Kunden. Als offizieller Vertriebspartner f\u00fchrender Marken wie\u00a0<strong>Edbro<\/strong>\u00a0i\u00a0<strong>OMFB<\/strong>, bieten wir nur erprobte und zuverl\u00e4ssige L\u00f6sungen f\u00fcr die Lkw-Industrie an. Jedes Produkt, das unsere Kunden erreicht, wird strengen Qualit\u00e4tstests unterzogen, um seine Haltbarkeit und Wirksamkeit zu gew\u00e4hrleisten.<\/span><\/p>\n<p><span style=\"color: #000000;\">Unser umfassendes Angebot umfasst nicht nur den Verkauf von Produkten, sondern auch den kompletten Service, die Installation und die Beratung. Dank innovativer L\u00f6sungen, wie z. B. einer modernen E-Commerce-Plattform, die in die E-Service-Plattform integriert ist, erm\u00f6glichen wir unseren Kunden die vollst\u00e4ndige Verwaltung ihrer Produkthistorie und gew\u00e4hrleisten so einen einfachen Zugang zu Dienstleistungen und Transparenz in der Zusammenarbeit. Unsere Priorit\u00e4t ist nicht nur die Bereitstellung von Produkten h\u00f6chster Qualit\u00e4t, sondern auch der Aufbau langfristiger Beziehungen, die auf dem Vertrauen und der Zufriedenheit unserer Kunden basieren.<\/span><\/p>\n<\/div>\n<\/div>\n<\/div>\n<\/div>\n<\/div>\n<\/div>\n<\/div>\n<\/div>\n<\/div>\n<\/div>\n<\/div>\n<\/div>\n<\/div>\n<\/div>","protected":false},"excerpt":{"rendered":"<p>Adapter z flansz\u0105 pod wa\u0142 kardana ISO-DIN 10 do PTO Adaptery z flansz\u0105 do przystawki odbioru mocy (PTO) Adaptery z flansz\u0105 do przystawek odbioru mocy (PTO \u2013 Power Take-Off) to kluczowe elementy umo\u017cliwiaj\u0105ce efektywne po\u0142\u0105czenie jednostki nap\u0119dowej, takiej jak silnik lub skrzynia bieg\u00f3w, z r\u00f3\u017cnego rodzaju urz\u0105dzeniami odbiorczymi, np. pompami hydraulicznymi, kompresorami czy generatorami. Flansza [&hellip;]<\/p>\n","protected":false},"featured_media":5563,"comment_status":"open","ping_status":"closed","template":"","meta":{"_acf_changed":false,"rank_math_lock_modified_date":false},"product_cat":[302,251,236],"product_tag":[],"class_list":{"0":"post-5562","1":"product","2":"type-product","3":"status-publish","4":"has-post-thumbnail","6":"product_cat-akcesoria","7":"product_cat-inne","8":"product_cat-przystawki-odbioru-mocy-walki-adaptery","10":"first","11":"instock","12":"featured","13":"taxable","14":"shipping-taxable","15":"purchasable","16":"product-type-simple","17":"add-to-wishlist-after_add_to_cart"},"acf":[],"_links":{"self":[{"href":"https:\/\/trucksconcept.com\/de\/wp-json\/wp\/v2\/product\/5562","targetHints":{"allow":["GET"]}}],"collection":[{"href":"https:\/\/trucksconcept.com\/de\/wp-json\/wp\/v2\/product"}],"about":[{"href":"https:\/\/trucksconcept.com\/de\/wp-json\/wp\/v2\/types\/product"}],"replies":[{"embeddable":true,"href":"https:\/\/trucksconcept.com\/de\/wp-json\/wp\/v2\/comments?post=5562"}],"wp:featuredmedia":[{"embeddable":true,"href":"https:\/\/trucksconcept.com\/de\/wp-json\/wp\/v2\/media\/5563"}],"wp:attachment":[{"href":"https:\/\/trucksconcept.com\/de\/wp-json\/wp\/v2\/media?parent=5562"}],"wp:term":[{"taxonomy":"product_cat","embeddable":true,"href":"https:\/\/trucksconcept.com\/de\/wp-json\/wp\/v2\/product_cat?post=5562"},{"taxonomy":"product_tag","embeddable":true,"href":"https:\/\/trucksconcept.com\/de\/wp-json\/wp\/v2\/product_tag?post=5562"}],"curies":[{"name":"wp","href":"https:\/\/api.w.org\/{rel}","templated":true}]}}