{"id":5111,"date":"2025-01-17T08:47:04","date_gmt":"2025-01-17T07:47:04","guid":{"rendered":"https:\/\/trucksconcept.com\/?post_type=product&#038;p=5111"},"modified":"2025-01-17T09:10:49","modified_gmt":"2025-01-17T08:10:49","slug":"prowadnica-wezy-omfb-obrotnica-na-rurkach","status":"publish","type":"product","link":"https:\/\/trucksconcept.com\/en\/product\/prowadnica-wezy-omfb-obrotnica-na-rurkach\/","title":{"rendered":"OMFB hose guide, tube swivel"},"content":{"rendered":"<div>\n<h2><span style=\"color: #000000;\"><strong>Prowadnica w\u0119\u017cy OMFB, obrotnica \u2013 wszechstronno\u015b\u0107, jako\u015b\u0107, niezawodno\u015b\u0107<\/strong><\/span><\/h2>\n<p><span style=\"color: #000000;\">Prowadnica w\u0119\u017cy, obrotnica, rami\u0119 obrotowe do zastosowania na ci\u0105gnikach siod\u0142owych. Umo\u017cliwia przewodom pod\u0105\u017canie za ruchami naczepy, bez konieczno\u015bci stosowania dodatkowych element\u00f3w mocuj\u0105cych.\u00a0 S\u0142u\u017cy do wygodnego pod\u0142\u0105czania i wypinania przewod\u00f3w hydraulicznych w uk\u0142adzie. \u0141atwa do zamontowania z ty\u0142u ci\u0105gnika siod\u0142owego. Dostarczana jest z 2 obrotowymi z\u0142\u0105czami G 1&#8243; lub G 3\/4&#8243;, stalowymi rurami przed\u0142u\u017caj\u0105cymi, wspornikami i \u015brubami. Obrotowe z\u0142\u0105cza mo\u017cna umie\u015bci\u0107 w 3 r\u00f3\u017cnych pozycjach, r\u00f3wnie\u017c\u00a0w pozycji centralnej. G\u0142\u00f3wny wspornik jest malowany proszkowo w kolorze RAL 7021, a akcesoria s\u0105 ocynkowane na zimno.<\/span><\/p>\n<p><span style=\"color: #000000;\">Bet on quality and reliability with OMFB - the perfect choice for your hydraulic system!<\/span><\/p>\n<\/div>\n<div class=\"elementor-element elementor-element-2bd2719 heading-title elementor-widget elementor-widget-heading animated fadeIn\" data-id=\"2bd2719\" data-element_type=\"widget\" data-settings=\"{&quot;_animation&quot;:&quot;fadeIn&quot;}\" data-widget_type=\"heading.default\">\n<div class=\"elementor-widget-container\">\n<h3 class=\"elementor-heading-title elementor-size-default\"><span style=\"color: #000000;\">TRUCKS CONCEPT - OFFICIAL OMFB DISTRIBUTOR IN POLAND<\/span><\/h3>\n<\/div>\n<\/div>\n<div class=\"elementor-element elementor-element-3011f1e elementor-widget elementor-widget-text-editor\" data-id=\"3011f1e\" data-element_type=\"widget\" data-widget_type=\"text-editor.default\">\n<div class=\"elementor-widget-container\">\n<p><span style=\"color: #000000;\">Trucks Concept is a distributor of the Italian brand <strong>OMFB<\/strong>, which has many years' experience in the manufacture of hydraulic components. All key components are manufactured in factories\u00a0<strong>OMFB<\/strong>, which ensures the reliability and highest quality of the solutions offered.<\/span><\/p>\n<p><span style=\"color: #000000;\"><strong>OMFB<\/strong>\u00a0has been supplying its products to renowned companies of the biggest players in the truck industry for many years, which is testament to the unparalleled quality of the brand's components. The company offers a wide range of products, including complete hydraulic systems that include all the necessary components:\u00a0<strong>PTO<\/strong>\u00a0(attachment), gear pumps, oil tanks, hydraulic valves, quick couplings, hoses, suction hoses, cab controls, adapters, seals and mounting accessories. This is a complete solution that includes everything you need for smooth and reliable hydraulic systems.<\/span><br \/>\n<span style=\"color: #000000;\">During the installation process, customers can count on expert advice and the possibility of outsourcing the installation to our experienced specialists, ensuring that the hydraulic systems are quickly and efficiently implemented in the vehicles.<\/span><\/p>\n<div class=\"elementor-element elementor-element-17bda31 heading-title elementor-widget elementor-widget-heading animated fadeIn\" data-id=\"17bda31\" data-element_type=\"widget\" data-settings=\"{&quot;_animation&quot;:&quot;fadeIn&quot;}\" data-widget_type=\"heading.default\">\n<div class=\"elementor-widget-container\">\n<h3 class=\"elementor-heading-title elementor-size-default\"><span style=\"color: #000000;\">OMFB - A HISTORY OF INNOVATION AND QUALITY<\/span><\/h3>\n<\/div>\n<\/div>\n<div class=\"elementor-element elementor-element-1fc6274 elementor-widget elementor-widget-text-editor\" data-id=\"1fc6274\" data-element_type=\"widget\" data-widget_type=\"text-editor.default\">\n<div class=\"elementor-widget-container\">\n<p><span style=\"color: #000000;\">Brand\u00a0<strong>OMFB<\/strong>\u00a0was founded in 1950, when three brothers Umberto, Nicola and Alessandro Bianchi opened a small mechanical workshop and created a brand that quickly gained recognition in the market. Since then, the company has continued to grow, innovating and expanding its product range, which includes hydraulic pumps, telescopic cylinders, and control systems for trucks and construction machinery.<\/span><\/p>\n<p><span style=\"color: #000000;\">Over the years\u00a0<strong>OMFB<\/strong>\u00a0has earned the trust of customers around the world, and its components are now used in the toughest environments where reliability and performance are a priority. The company has pioneered a number of technologies, launching electronic control systems and innovative solutions for tipping vehicles, among others.<\/span><\/p>\n<p><span style=\"color: #000000;\"><strong>Trucks Concept<\/strong>\u00a0as an official distributor\u00a0<strong>OMFB<\/strong>\u00a0in Poland provides full technical support and wide access to products from this renowned brand, which guarantee reliability and performance in all conditions.<\/span><\/p>\n<div class=\"elementor-element elementor-element-4e399f1 heading-title elementor-widget elementor-widget-heading animated fadeIn\" data-id=\"4e399f1\" data-element_type=\"widget\" data-settings=\"{&quot;_animation&quot;:&quot;fadeIn&quot;}\" data-widget_type=\"heading.default\">\n<div class=\"elementor-widget-container\">\n<h3 class=\"elementor-heading-title elementor-size-default\"><span style=\"color: #000000;\">WE FOCUS ON THE HIGHEST QUALITY PRODUCTS<\/span><\/h3>\n<\/div>\n<\/div>\n<div class=\"elementor-element elementor-element-66f6d7d elementor-widget elementor-widget-text-editor\" data-id=\"66f6d7d\" data-element_type=\"widget\" data-widget_type=\"text-editor.default\">\n<div class=\"elementor-widget-container\">\n<p><span style=\"color: #000000;\">W\u00a0<strong>Trucks Concept<\/strong>\u00a0we focus on the highest quality products and the complete satisfaction of our customers. As an official distributor of leading brands such as\u00a0<strong>Edbro<\/strong>\u00a0i\u00a0<strong>OMFB<\/strong>, we offer only tried-and-tested and reliable solutions for the truck industry. Every product that reaches our customers undergoes rigorous quality testing to ensure its durability and effectiveness.<\/span><\/p>\n<p><span style=\"color: #000000;\">Our comprehensive offer includes not only the sale of products, but also full service, installation and consultancy support. Thanks to innovative solutions, such as a modern e-commerce platform integrated with the e-service platform, we enable customers to fully manage their product history, thus ensuring easy access to services and transparency in cooperation. Our priority is not only to provide the highest quality products, but also to build long-term relationships based on trust and satisfaction of our customers.<\/span><\/p>\n<\/div>\n<\/div>\n<\/div>\n<\/div>\n<\/div>\n<\/div>","protected":false},"excerpt":{"rendered":"<p>Prowadnica w\u0119\u017cy OMFB, obrotnica \u2013 wszechstronno\u015b\u0107, jako\u015b\u0107, niezawodno\u015b\u0107 Prowadnica w\u0119\u017cy, obrotnica, rami\u0119 obrotowe do zastosowania na ci\u0105gnikach siod\u0142owych. Umo\u017cliwia przewodom pod\u0105\u017canie za ruchami naczepy, bez konieczno\u015bci stosowania dodatkowych element\u00f3w mocuj\u0105cych.\u00a0 S\u0142u\u017cy do wygodnego pod\u0142\u0105czania i wypinania przewod\u00f3w hydraulicznych w uk\u0142adzie. \u0141atwa do zamontowania z ty\u0142u ci\u0105gnika siod\u0142owego. Dostarczana jest z 2 obrotowymi z\u0142\u0105czami G 1&#8243; [&hellip;]<\/p>\n","protected":false},"featured_media":5112,"comment_status":"open","ping_status":"closed","template":"","meta":{"_acf_changed":false,"rank_math_lock_modified_date":false},"product_cat":[241,330],"product_tag":[],"class_list":{"0":"post-5111","1":"product","2":"type-product","3":"status-publish","4":"has-post-thumbnail","6":"product_cat-szybkozlacza-i-obrotnice","7":"product_cat-obrotnice","9":"first","10":"instock","11":"taxable","12":"shipping-taxable","13":"purchasable","14":"product-type-variable","15":"add-to-wishlist-after_add_to_cart"},"acf":[],"_links":{"self":[{"href":"https:\/\/trucksconcept.com\/en\/wp-json\/wp\/v2\/product\/5111","targetHints":{"allow":["GET"]}}],"collection":[{"href":"https:\/\/trucksconcept.com\/en\/wp-json\/wp\/v2\/product"}],"about":[{"href":"https:\/\/trucksconcept.com\/en\/wp-json\/wp\/v2\/types\/product"}],"replies":[{"embeddable":true,"href":"https:\/\/trucksconcept.com\/en\/wp-json\/wp\/v2\/comments?post=5111"}],"wp:featuredmedia":[{"embeddable":true,"href":"https:\/\/trucksconcept.com\/en\/wp-json\/wp\/v2\/media\/5112"}],"wp:attachment":[{"href":"https:\/\/trucksconcept.com\/en\/wp-json\/wp\/v2\/media?parent=5111"}],"wp:term":[{"taxonomy":"product_cat","embeddable":true,"href":"https:\/\/trucksconcept.com\/en\/wp-json\/wp\/v2\/product_cat?post=5111"},{"taxonomy":"product_tag","embeddable":true,"href":"https:\/\/trucksconcept.com\/en\/wp-json\/wp\/v2\/product_tag?post=5111"}],"curies":[{"name":"wp","href":"https:\/\/api.w.org\/{rel}","templated":true}]}}