{"id":5533,"date":"2025-03-11T21:34:19","date_gmt":"2025-03-11T20:34:19","guid":{"rendered":"https:\/\/trucksconcept.com\/?post_type=product&#038;p=5533"},"modified":"2025-03-11T22:08:46","modified_gmt":"2025-03-11T21:08:46","slug":"pompa-reczna-omfb-pm-50","status":"publish","type":"product","link":"https:\/\/trucksconcept.com\/en\/product\/pompa-reczna-omfb-pm-50\/","title":{"rendered":"Hand pump OMFB PM 50, without tank"},"content":{"rendered":"<h2><span style=\"color: #000000;\">Pompa r\u0119czna OMFB PM 50<\/span><\/h2>\n<p data-start=\"0\" data-end=\"295\"><span style=\"color: #000000;\">Pompy r\u0119czne serii PM bez zbiornika z podw\u00f3jnym efektem dzia\u0142ania (pompa t\u0142oczy olej zar\u00f3wno podczas naciskania, jak i ci\u0105gni\u0119cia d\u017awigni), wyposa\u017cone w zaw\u00f3r zwrotny na wyj\u015bciu ci\u015bnieniowym oraz, w zale\u017cno\u015bci od wersji zaw\u00f3r spustowy do instalacji prostych lub bez zaworu do instalacji awaryjnych.<\/span><\/p>\n<p data-start=\"297\" data-end=\"526\" data-is-last-node=\"\" data-is-only-node=\"\"><span style=\"color: #000000;\">Dost\u0119pne w trzech r\u00f3\u017cnych pojemno\u015bciach, co pozwala na szerokie zastosowanie oraz ogranicza wysi\u0142ek wymagany do obs\u0142ugi d\u017awigni w ka\u017cdej sytuacji. Korpus wykonany jest z \u017celiwa z bia\u0142\u0105 galwanizacj\u0105, a trzpie\u0144 ze stali niklowanej.<\/span><\/p>\n<p><span style=\"color: #000000;\">Pompy r\u0119czne w hydraulice si\u0142owej stosuje si\u0119 wsz\u0119dzie tam, gdzie wymagana jest precyzyjna kontrola ci\u015bnienia lub brak dost\u0119pu do innego zasilania. Wykorzystuje si\u0119 je do awaryjnego sterowania uk\u0142adami hydraulicznymi, podnoszenia ci\u0119\u017ckich \u0142adunk\u00f3w, zaciskania, testowania ci\u015bnienia oraz w uk\u0142adach bezpiecze\u0144stwa. Dzi\u0119ki prostej konstrukcji, niezawodno\u015bci i mobilno\u015bci s\u0105 idealnym rozwi\u0105zaniem w warunkach terenowych, serwisowych oraz w instalacjach wymagaj\u0105cych niezale\u017cnego \u017ar\u00f3d\u0142a ci\u015bnienia hydraulicznego.<\/span><\/p>\n<div class=\"elementor-element elementor-element-2bd2719 heading-title elementor-widget elementor-widget-heading animated fadeIn\" data-id=\"2bd2719\" data-element_type=\"widget\" data-settings=\"{&quot;_animation&quot;:&quot;fadeIn&quot;}\" data-widget_type=\"heading.default\">\n<div class=\"elementor-widget-container\">\n<h3 class=\"elementor-heading-title elementor-size-default\"><span style=\"color: #000000;\">TRUCKS CONCEPT - OFFICIAL OMFB DISTRIBUTOR IN POLAND<\/span><\/h3>\n<\/div>\n<\/div>\n<div class=\"elementor-element elementor-element-3011f1e elementor-widget elementor-widget-text-editor\" data-id=\"3011f1e\" data-element_type=\"widget\" data-widget_type=\"text-editor.default\">\n<div class=\"elementor-widget-container\">\n<p><span style=\"color: #000000;\">Trucks Concept is a distributor of the Italian brand <strong>OMFB<\/strong>, which has many years' experience in the manufacture of hydraulic components. All key components are manufactured in factories\u00a0<strong>OMFB<\/strong>, which ensures the reliability and highest quality of the solutions offered.<\/span><\/p>\n<p><span style=\"color: #000000;\"><strong>OMFB<\/strong>\u00a0has been supplying its products to renowned companies of the biggest players in the truck industry for many years, which is testament to the unparalleled quality of the brand's components. The company offers a wide range of products, including complete hydraulic systems that include all the necessary components:\u00a0<strong>PTO<\/strong>\u00a0(attachment), gear pumps, oil tanks, hydraulic valves, quick couplings, hoses, suction hoses, cab controls, adapters, seals and mounting accessories. This is a complete solution that includes everything you need for smooth and reliable hydraulic systems.<\/span><br \/>\n<span style=\"color: #000000;\">During the installation process, customers can count on expert advice and the possibility of outsourcing the installation to our experienced specialists, ensuring that the hydraulic systems are quickly and efficiently implemented in the vehicles.<\/span><\/p>\n<div class=\"elementor-element elementor-element-17bda31 heading-title elementor-widget elementor-widget-heading animated fadeIn\" data-id=\"17bda31\" data-element_type=\"widget\" data-settings=\"{&quot;_animation&quot;:&quot;fadeIn&quot;}\" data-widget_type=\"heading.default\">\n<div class=\"elementor-widget-container\">\n<h3 class=\"elementor-heading-title elementor-size-default\"><span style=\"color: #000000;\">OMFB - A HISTORY OF INNOVATION AND QUALITY<\/span><\/h3>\n<\/div>\n<\/div>\n<div class=\"elementor-element elementor-element-1fc6274 elementor-widget elementor-widget-text-editor\" data-id=\"1fc6274\" data-element_type=\"widget\" data-widget_type=\"text-editor.default\">\n<div class=\"elementor-widget-container\">\n<p><span style=\"color: #000000;\">Brand\u00a0<strong>OMFB<\/strong>\u00a0was founded in 1950, when three brothers Umberto, Nicola and Alessandro Bianchi opened a small mechanical workshop and created a brand that quickly gained recognition in the market. Since then, the company has continued to grow, innovating and expanding its product range, which includes hydraulic pumps, telescopic cylinders, and control systems for trucks and construction machinery.<\/span><\/p>\n<p><span style=\"color: #000000;\">Over the years\u00a0<strong>OMFB<\/strong>\u00a0has earned the trust of customers around the world, and its components are now used in the toughest environments where reliability and performance are a priority. The company has pioneered a number of technologies, launching electronic control systems and innovative solutions for tipping vehicles, among others.<\/span><\/p>\n<p><span style=\"color: #000000;\"><strong>Trucks Concept<\/strong>\u00a0as an official distributor\u00a0<strong>OMFB<\/strong>\u00a0in Poland provides full technical support and wide access to products from this renowned brand, which guarantee reliability and performance in all conditions.<\/span><\/p>\n<div class=\"elementor-element elementor-element-4e399f1 heading-title elementor-widget elementor-widget-heading animated fadeIn\" data-id=\"4e399f1\" data-element_type=\"widget\" data-settings=\"{&quot;_animation&quot;:&quot;fadeIn&quot;}\" data-widget_type=\"heading.default\">\n<div class=\"elementor-widget-container\">\n<h3 class=\"elementor-heading-title elementor-size-default\"><span style=\"color: #000000;\">WE FOCUS ON THE HIGHEST QUALITY PRODUCTS<\/span><\/h3>\n<\/div>\n<\/div>\n<div class=\"elementor-element elementor-element-66f6d7d elementor-widget elementor-widget-text-editor\" data-id=\"66f6d7d\" data-element_type=\"widget\" data-widget_type=\"text-editor.default\">\n<div class=\"elementor-widget-container\">\n<p><span style=\"color: #000000;\">W\u00a0<strong>Trucks Concept<\/strong>\u00a0we focus on the highest quality products and the complete satisfaction of our customers. As an official distributor of leading brands such as\u00a0<strong>Edbro<\/strong>\u00a0i\u00a0<strong>OMFB<\/strong>, we offer only tried-and-tested and reliable solutions for the truck industry. Every product that reaches our customers undergoes rigorous quality testing to ensure its durability and effectiveness.<\/span><\/p>\n<p><span style=\"color: #000000;\">Our comprehensive offer includes not only the sale of products, but also full service, installation and consultancy support. Thanks to innovative solutions, such as a modern e-commerce platform integrated with the e-service platform, we enable customers to fully manage their product history, thus ensuring easy access to services and transparency in cooperation. Our priority is not only to provide the highest quality products, but also to build long-term relationships based on trust and satisfaction of our customers.<\/span><\/p>\n<\/div>\n<\/div>\n<\/div>\n<\/div>\n<\/div>\n<\/div>","protected":false},"excerpt":{"rendered":"<p>Pompa r\u0119czna OMFB PM 50 Pompy r\u0119czne serii PM bez zbiornika z podw\u00f3jnym efektem dzia\u0142ania (pompa t\u0142oczy olej zar\u00f3wno podczas naciskania, jak i ci\u0105gni\u0119cia d\u017awigni), wyposa\u017cone w zaw\u00f3r zwrotny na wyj\u015bciu ci\u015bnieniowym oraz, w zale\u017cno\u015bci od wersji zaw\u00f3r spustowy do instalacji prostych lub bez zaworu do instalacji awaryjnych. Dost\u0119pne w trzech r\u00f3\u017cnych pojemno\u015bciach, co pozwala [&hellip;]<\/p>\n","protected":false},"featured_media":5540,"comment_status":"open","ping_status":"closed","template":"","meta":{"_acf_changed":false,"rank_math_lock_modified_date":false},"product_cat":[233,278],"product_tag":[],"class_list":{"0":"post-5533","1":"product","2":"type-product","3":"status-publish","4":"has-post-thumbnail","6":"product_cat-pompy-reczne","7":"product_cat-bez-zbiornika","9":"first","10":"onbackorder","11":"taxable","12":"shipping-taxable","13":"purchasable","14":"product-type-variable","15":"add-to-wishlist-after_add_to_cart"},"acf":[],"_links":{"self":[{"href":"https:\/\/trucksconcept.com\/en\/wp-json\/wp\/v2\/product\/5533","targetHints":{"allow":["GET"]}}],"collection":[{"href":"https:\/\/trucksconcept.com\/en\/wp-json\/wp\/v2\/product"}],"about":[{"href":"https:\/\/trucksconcept.com\/en\/wp-json\/wp\/v2\/types\/product"}],"replies":[{"embeddable":true,"href":"https:\/\/trucksconcept.com\/en\/wp-json\/wp\/v2\/comments?post=5533"}],"wp:featuredmedia":[{"embeddable":true,"href":"https:\/\/trucksconcept.com\/en\/wp-json\/wp\/v2\/media\/5540"}],"wp:attachment":[{"href":"https:\/\/trucksconcept.com\/en\/wp-json\/wp\/v2\/media?parent=5533"}],"wp:term":[{"taxonomy":"product_cat","embeddable":true,"href":"https:\/\/trucksconcept.com\/en\/wp-json\/wp\/v2\/product_cat?post=5533"},{"taxonomy":"product_tag","embeddable":true,"href":"https:\/\/trucksconcept.com\/en\/wp-json\/wp\/v2\/product_tag?post=5533"}],"curies":[{"name":"wp","href":"https:\/\/api.w.org\/{rel}","templated":true}]}}