{"id":4237,"date":"2024-12-15T12:54:36","date_gmt":"2024-12-15T11:54:36","guid":{"rendered":"https:\/\/trucksconcept.com\/?post_type=product&#038;p=4237"},"modified":"2025-04-11T17:46:45","modified_gmt":"2025-04-11T15:46:45","slug":"silowniki-frontowy-edbro-cs17l055233b19a11-skok-wysuw-5233-mm-dolne-mocowanie-z-kielichem","status":"publish","type":"product","link":"https:\/\/trucksconcept.com\/sk\/product\/silowniki-frontowy-edbro-cs17l055233b19a11-skok-wysuw-5233-mm-dolne-mocowanie-z-kielichem\/","title":{"rendered":"Si\u0142owniki frontowy Edbro CS17L055733B25A15 &#8211; skok\/wysuw 5733 mm (kr\u00f3tki kielich)"},"content":{"rendered":"<h2>Predn\u00e9 pohony Edbro s\u00e9rie CS - maxim\u00e1lny v\u00fdkon v naj\u0165a\u017e\u0161\u00edch podmienkach<\/h2>\n<p><strong>Edbro CS - Tvorca \u0161tandardov v oblasti skl\u00e1pac\u00edch pohonov<\/strong><br \/>\nPredn\u00e9 valce s\u00e9rie CS spolo\u010dnosti Edbro s\u00fa inovat\u00edvnym rie\u0161en\u00edm, ktor\u00e9 nanovo definuje \u00fa\u010dinnos\u0165 a odolnos\u0165 pri skl\u00e1pac\u00edch aplik\u00e1ci\u00e1ch. Valce CS, vyvinut\u00e9 pre naj\u0165a\u017e\u0161ie prev\u00e1dzkov\u00e9 podmienky, zaru\u010duj\u00fa bezkonkuren\u010dn\u00fd v\u00fdkon na zv\u00fd\u0161enie u\u017eito\u010dn\u00e9ho za\u0165a\u017eenia, prev\u00e1dzkov\u00fdch ziskov a spo\u013eahlivosti v\u00e1\u0161ho vozidla.<\/p>\n<h3><strong>Naj\u013eah\u0161ie valce na svete - v\u00e4\u010d\u0161ie u\u017eito\u010dn\u00e9 za\u0165a\u017eenie a zisky<\/strong><\/h3>\n<p>Pohony Edbro s\u00fa nespornou \u0161pi\u010dkou vo svojej v\u00e1hovej kateg\u00f3rii. V\u010faka svojej \u013eahkej kon\u0161trukcii umo\u017e\u0148uj\u00fa zv\u00fd\u0161i\u0165 u\u017eito\u010dn\u00e9 za\u0165a\u017eenie vozidla, \u010do sa priamo premieta do vy\u0161\u0161\u00edch prev\u00e1dzkov\u00fdch ziskov. Ka\u017ed\u00fd kilogram u\u0161etrenej hmotnosti znamen\u00e1 dodato\u010dn\u00e9 u\u017eito\u010dn\u00e9 za\u0165a\u017eenie a vy\u0161\u0161iu prev\u00e1dzkov\u00fa efekt\u00edvnos\u0165.<\/p>\n<h3><strong>Pokro\u010dil\u00e1 technol\u00f3gia pre maxim\u00e1lnu odolnos\u0165<\/strong><\/h3>\n<p>Valce s\u00e9rie CS vyu\u017e\u00edvaj\u00fa pokro\u010dil\u00e9 technol\u00f3gie, ako napr\u00edklad:<\/p>\n<ul>\n<li><strong>Trojbodov\u00e9 upevnenie veka (pri modeloch s poh\u00e1rom)<\/strong>, \u010do minimalizuje riziko po\u0161kriabania pri extr\u00e9mnom bo\u010dnom za\u0165a\u017een\u00ed<br \/>\na zabezpe\u010duje dokonal\u00e9 zarovnanie.<img fetchpriority=\"high\" decoding=\"async\" class=\"wp-image-4217 aligncenter\" src=\"https:\/\/trucksconcept.com\/wp-content\/uploads\/2024\/12\/Zrzut-ekranu-2024-12-15-o-11.19.02-300x267.png\" alt=\"\" width=\"362\" height=\"322\" srcset=\"https:\/\/trucksconcept.com\/wp-content\/uploads\/2024\/12\/Zrzut-ekranu-2024-12-15-o-11.19.02-300x267.png 300w, https:\/\/trucksconcept.com\/wp-content\/uploads\/2024\/12\/Zrzut-ekranu-2024-12-15-o-11.19.02-1024x912.png 1024w, https:\/\/trucksconcept.com\/wp-content\/uploads\/2024\/12\/Zrzut-ekranu-2024-12-15-o-11.19.02-768x684.png 768w, https:\/\/trucksconcept.com\/wp-content\/uploads\/2024\/12\/Zrzut-ekranu-2024-12-15-o-11.19.02-600x534.png 600w, https:\/\/trucksconcept.com\/wp-content\/uploads\/2024\/12\/Zrzut-ekranu-2024-12-15-o-11.19.02-64x57.png 64w, https:\/\/trucksconcept.com\/wp-content\/uploads\/2024\/12\/Zrzut-ekranu-2024-12-15-o-11.19.02.png 1132w\" sizes=\"(max-width: 362px) 100vw, 362px\" \/><\/li>\n<li><strong>Laserom zv\u00e1ran\u00e9 r\u00farky<\/strong>, \u010d\u00edm sa zvy\u0161uje \u00fanavov\u00e1 \u017eivotnos\u0165 a odolnos\u0165 vo\u010di mechanick\u00e9mu po\u0161kodeniu.<img decoding=\"async\" class=\"wp-image-4219 aligncenter\" src=\"https:\/\/trucksconcept.com\/wp-content\/uploads\/2024\/12\/laser-300x168.jpeg\" alt=\"\" width=\"363\" height=\"203\" srcset=\"https:\/\/trucksconcept.com\/wp-content\/uploads\/2024\/12\/laser-300x168.jpeg 300w, https:\/\/trucksconcept.com\/wp-content\/uploads\/2024\/12\/laser-1024x575.jpeg 1024w, https:\/\/trucksconcept.com\/wp-content\/uploads\/2024\/12\/laser-768x431.jpeg 768w, https:\/\/trucksconcept.com\/wp-content\/uploads\/2024\/12\/laser-1536x862.jpeg 1536w, https:\/\/trucksconcept.com\/wp-content\/uploads\/2024\/12\/laser-600x337.jpeg 600w, https:\/\/trucksconcept.com\/wp-content\/uploads\/2024\/12\/laser-64x36.jpeg 64w, https:\/\/trucksconcept.com\/wp-content\/uploads\/2024\/12\/laser.jpeg 1596w\" sizes=\"(max-width: 363px) 100vw, 363px\" \/><\/li>\n<li><strong>Acetalov\u00e9 kr\u00fa\u017eky<\/strong>, ktor\u00e9 zni\u017euj\u00fa trenie a predl\u017euj\u00fa \u017eivotnos\u0165 pohonu.<img decoding=\"async\" class=\"wp-image-4220 aligncenter\" src=\"https:\/\/trucksconcept.com\/wp-content\/uploads\/2024\/12\/Zrzut-ekranu-2024-12-15-o-11.52.53-300x258.png\" alt=\"\" width=\"363\" height=\"312\" srcset=\"https:\/\/trucksconcept.com\/wp-content\/uploads\/2024\/12\/Zrzut-ekranu-2024-12-15-o-11.52.53-300x258.png 300w, https:\/\/trucksconcept.com\/wp-content\/uploads\/2024\/12\/Zrzut-ekranu-2024-12-15-o-11.52.53-600x515.png 600w, https:\/\/trucksconcept.com\/wp-content\/uploads\/2024\/12\/Zrzut-ekranu-2024-12-15-o-11.52.53-64x55.png 64w, https:\/\/trucksconcept.com\/wp-content\/uploads\/2024\/12\/Zrzut-ekranu-2024-12-15-o-11.52.53.png 638w\" sizes=\"(max-width: 363px) 100vw, 363px\" \/><\/li>\n<\/ul>\n<h3><strong>R\u00fdchlej\u0161ie vykladanie a vy\u0161\u0161ia efektivita<\/strong><\/h3>\n<p>V\u010faka <strong>kon\u0161trukcia z jedn\u00e9ho kusu r\u00farky<\/strong> i <strong>v\u00e4\u010d\u0161ie kontaktn\u00e9 plochy<\/strong> Valce Edbro poskytuj\u00fa vy\u0161\u0161ie r\u00fdchlosti pri vykladan\u00ed. To znamen\u00e1 krat\u0161\u00ed \u010das na vykonanie \u00falohy a vy\u0161\u0161iu efektivitu v ka\u017edodennej prev\u00e1dzke.<\/p>\n<h3><strong>Technol\u00f3gia \u201eFit and Forget\u201d - Fit and forget<\/strong><\/h3>\n<p>Pohony Edbro CS s\u00fa skuto\u010dn\u00fdm rie\u0161en\u00edm typu \u201enamontuj a zabudni\u201d. V\u010faka jedine\u010dn\u00e9mu <strong>5-bodov\u00fd tesniaci syst\u00e9m<\/strong> a pou\u017eit\u00edm najkvalitnej\u0161\u00edch materi\u00e1lov si tieto valce vy\u017eaduj\u00fa minim\u00e1lnu \u00fadr\u017ebu a poskytuj\u00fa roky bezprobl\u00e9movej prev\u00e1dzky.<\/p>\n<p><img loading=\"lazy\" decoding=\"async\" class=\"wp-image-4221 aligncenter\" src=\"https:\/\/trucksconcept.com\/wp-content\/uploads\/2024\/12\/Zrzut-ekranu-2024-12-15-o-11.54.14-300x265.png\" alt=\"\" width=\"408\" height=\"360\" srcset=\"https:\/\/trucksconcept.com\/wp-content\/uploads\/2024\/12\/Zrzut-ekranu-2024-12-15-o-11.54.14-300x265.png 300w, https:\/\/trucksconcept.com\/wp-content\/uploads\/2024\/12\/Zrzut-ekranu-2024-12-15-o-11.54.14-600x530.png 600w, https:\/\/trucksconcept.com\/wp-content\/uploads\/2024\/12\/Zrzut-ekranu-2024-12-15-o-11.54.14-64x57.png 64w, https:\/\/trucksconcept.com\/wp-content\/uploads\/2024\/12\/Zrzut-ekranu-2024-12-15-o-11.54.14.png 636w\" sizes=\"(max-width: 408px) 100vw, 408px\" \/><\/p>\n<h3><strong>Bezpe\u010dnos\u0165 a kvalita bez kompromisov<\/strong><\/h3>\n<p>Ka\u017ed\u00fd pohon Edbro prech\u00e1dza pr\u00edsnym testovan\u00edm kvality vr\u00e1tane tlakov\u00fdch sk\u00fa\u0161ok na maxim\u00e1lne za\u0165a\u017eenie 150%. V kombin\u00e1cii s viac ako 100 rokmi in\u017einierskych sk\u00fasenost\u00ed a najnov\u0161\u00edmi technikami anal\u00fdzy kone\u010dn\u00fdch prvkov zaru\u010duje spolo\u010dnos\u0165 Edbro \u00fapln\u00fa bezpe\u010dnos\u0165 a spo\u013eahlivos\u0165 v ka\u017edej situ\u00e1cii.<\/p>\n<p><img loading=\"lazy\" decoding=\"async\" class=\"alignnone wp-image-4226\" src=\"https:\/\/trucksconcept.com\/wp-content\/uploads\/2024\/12\/Zrzut-ekranu-2023-11-12-o-07.39.29-300x130.png\" alt=\"\" width=\"371\" height=\"161\" srcset=\"https:\/\/trucksconcept.com\/wp-content\/uploads\/2024\/12\/Zrzut-ekranu-2023-11-12-o-07.39.29-300x130.png 300w, https:\/\/trucksconcept.com\/wp-content\/uploads\/2024\/12\/Zrzut-ekranu-2023-11-12-o-07.39.29-1024x445.png 1024w, https:\/\/trucksconcept.com\/wp-content\/uploads\/2024\/12\/Zrzut-ekranu-2023-11-12-o-07.39.29-768x334.png 768w, https:\/\/trucksconcept.com\/wp-content\/uploads\/2024\/12\/Zrzut-ekranu-2023-11-12-o-07.39.29-1536x668.png 1536w, https:\/\/trucksconcept.com\/wp-content\/uploads\/2024\/12\/Zrzut-ekranu-2023-11-12-o-07.39.29-2048x891.png 2048w, https:\/\/trucksconcept.com\/wp-content\/uploads\/2024\/12\/Zrzut-ekranu-2023-11-12-o-07.39.29-600x261.png 600w, https:\/\/trucksconcept.com\/wp-content\/uploads\/2024\/12\/Zrzut-ekranu-2023-11-12-o-07.39.29-64x28.png 64w\" sizes=\"(max-width: 371px) 100vw, 371px\" \/><img loading=\"lazy\" decoding=\"async\" class=\"alignnone wp-image-4222\" src=\"https:\/\/trucksconcept.com\/wp-content\/uploads\/2024\/12\/Zrzut-ekranu-2023-11-12-o-07.35.12-300x137.png\" alt=\"\" width=\"352\" height=\"161\" srcset=\"https:\/\/trucksconcept.com\/wp-content\/uploads\/2024\/12\/Zrzut-ekranu-2023-11-12-o-07.35.12-300x137.png 300w, https:\/\/trucksconcept.com\/wp-content\/uploads\/2024\/12\/Zrzut-ekranu-2023-11-12-o-07.35.12-1024x468.png 1024w, https:\/\/trucksconcept.com\/wp-content\/uploads\/2024\/12\/Zrzut-ekranu-2023-11-12-o-07.35.12-768x351.png 768w, https:\/\/trucksconcept.com\/wp-content\/uploads\/2024\/12\/Zrzut-ekranu-2023-11-12-o-07.35.12-1536x703.png 1536w, https:\/\/trucksconcept.com\/wp-content\/uploads\/2024\/12\/Zrzut-ekranu-2023-11-12-o-07.35.12-2048x937.png 2048w, https:\/\/trucksconcept.com\/wp-content\/uploads\/2024\/12\/Zrzut-ekranu-2023-11-12-o-07.35.12-600x274.png 600w, https:\/\/trucksconcept.com\/wp-content\/uploads\/2024\/12\/Zrzut-ekranu-2023-11-12-o-07.35.12-64x29.png 64w\" sizes=\"(max-width: 352px) 100vw, 352px\" \/><img loading=\"lazy\" decoding=\"async\" class=\"alignnone wp-image-4229\" src=\"https:\/\/trucksconcept.com\/wp-content\/uploads\/2024\/12\/Zrzut-ekranu-2023-11-12-o-07.34.33-300x140.png\" alt=\"\" width=\"345\" height=\"161\" srcset=\"https:\/\/trucksconcept.com\/wp-content\/uploads\/2024\/12\/Zrzut-ekranu-2023-11-12-o-07.34.33-300x140.png 300w, https:\/\/trucksconcept.com\/wp-content\/uploads\/2024\/12\/Zrzut-ekranu-2023-11-12-o-07.34.33-1024x477.png 1024w, https:\/\/trucksconcept.com\/wp-content\/uploads\/2024\/12\/Zrzut-ekranu-2023-11-12-o-07.34.33-768x357.png 768w, https:\/\/trucksconcept.com\/wp-content\/uploads\/2024\/12\/Zrzut-ekranu-2023-11-12-o-07.34.33-1536x715.png 1536w, https:\/\/trucksconcept.com\/wp-content\/uploads\/2024\/12\/Zrzut-ekranu-2023-11-12-o-07.34.33-2048x953.png 2048w, https:\/\/trucksconcept.com\/wp-content\/uploads\/2024\/12\/Zrzut-ekranu-2023-11-12-o-07.34.33-600x279.png 600w, https:\/\/trucksconcept.com\/wp-content\/uploads\/2024\/12\/Zrzut-ekranu-2023-11-12-o-07.34.33-64x30.png 64w\" sizes=\"(max-width: 345px) 100vw, 345px\" \/><\/p>\n<h3><strong>Bezkonkuren\u010dn\u00e1 odolnos\u0165 a jednoduch\u00e9 pou\u017e\u00edvanie<\/strong><\/h3>\n<p><strong>1. laserom zv\u00e1ran\u00e9 r\u00fary - maxim\u00e1lna pevnos\u0165<\/strong><br \/>\nPokro\u010dil\u00e1 technol\u00f3gia laserov\u00e9ho zv\u00e1rania pou\u017eit\u00e1 pri kon\u0161trukcii r\u00far zabezpe\u010duje v\u00fdnimo\u010dn\u00fa mechanick\u00fa pevnos\u0165 a \u00fanavov\u00fa \u017eivotnos\u0165. V\u010faka tomuto rie\u0161eniu s\u00fa pohony odoln\u00e9 vo\u010di dlhodob\u00e9mu za\u0165a\u017eeniu a zaru\u010duj\u00fa spo\u013eahlivos\u0165 v najn\u00e1ro\u010dnej\u0161\u00edch prev\u00e1dzkov\u00fdch podmienkach.<\/p>\n<p><strong>2. liatinov\u00e9 klz\u00e1ky - ochrana proti po\u0161kodeniu<\/strong><br \/>\nV\u010faka pou\u017eitiu liatinov\u00fdch klz\u00e1kov sa minimalizovalo riziko po\u0161kriabania a po\u0161kodenia sp\u00f4soben\u00e9 bo\u010dn\u00fdm za\u0165a\u017een\u00edm. Toto inovat\u00edvne rie\u0161enie nielen\u017ee predl\u017euje \u017eivotnos\u0165 pohonu, ale zvy\u0161uje aj bezpe\u010dnos\u0165 pou\u017e\u00edvania v n\u00e1ro\u010dn\u00fdch ter\u00e9nnych podmienkach.<\/p>\n<p><strong>Unik\u00e1tny syst\u00e9m up\u00ednania a tesnenia - jednoduch\u00e1 \u00fadr\u017eba, dlh\u00e1 \u017eivotnos\u0165<\/strong><br \/>\n\u0160peci\u00e1lne navrhnut\u00fd syst\u00e9m svoriek a tesnen\u00ed zabezpe\u010duje nielen v\u00fdnimo\u010dn\u00fa tesnos\u0165 a ochranu pred zne\u010disten\u00edm, ale u\u013eah\u010duje aj servis. V\u010faka tomu s\u00fa pohony nielen odoln\u00e9, ale aj pohodln\u00e9 na servis, \u010do v\u00fdrazne zni\u017euje prev\u00e1dzkov\u00e9 n\u00e1klady.<\/p>\n<p>V\u010faka t\u00fdmto vlastnostiam s\u00fa pohony Edbro s\u00e9rie CS rie\u0161en\u00edm, ktor\u00e9 zvl\u00e1dne aj tie najn\u00e1ro\u010dnej\u0161ie \u00falohy.<\/p>\n<p><img loading=\"lazy\" decoding=\"async\" class=\"wp-image-4231 aligncenter\" src=\"https:\/\/trucksconcept.com\/wp-content\/uploads\/2024\/12\/Zrzut-ekranu-2024-12-15-o-12.13.07-300x223.png\" alt=\"\" width=\"385\" height=\"286\" srcset=\"https:\/\/trucksconcept.com\/wp-content\/uploads\/2024\/12\/Zrzut-ekranu-2024-12-15-o-12.13.07-300x223.png 300w, https:\/\/trucksconcept.com\/wp-content\/uploads\/2024\/12\/Zrzut-ekranu-2024-12-15-o-12.13.07-600x447.png 600w, https:\/\/trucksconcept.com\/wp-content\/uploads\/2024\/12\/Zrzut-ekranu-2024-12-15-o-12.13.07-64x48.png 64w, https:\/\/trucksconcept.com\/wp-content\/uploads\/2024\/12\/Zrzut-ekranu-2024-12-15-o-12.13.07.png 720w\" sizes=\"(max-width: 385px) 100vw, 385px\" \/><\/p>\n<h3><strong>Technick\u00e1 podpora na najvy\u0161\u0161ej \u00farovni<\/strong><\/h3>\n<p>T\u00edm spolo\u010dnosti Edbro pon\u00faka pln\u00fa technick\u00fa podporu, ktor\u00e1 v\u00e1m pom\u00f4\u017ee vybra\u0165 ide\u00e1lne rie\u0161enie pre ak\u00fako\u013evek aplik\u00e1ciu. Ke\u010f si vyberiete pohony radu CS, z\u00edskate nielen prvotriedny v\u00fdrobok, ale aj partnera, ktor\u00fd sa postar\u00e1 o va\u0161e potreby.<\/p>\n<p><img loading=\"lazy\" decoding=\"async\" class=\"alignnone wp-image-4230\" src=\"https:\/\/trucksconcept.com\/wp-content\/uploads\/2024\/12\/Zrzut-ekranu-2023-11-12-o-07.37.06-300x133.png\" alt=\"\" width=\"363\" height=\"161\" srcset=\"https:\/\/trucksconcept.com\/wp-content\/uploads\/2024\/12\/Zrzut-ekranu-2023-11-12-o-07.37.06-300x133.png 300w, https:\/\/trucksconcept.com\/wp-content\/uploads\/2024\/12\/Zrzut-ekranu-2023-11-12-o-07.37.06-1024x454.png 1024w, https:\/\/trucksconcept.com\/wp-content\/uploads\/2024\/12\/Zrzut-ekranu-2023-11-12-o-07.37.06-768x341.png 768w, https:\/\/trucksconcept.com\/wp-content\/uploads\/2024\/12\/Zrzut-ekranu-2023-11-12-o-07.37.06-1536x682.png 1536w, https:\/\/trucksconcept.com\/wp-content\/uploads\/2024\/12\/Zrzut-ekranu-2023-11-12-o-07.37.06-2048x909.png 2048w, https:\/\/trucksconcept.com\/wp-content\/uploads\/2024\/12\/Zrzut-ekranu-2023-11-12-o-07.37.06-600x266.png 600w, https:\/\/trucksconcept.com\/wp-content\/uploads\/2024\/12\/Zrzut-ekranu-2023-11-12-o-07.37.06-64x28.png 64w\" sizes=\"(max-width: 363px) 100vw, 363px\" \/><img loading=\"lazy\" decoding=\"async\" class=\"alignnone wp-image-4224\" src=\"https:\/\/trucksconcept.com\/wp-content\/uploads\/2024\/12\/Zrzut-ekranu-2023-11-12-o-07.40.39-300x134.png\" alt=\"\" width=\"360\" height=\"161\" srcset=\"https:\/\/trucksconcept.com\/wp-content\/uploads\/2024\/12\/Zrzut-ekranu-2023-11-12-o-07.40.39-300x134.png 300w, https:\/\/trucksconcept.com\/wp-content\/uploads\/2024\/12\/Zrzut-ekranu-2023-11-12-o-07.40.39-1024x459.png 1024w, https:\/\/trucksconcept.com\/wp-content\/uploads\/2024\/12\/Zrzut-ekranu-2023-11-12-o-07.40.39-768x344.png 768w, https:\/\/trucksconcept.com\/wp-content\/uploads\/2024\/12\/Zrzut-ekranu-2023-11-12-o-07.40.39-1536x688.png 1536w, https:\/\/trucksconcept.com\/wp-content\/uploads\/2024\/12\/Zrzut-ekranu-2023-11-12-o-07.40.39-2048x918.png 2048w, https:\/\/trucksconcept.com\/wp-content\/uploads\/2024\/12\/Zrzut-ekranu-2023-11-12-o-07.40.39-600x269.png 600w, https:\/\/trucksconcept.com\/wp-content\/uploads\/2024\/12\/Zrzut-ekranu-2023-11-12-o-07.40.39-64x29.png 64w\" sizes=\"(max-width: 360px) 100vw, 360px\" \/><img loading=\"lazy\" decoding=\"async\" class=\"alignnone wp-image-4223\" src=\"https:\/\/trucksconcept.com\/wp-content\/uploads\/2024\/12\/Zrzut-ekranu-2023-11-12-o-07.40.27-300x136.png\" alt=\"\" width=\"355\" height=\"161\" srcset=\"https:\/\/trucksconcept.com\/wp-content\/uploads\/2024\/12\/Zrzut-ekranu-2023-11-12-o-07.40.27-300x136.png 300w, https:\/\/trucksconcept.com\/wp-content\/uploads\/2024\/12\/Zrzut-ekranu-2023-11-12-o-07.40.27-1024x464.png 1024w, https:\/\/trucksconcept.com\/wp-content\/uploads\/2024\/12\/Zrzut-ekranu-2023-11-12-o-07.40.27-768x348.png 768w, https:\/\/trucksconcept.com\/wp-content\/uploads\/2024\/12\/Zrzut-ekranu-2023-11-12-o-07.40.27-1536x696.png 1536w, https:\/\/trucksconcept.com\/wp-content\/uploads\/2024\/12\/Zrzut-ekranu-2023-11-12-o-07.40.27-2048x928.png 2048w, https:\/\/trucksconcept.com\/wp-content\/uploads\/2024\/12\/Zrzut-ekranu-2023-11-12-o-07.40.27-600x272.png 600w, https:\/\/trucksconcept.com\/wp-content\/uploads\/2024\/12\/Zrzut-ekranu-2023-11-12-o-07.40.27-64x29.png 64w\" sizes=\"(max-width: 355px) 100vw, 355px\" \/><\/p>\n<p>&nbsp;<\/p>\n<h3><strong>Modely prisp\u00f4soben\u00e9 va\u0161im po\u017eiadavk\u00e1m<\/strong><\/h3>\n<p>S\u00e9ria CS zah\u0155\u0148a modely s kapacitou a\u017e do <strong>102 ton<\/strong>, ako napr\u00edklad CS07, CS10, CS11, CS13 alebo CS15. Bez oh\u013eadu na va\u0161e potreby n\u00e1jdete ide\u00e1lny pohon pre va\u0161e vozidlo.<br \/>\n<strong>Pohony Edbro CS - viac ako \u0161tandard. Viac ako v\u00fdkon.<\/strong><br \/>\nNe\u010dakajte - kontaktujte n\u00e1s a vyberte si pohon, ktor\u00fd zmen\u00ed v\u00e1\u0161 pr\u00edstup k pr\u00e1ci. Stavte na trvanlivos\u0165, efektivitu a prev\u00e1dzkov\u00e9 zisky so spolo\u010dnos\u0165ou Edbro.<\/p>\n<div class=\"elementor-element elementor-element-3011f1e elementor-widget elementor-widget-text-editor\" data-id=\"3011f1e\" data-element_type=\"widget\" data-widget_type=\"text-editor.default\">\n<div class=\"elementor-widget-container\">\n<div class=\"elementor-element elementor-element-1fc6274 elementor-widget elementor-widget-text-editor\" data-id=\"1fc6274\" data-element_type=\"widget\" data-widget_type=\"text-editor.default\">\n<div class=\"elementor-widget-container\">\n<div class=\"elementor-element elementor-element-66f6d7d elementor-widget elementor-widget-text-editor\" data-id=\"66f6d7d\" data-element_type=\"widget\" data-widget_type=\"text-editor.default\">\n<div class=\"elementor-widget-container\">\n<h2><strong>Trucks Concept - ofici\u00e1lny a v\u00fdhradn\u00fd z\u00e1stupca spolo\u010dnosti EDBRO v Po\u013esku<\/strong><\/h2>\n<p><strong>Koncept n\u00e1kladn\u00fdch vozidiel<\/strong> je hrd\u00e1 na to, \u017ee je v\u00fdhradn\u00fdm z\u00e1stupcom zna\u010dky <strong>EDBRO<\/strong> v Po\u013esku pon\u00faka prvotriedne hydraulick\u00e9 teleskopick\u00e9 valce, ktor\u00e9 s\u00fa synonymom spo\u013eahlivosti a inov\u00e1ci\u00ed v dopravnom priemysle. Ako l\u00edder v poskytovan\u00ed hydraulick\u00fdch rie\u0161en\u00ed poskytujeme pr\u00edstup k produktom, ktor\u00e9 s\u00fa celosvetovo uzn\u00e1van\u00e9 ako \u0161tandard dokonalosti.<\/p>\n<hr \/>\n<h3><strong>EDBRO - Viac ako 100 rokov in\u017einierskej dokonalosti<\/strong><\/h3>\n<p>Zna\u010dka EDBRO, ktorej korene siahaj\u00fa a\u017e do roku 1909, m\u00e1 viac ako storo\u010dn\u00e9 sk\u00fasenosti s kon\u0161trukciou a v\u00fdrobou teleskopick\u00fdch pohonov. K\u013e\u00fa\u010dov\u00e9 komponenty sa vyr\u00e1baj\u00fa v najmodernej\u0161\u00edch v\u00fdrobn\u00fdch zariadeniach v Boltone, kde sa inovat\u00edvnymi procesmi, ako je laserov\u00e9 zv\u00e1ranie a presn\u00e9 CNC obr\u00e1banie, vytv\u00e1raj\u00fa naj\u013eah\u0161ie a najodolnej\u0161ie aktu\u00e1tory na trhu. Prostredn\u00edctvom pokro\u010dil\u00e9ho v\u00fdskumu a v\u00fdvoja spolo\u010dnos\u0165 EDBRO neust\u00e1le predv\u00edda potreby svojich z\u00e1kazn\u00edkov a pon\u00faka rie\u0161enia, ktor\u00e9 zvy\u0161uj\u00fa efektivitu a bezpe\u010dnos\u0165.<\/p>\n<hr \/>\n<h3><strong>Pre\u010do koncept n\u00e1kladn\u00fdch vozidiel?<\/strong><\/h3>\n<p>W <strong>Koncept n\u00e1kladn\u00fdch vozidiel<\/strong> zameriavame sa na <strong>v\u00fdrobky najvy\u0161\u0161ej kvality<\/strong> a pln\u00fa spokojnos\u0165 na\u0161ich z\u00e1kazn\u00edkov. Ako ofici\u00e1lny distrib\u00fator zna\u010dky EDBRO pon\u00fakame:<\/p>\n<ul>\n<li><strong>Naj\u013eah\u0161ie teleskopick\u00e9 valce na trhu<\/strong>, ktor\u00e9 zvy\u0161uj\u00fa u\u017eito\u010dn\u00e9 za\u0165a\u017eenie vozidla a zni\u017euj\u00fa prev\u00e1dzkov\u00e9 n\u00e1klady.<\/li>\n<li>Produkty s technol\u00f3giou <strong>\u201eFit &amp; Forget\u201d<\/strong>, \u010do zaru\u010duje minim\u00e1lne prestoje a maxim\u00e1lnu \u017eivotnos\u0165.<\/li>\n<li>Komplexn\u00e1 technick\u00e1 podpora vr\u00e1tane poradenstva, servisu a in\u0161tal\u00e1cie.<\/li>\n<\/ul>\n<p>Na\u0161a ponuka zah\u0155\u0148a nielen predaj v\u00fdrobkov, ale aj modern\u00e9 rie\u0161enia elektronick\u00e9ho obchodu a elektronick\u00fdch slu\u017eieb, ktor\u00e9 u\u013eah\u010duj\u00fa spr\u00e1vu hist\u00f3rie v\u00fdrobkov a zabezpe\u010duj\u00fa transparentnos\u0165 spolupr\u00e1ce.<\/p>\n<hr \/>\n<h3><strong>D\u00f4vera v sk\u00fasenosti a inov\u00e1cie<\/strong><\/h3>\n<p>Spolupr\u00e1ca so spolo\u010dnos\u0165ou Trucks Concept je z\u00e1rukou:<\/p>\n<ul>\n<li><strong>Bezkonkuren\u010dn\u00e1 kvalita<\/strong> produkty od svetov\u00e9ho l\u00eddra v oblasti hydrauliky.<\/li>\n<li><strong>Komplexn\u00e1 podpora<\/strong>, od n\u00e1kupu a\u017e po servis.<\/li>\n<li><strong>Budovanie dlhodob\u00fdch vz\u0165ahov<\/strong>, na z\u00e1klade d\u00f4very a spokojnosti z\u00e1kazn\u00edkov.<\/li>\n<\/ul>\n<p>Sme hrd\u00ed na to, \u017ee sme v\u00fdhradn\u00fdm z\u00e1stupcom zna\u010dky <strong>EDBRO<\/strong> v Po\u013esku dok\u00e1\u017eeme poskytn\u00fa\u0165 najlep\u0161ie in\u0161talat\u00e9rske rie\u0161enia pre najn\u00e1ro\u010dnej\u0161\u00edch z\u00e1kazn\u00edkov.<\/p>\n<hr \/>\n<p>Kontaktujte n\u00e1s e\u0161te dnes a objavte jedine\u010dn\u00fd sortiment teleskopick\u00fdch valcov EDBRO. <strong>N\u00e1kladn\u00e9 vozidl\u00e1 Concept - va\u0161a podpora pre spo\u013eahliv\u00fa dopravu.<\/strong><\/p>\n<\/div>\n<\/div>\n<\/div>\n<\/div>\n<\/div>\n<\/div>","protected":false},"excerpt":{"rendered":"<p>Si\u0142owniki frontowe Edbro serii CS \u2013 Maksymalna wydajno\u015b\u0107 w najtrudniejszych warunkach Edbro CS \u2013 Wyznacznik standard\u00f3w w bran\u017cy si\u0142ownik\u00f3w wywrotnych Si\u0142owniki frontowe Edbro serii CS to innowacyjne rozwi\u0105zanie, kt\u00f3re na nowo definiuje efektywno\u015b\u0107 i trwa\u0142o\u015b\u0107 w zastosowaniach wywrotnych. Stworzone z my\u015bl\u0105 o najci\u0119\u017cszych warunkach pracy, cylindry CS gwarantuj\u0105 niezr\u00f3wnan\u0105 wydajno\u015b\u0107, dzi\u0119ki kt\u00f3rej zwi\u0119kszysz \u0142adowno\u015b\u0107, zyski [&hellip;]<\/p>\n","protected":false},"featured_media":4139,"comment_status":"open","ping_status":"closed","template":"","meta":{"_acf_changed":false,"rank_math_lock_modified_date":false},"product_cat":[304,237],"product_tag":[],"class_list":{"0":"post-4237","1":"product","2":"type-product","3":"status-publish","4":"has-post-thumbnail","6":"product_cat-dolne-mocowanie-z-kielichem","7":"product_cat-silowniki-czolowe","9":"first","10":"onbackorder","11":"taxable","12":"shipping-taxable","13":"purchasable","14":"product-type-simple","15":"add-to-wishlist-after_add_to_cart"},"acf":[],"_links":{"self":[{"href":"https:\/\/trucksconcept.com\/sk\/wp-json\/wp\/v2\/product\/4237","targetHints":{"allow":["GET"]}}],"collection":[{"href":"https:\/\/trucksconcept.com\/sk\/wp-json\/wp\/v2\/product"}],"about":[{"href":"https:\/\/trucksconcept.com\/sk\/wp-json\/wp\/v2\/types\/product"}],"replies":[{"embeddable":true,"href":"https:\/\/trucksconcept.com\/sk\/wp-json\/wp\/v2\/comments?post=4237"}],"wp:featuredmedia":[{"embeddable":true,"href":"https:\/\/trucksconcept.com\/sk\/wp-json\/wp\/v2\/media\/4139"}],"wp:attachment":[{"href":"https:\/\/trucksconcept.com\/sk\/wp-json\/wp\/v2\/media?parent=4237"}],"wp:term":[{"taxonomy":"product_cat","embeddable":true,"href":"https:\/\/trucksconcept.com\/sk\/wp-json\/wp\/v2\/product_cat?post=4237"},{"taxonomy":"product_tag","embeddable":true,"href":"https:\/\/trucksconcept.com\/sk\/wp-json\/wp\/v2\/product_tag?post=4237"}],"curies":[{"name":"wp","href":"https:\/\/api.w.org\/{rel}","templated":true}]}}