{"id":4597,"date":"2024-12-31T18:52:10","date_gmt":"2024-12-31T17:52:10","guid":{"rendered":"https:\/\/trucksconcept.com\/?post_type=product&#038;p=4597"},"modified":"2025-01-02T08:59:36","modified_gmt":"2025-01-02T07:59:36","slug":"kompletny-zestaw-hydrauliki-do-wywrotu-man","status":"publish","type":"product","link":"https:\/\/trucksconcept.com\/sk\/product\/kompletny-zestaw-hydrauliki-do-wywrotu-man\/","title":{"rendered":"Kompletn\u00e1 s\u00faprava hydrauliky skl\u00e1pania pre MAN"},"content":{"rendered":"<h2><strong>Kompletny zestaw hydrauliki do wywrotu MAN \u2013 Wydajno\u015b\u0107 na najwy\u017cszym poziomie<\/strong><\/h2>\n<p>Szukasz niezawodnego rozwi\u0105zania, kt\u00f3re podniesie efektywno\u015b\u0107 Twojego transportu? Nasz zestaw hydrauliki do wywrotu, przeznaczony dla samochod\u00f3w MAN do ka\u017cdej skrzyni bieg\u00f3w(nale\u017cy wybra\u0107 skrzyni\u0119 bieg\u00f3w), to gwarancja jako\u015bci i niezawodno\u015bci. Wyposa\u017cony w komponenty renomowanej w\u0142oskiej marki OMFB, spe\u0142nia najwy\u017csze standardy w bran\u017cy.<\/p>\n<h4><strong>Pre\u010do na\u0161a s\u00faprava hydrauliky na skl\u00e1panie?<\/strong><\/h4>\n<ul>\n<li><strong>Osved\u010den\u00e9 komponenty OMFB<\/strong><br \/>\nTaliansky v\u00fdrobca OMFB je synonymom kvality a sk\u00fasenost\u00ed. Komponenty tejto zna\u010dky pou\u017e\u00edvaj\u00fa najv\u00e4\u010d\u0161ie svetov\u00e9 spolo\u010dnosti ako HYVA a Binotto.<\/li>\n<li><strong>Perfektn\u00e9 prisp\u00f4sobenie pre va\u0161e vozidlo<\/strong><br \/>\nZestaw zaprojektowano specjalnie dla samochod\u00f3w marki MAN, co gwarantuje \u0142atwo\u015b\u0107 monta\u017cu i pe\u0142n\u0105 kompatybilno\u015b\u0107.<\/li>\n<li><strong>Kompletn\u00e9 rie\u0161enie<\/strong><br \/>\nS\u00faprava obsahuje v\u0161etky potrebn\u00e9 komponenty:<\/p>\n<ul>\n<li>PTO (v\u00fdvodov\u00fd hriade\u013e OMFB)<\/li>\n<li>Zubov\u00e9 \u010derpadlo OMFB (82 l\/min)<\/li>\n<li>Hlin\u00edkov\u00e1 n\u00e1dr\u017e na hydraulick\u00fd olej (150 l)<\/li>\n<li>Hydraulick\u00fd ventil OMFB (150 l\/min)<\/li>\n<li>R\u00fdchlospojky, vysokotlakov\u00e9 hadice a sacie hadice<\/li>\n<li>Ovl\u00e1danie kab\u00edny OMFB<\/li>\n<li>Adapt\u00e9ry, tesnenia a mont\u00e1\u017ene pr\u00edslu\u0161enstvo<\/li>\n<\/ul>\n<\/li>\n<\/ul>\n<h4><strong>Pre\u010do si vybra\u0165 TrucksConcept?<\/strong><\/h4>\n<ul>\n<li><strong>Preprava alebo in\u0161tal\u00e1cia na mieste<\/strong><br \/>\nPon\u00fakame mo\u017enos\u0165 dopravy s\u00fapravy alebo profesion\u00e1lnej in\u0161tal\u00e1cie na\u0161imi \u0161pecialistami priamo na mieste.<\/li>\n<li><strong>Flexibiln\u00e9 prisp\u00f4sobenie<\/strong><br \/>\nPotrebujete piestov\u00e9 \u010derpadlo, prep\u00e1\u017ekov\u00fa n\u00e1dr\u017e alebo in\u00e9 komponenty? Priprav\u00edme v\u00e1m s\u00fapravu na mieru pod\u013ea va\u0161ich potrieb.<\/li>\n<li><strong>Odborn\u00e1 podpora<\/strong><br \/>\nN\u00e1\u0161 t\u00edm poradcov v\u00e1m pom\u00f4\u017ee vybra\u0165 najlep\u0161ie rie\u0161enie a poskytne pln\u00fa podporu v ka\u017edej f\u00e1ze implement\u00e1cie.<\/li>\n<li><strong>\u0160irok\u00e1 \u0161k\u00e1la hydraulick\u00fdch syst\u00e9mov<\/strong><br \/>\nOkrem vykl\u00e1pac\u00edch s\u00faprav pon\u00fakame aj syst\u00e9my na pohybliv\u00fa podlahu, vykladanie paliva a plynu a univerz\u00e1lne s\u00fapravy, ktor\u00e9 s\u00fa vhodn\u00e9 pre v\u00e4\u010d\u0161inu traktorov.<\/li>\n<\/ul>\n<h4><strong>Objednajte si e\u0161te dnes!<\/strong><\/h4>\n<p>U\u017e ne\u010dakajte - investujte do s\u00fapravy skl\u00e1pacej hydrauliky a zv\u00fd\u0161te efektivitu svojej prepravnej \u010dinnosti. Kontaktujte n\u00e1\u0161 poradensk\u00fd t\u00edm a z\u00edskajte \u010fal\u0161ie inform\u00e1cie alebo si objednajte s\u00fapravu pripraven\u00fa na pou\u017eitie. Stavte na kvalitu, spo\u013eahlivos\u0165 a efekt\u00edvnos\u0165 so spolo\u010dnos\u0165ou TrucksConcept!<\/p>\n<div id=\"v1v1forwardbody1\">\n<div id=\"v1v1v1forwardbody1\">\n<div id=\"v1v1v1v1forwardbody1\">\n<div class=\"elementor-element elementor-element-3011f1e elementor-widget elementor-widget-text-editor\" data-id=\"3011f1e\" data-element_type=\"widget\" data-widget_type=\"text-editor.default\">\n<div class=\"elementor-widget-container\">\n<div class=\"elementor-element elementor-element-1fc6274 elementor-widget elementor-widget-text-editor\" data-id=\"1fc6274\" data-element_type=\"widget\" data-widget_type=\"text-editor.default\">\n<div class=\"elementor-widget-container\">\n<div class=\"elementor-element elementor-element-66f6d7d elementor-widget elementor-widget-text-editor\" data-id=\"66f6d7d\" data-element_type=\"widget\" data-widget_type=\"text-editor.default\">\n<h3><span style=\"color: #000000;\">TRUCKS CONCEPT - OFICI\u00c1LNY DISTRIB\u00daTOR OMFB V PO\u013dSKU<\/span><\/h3>\n<div class=\"elementor-element elementor-element-3011f1e elementor-widget elementor-widget-text-editor\" data-id=\"3011f1e\" data-element_type=\"widget\" data-widget_type=\"text-editor.default\">\n<div class=\"elementor-widget-container\">\n<p><span style=\"color: #000000;\">Trucks Concept je distrib\u00fatorom talianskej zna\u010dky <strong>OMFB<\/strong>, ktor\u00e1 m\u00e1 dlhoro\u010dn\u00e9 sk\u00fasenosti s v\u00fdrobou hydraulick\u00fdch komponentov. V\u0161etky k\u013e\u00fa\u010dov\u00e9 komponenty sa vyr\u00e1baj\u00fa v tov\u00e1r\u0148ach\u00a0<strong>OMFB<\/strong>, \u010do zaru\u010duje spo\u013eahlivos\u0165 a najvy\u0161\u0161iu kvalitu pon\u00fakan\u00fdch rie\u0161en\u00ed.<\/span><\/p>\n<p><span style=\"color: #000000;\"><strong>OMFB<\/strong>\u00a0u\u017e mnoho rokov dod\u00e1va svoje v\u00fdrobky renomovan\u00fdm spolo\u010dnostiam najv\u00e4\u010d\u0161\u00edch hr\u00e1\u010dov v odvetv\u00ed n\u00e1kladn\u00fdch vozidiel, \u010do sved\u010d\u00ed o bezkonkuren\u010dnej kvalite komponentov tejto zna\u010dky. Spolo\u010dnos\u0165 pon\u00faka \u0161irok\u00fd sortiment v\u00fdrobkov vr\u00e1tane kompletn\u00fdch hydraulick\u00fdch syst\u00e9mov, ktor\u00e9 obsahuj\u00fa v\u0161etky potrebn\u00e9 komponenty:\u00a0<strong>PTO<\/strong>\u00a0(pr\u00eddavn\u00e9 zariadenie), zubov\u00e9 \u010derpadl\u00e1, olejov\u00e9 n\u00e1dr\u017ee, hydraulick\u00e9 ventily, r\u00fdchlospojky, hadice, sacie hadice, ovl\u00e1dacie prvky kab\u00edny, adapt\u00e9ry, tesnenia a mont\u00e1\u017ene pr\u00edslu\u0161enstvo. Ide o kompletn\u00e9 rie\u0161enie, ktor\u00e9 obsahuje v\u0161etko, \u010do potrebujete na bezprobl\u00e9mov\u00e9 a spo\u013eahliv\u00e9 hydraulick\u00e9 syst\u00e9my.<\/span><br \/>\n<span style=\"color: #000000;\">Po\u010das procesu in\u0161tal\u00e1cie sa z\u00e1kazn\u00edci m\u00f4\u017eu spo\u013eahn\u00fa\u0165 na odborn\u00e9 poradenstvo a mo\u017enos\u0165 zveri\u0165 in\u0161tal\u00e1ciu na\u0161im sk\u00fasen\u00fdm \u0161pecialistom, \u010d\u00edm sa zabezpe\u010d\u00ed r\u00fdchla a efekt\u00edvna implement\u00e1cia hydraulick\u00fdch syst\u00e9mov do vozidiel.<\/span><\/p>\n<div class=\"elementor-element elementor-element-17bda31 heading-title elementor-widget elementor-widget-heading animated fadeIn\" data-id=\"17bda31\" data-element_type=\"widget\" data-settings=\"{&quot;_animation&quot;:&quot;fadeIn&quot;}\" data-widget_type=\"heading.default\">\n<div class=\"elementor-widget-container\">\n<h3 class=\"elementor-heading-title elementor-size-default\"><span style=\"color: #000000;\">OMFB - HIST\u00d3RIA INOV\u00c1CI\u00cd A KVALITY<\/span><\/h3>\n<\/div>\n<\/div>\n<div class=\"elementor-element elementor-element-1fc6274 elementor-widget elementor-widget-text-editor\" data-id=\"1fc6274\" data-element_type=\"widget\" data-widget_type=\"text-editor.default\">\n<div class=\"elementor-widget-container\">\n<p><span style=\"color: #000000;\">Zna\u010dka\u00a0<strong>OMFB<\/strong>\u00a0bola zalo\u017een\u00e1 v roku 1950, ke\u010f si traja bratia Umberto, Nicola a Alessandro Bianchi otvorili mal\u00fa mechanick\u00fa diel\u0148u a vytvorili zna\u010dku, ktor\u00e1 si r\u00fdchlo z\u00edskala uznanie na trhu. Odvtedy spolo\u010dnos\u0165 pokra\u010duje v raste, inovuje a roz\u0161iruje svoj sortiment v\u00fdrobkov, ktor\u00fd zah\u0155\u0148a hydraulick\u00e9 \u010derpadl\u00e1, teleskopick\u00e9 valce a riadiace syst\u00e9my pre n\u00e1kladn\u00e9 vozidl\u00e1 a stavebn\u00e9 stroje.<\/span><\/p>\n<p><span style=\"color: #000000;\">V priebehu rokov\u00a0<strong>OMFB<\/strong>\u00a0si z\u00edskala d\u00f4veru z\u00e1kazn\u00edkov na celom svete a jej komponenty sa v s\u00fa\u010dasnosti pou\u017e\u00edvaj\u00fa v najn\u00e1ro\u010dnej\u0161\u00edch prostrediach, kde je prioritou spo\u013eahlivos\u0165 a v\u00fdkon. Spolo\u010dnos\u0165 je priekopn\u00edkom v mnoh\u00fdch technol\u00f3gi\u00e1ch, okrem in\u00e9ho uviedla na trh elektronick\u00e9 riadiace syst\u00e9my a inovat\u00edvne rie\u0161enia pre skl\u00e1pacie vozidl\u00e1.<\/span><\/p>\n<p><span style=\"color: #000000;\"><strong>Koncept n\u00e1kladn\u00fdch vozidiel<\/strong>\u00a0ako ofici\u00e1lny distrib\u00fator\u00a0<strong>OMFB<\/strong>\u00a0v Po\u013esku poskytuje pln\u00fa technick\u00fa podporu a \u0161irok\u00fd pr\u00edstup k v\u00fdrobkom tejto renomovanej zna\u010dky, ktor\u00e9 zaru\u010duj\u00fa spo\u013eahlivos\u0165 a v\u00fdkon za v\u0161etk\u00fdch podmienok.<\/span><\/p>\n<div class=\"elementor-element elementor-element-4e399f1 heading-title elementor-widget elementor-widget-heading animated fadeIn\" data-id=\"4e399f1\" data-element_type=\"widget\" data-settings=\"{&quot;_animation&quot;:&quot;fadeIn&quot;}\" data-widget_type=\"heading.default\">\n<div class=\"elementor-widget-container\">\n<h3 class=\"elementor-heading-title elementor-size-default\"><span style=\"color: #000000;\">ZAMERIAVAME SA NA V\u00ddROBKY NAJVY\u0160\u0160EJ KVALITY<\/span><\/h3>\n<\/div>\n<\/div>\n<div class=\"elementor-element elementor-element-66f6d7d elementor-widget elementor-widget-text-editor\" data-id=\"66f6d7d\" data-element_type=\"widget\" data-widget_type=\"text-editor.default\">\n<div class=\"elementor-widget-container\">\n<p><span style=\"color: #000000;\">W\u00a0<strong>Koncept n\u00e1kladn\u00fdch vozidiel<\/strong>\u00a0zameriavame sa na najvy\u0161\u0161iu kvalitu v\u00fdrobkov a \u00fapln\u00fa spokojnos\u0165 na\u0161ich z\u00e1kazn\u00edkov. Ako ofici\u00e1lny distrib\u00fator popredn\u00fdch zna\u010diek, ako napr.\u00a0<strong>Edbro<\/strong>\u00a0i\u00a0<strong>OMFB<\/strong>, pon\u00fakame len osved\u010den\u00e9 a spo\u013eahliv\u00e9 rie\u0161enia pre priemysel n\u00e1kladn\u00fdch vozidiel. Ka\u017ed\u00fd v\u00fdrobok, ktor\u00fd sa dostane k na\u0161im z\u00e1kazn\u00edkom, prech\u00e1dza pr\u00edsnym testovan\u00edm kvality, aby sa zabezpe\u010dila jeho trvanlivos\u0165 a \u00fa\u010dinnos\u0165.<\/span><\/p>\n<p><span style=\"color: #000000;\">Na\u0161a komplexn\u00e1 ponuka zah\u0155\u0148a nielen predaj v\u00fdrobkov, ale aj kompletn\u00fd servis, in\u0161tal\u00e1ciu a poradensk\u00fa podporu. V\u010faka inovat\u00edvnym rie\u0161eniam, ako je modern\u00e1 platforma elektronick\u00e9ho obchodu integrovan\u00e1 s platformou elektronick\u00fdch slu\u017eieb, umo\u017e\u0148ujeme z\u00e1kazn\u00edkom plne spravova\u0165 hist\u00f3riu svojich v\u00fdrobkov, \u010d\u00edm zabezpe\u010dujeme jednoduch\u00fd pr\u00edstup k slu\u017eb\u00e1m a transparentnos\u0165 spolupr\u00e1ce. Na\u0161ou prioritou je nielen poskytova\u0165 v\u00fdrobky najvy\u0161\u0161ej kvality, ale aj budova\u0165 dlhodob\u00e9 vz\u0165ahy zalo\u017een\u00e9 na d\u00f4vere a spokojnosti na\u0161ich z\u00e1kazn\u00edkov.<\/span><\/p>\n<\/div>\n<\/div>\n<\/div>\n<\/div>\n<\/div>\n<\/div>\n<\/div>\n<\/div>\n<\/div>\n<\/div>\n<\/div>\n<\/div>\n<\/div>\n<\/div>","protected":false},"excerpt":{"rendered":"<p>Kompletny zestaw hydrauliki do wywrotu MAN \u2013 Wydajno\u015b\u0107 na najwy\u017cszym poziomie Szukasz niezawodnego rozwi\u0105zania, kt\u00f3re podniesie efektywno\u015b\u0107 Twojego transportu? Nasz zestaw hydrauliki do wywrotu, przeznaczony dla samochod\u00f3w MAN do ka\u017cdej skrzyni bieg\u00f3w(nale\u017cy wybra\u0107 skrzyni\u0119 bieg\u00f3w), to gwarancja jako\u015bci i niezawodno\u015bci. Wyposa\u017cony w komponenty renomowanej w\u0142oskiej marki OMFB, spe\u0142nia najwy\u017csze standardy w bran\u017cy. Dlaczego nasz zestaw [&hellip;]<\/p>\n","protected":false},"featured_media":4569,"comment_status":"open","ping_status":"closed","template":"","meta":{"_acf_changed":false,"rank_math_lock_modified_date":false},"product_cat":[248,362],"product_tag":[],"class_list":{"0":"post-4597","1":"product","2":"type-product","3":"status-publish","4":"has-post-thumbnail","6":"product_cat-zestawy-hydrauliczne","7":"product_cat-man-zestawy-hydrauliczne","9":"first","10":"instock","11":"featured","12":"taxable","13":"shipping-taxable","14":"purchasable","15":"product-type-variable","16":"add-to-wishlist-after_add_to_cart"},"acf":[],"_links":{"self":[{"href":"https:\/\/trucksconcept.com\/sk\/wp-json\/wp\/v2\/product\/4597","targetHints":{"allow":["GET"]}}],"collection":[{"href":"https:\/\/trucksconcept.com\/sk\/wp-json\/wp\/v2\/product"}],"about":[{"href":"https:\/\/trucksconcept.com\/sk\/wp-json\/wp\/v2\/types\/product"}],"replies":[{"embeddable":true,"href":"https:\/\/trucksconcept.com\/sk\/wp-json\/wp\/v2\/comments?post=4597"}],"wp:featuredmedia":[{"embeddable":true,"href":"https:\/\/trucksconcept.com\/sk\/wp-json\/wp\/v2\/media\/4569"}],"wp:attachment":[{"href":"https:\/\/trucksconcept.com\/sk\/wp-json\/wp\/v2\/media?parent=4597"}],"wp:term":[{"taxonomy":"product_cat","embeddable":true,"href":"https:\/\/trucksconcept.com\/sk\/wp-json\/wp\/v2\/product_cat?post=4597"},{"taxonomy":"product_tag","embeddable":true,"href":"https:\/\/trucksconcept.com\/sk\/wp-json\/wp\/v2\/product_tag?post=4597"}],"curies":[{"name":"wp","href":"https:\/\/api.w.org\/{rel}","templated":true}]}}