{"id":5009,"date":"2025-01-08T09:39:53","date_gmt":"2025-01-08T08:39:53","guid":{"rendered":"https:\/\/trucksconcept.com\/?post_type=product&#038;p=5009"},"modified":"2025-01-08T09:46:43","modified_gmt":"2025-01-08T08:46:43","slug":"walek-przystawki-odbioru-mocy-omfb-do-skrzyni-mercedes-g150-211-280-lub-kit","status":"publish","type":"product","link":"https:\/\/trucksconcept.com\/sk\/product\/walek-przystawki-odbioru-mocy-omfb-do-skrzyni-mercedes-g150-211-280-lub-kit\/","title":{"rendered":"OMFB v\u00fdvodov\u00fd hriade\u013e pre MERCEDES G150\/211\/280 + LUB.KIT"},"content":{"rendered":"<h2>Wa\u0142ek przystawki odbioru mocy OMFB do skrzyni MERCEDES G150\/211\/280 + LUB.KIT<\/h2>\n<h2><strong>Hriadele pre v\u00fdvodov\u00fd hriade\u013e (PTO) od OMFB - presnos\u0165 a spo\u013eahlivos\u0165<\/strong><\/h2>\n<p>V\u00fdvodov\u00e9 hriadele OMFB s\u00fa k\u013e\u00fa\u010dov\u00fdmi komponentmi hydraulick\u00fdch a mechanick\u00fdch syst\u00e9mov, ktor\u00e9 umo\u017e\u0148uj\u00fa \u00fa\u010dinn\u00fd prenos v\u00fdkonu z prevodovky na extern\u00e9 zariadenia, ako s\u00fa hydraulick\u00e9 \u010derpadl\u00e1, \u017eeriavy alebo in\u00e9 pr\u00edslu\u0161enstvo vy\u017eaduj\u00face pohon. Ich pokro\u010dil\u00e1 kon\u0161trukcia a prec\u00edzne spracovanie zaru\u010duj\u00fa spo\u013eahlivos\u0165 a dlh\u00fa \u017eivotnos\u0165 v najn\u00e1ro\u010dnej\u0161\u00edch podmienkach.<\/p>\n<h3><strong>Pre\u010do si vybra\u0165 valce PTO OMFB?<\/strong><\/h3>\n<ul>\n<li><strong>Presn\u00e9 in\u017einierstvo<\/strong>: Ka\u017ed\u00fd valec je vyroben\u00fd z najkvalitnej\u0161\u00edch materi\u00e1lov, aby sa zabezpe\u010dila jeho trvanlivos\u0165 a odolnos\u0165.<\/li>\n<li><strong>Kompatibilita<\/strong>: K\u013abov\u00e9 hriadele OMFB s\u00fa vhodn\u00e9 pre \u0161irok\u00fa \u0161k\u00e1lu prevodoviek.<\/li>\n<li><strong>Spo\u013eahlivos\u0165<\/strong>: Na\u0161e v\u00fdrobky s\u00fa testovan\u00e9 v najn\u00e1ro\u010dnej\u0161\u00edch podmienkach a zaru\u010duj\u00fa bezpe\u010dnos\u0165 a v\u00fdkon.<\/li>\n<\/ul>\n<h2><strong>Pokro\u010dil\u00e9 pr\u00eddavn\u00e9 zariadenia pre zbera\u010de energie (PTO) od spolo\u010dnosti OMFB - presn\u00e9 rie\u0161enia pre va\u0161e potreby<\/strong><\/h2>\n<p>Pr\u00eddavn\u00e9 zariadenia na odber v\u00fdkonu (PTO) od spolo\u010dnosti OMFB s\u00fa inovat\u00edvne zariadenia, ktor\u00e9 s\u00fa k\u013e\u00fa\u010dovou s\u00fa\u010das\u0165ou hydraulick\u00fdch a mechanick\u00fdch syst\u00e9mov a umo\u017e\u0148uj\u00fa \u00fa\u010dinn\u00fd prenos v\u00fdkonu z prevodovky na extern\u00e9 zariadenia, ako s\u00fa hydraulick\u00e9 \u010derpadl\u00e1 alebo kardanov\u00e9 hriadele. V\u010faka svojej prec\u00edznej kon\u0161trukcii zaru\u010duj\u00fa PTO spolo\u010dnosti OMFB maxim\u00e1lny v\u00fdkon a spo\u013eahlivos\u0165 bez oh\u013eadu na aplik\u00e1ciu.<\/p>\n<p>Na\u0161e rie\u0161enia s\u00fa navrhnut\u00e9 pre \u0161irok\u00fa \u0161k\u00e1lu aplik\u00e1ci\u00ed vr\u00e1tane vykl\u00e1pac\u00edch syst\u00e9mov, manipul\u00e1cie so \u017eeriavom, h\u00e1kov\u00fdch nosi\u010dov alebo kompresorov. Ka\u017ed\u00e9 pr\u00eddavn\u00e9 zariadenie OMFB PTO je \u0161pecializovan\u00fd komponent, ktor\u00fd je dokonale prisp\u00f4soben\u00fd konkr\u00e9tnemu typu prevodovky, \u010do zaru\u010duje dokonal\u00e9 prisp\u00f4sobenie a trvanlivos\u0165 v akejko\u013evek konfigur\u00e1cii.<\/p>\n<p>V\u010faka pokro\u010dilej technol\u00f3gii a prec\u00edznemu dizajnu umo\u017e\u0148uj\u00fa pr\u00eddavn\u00e9 zariadenia OMFB:<\/p>\n<ul>\n<li><strong>Efekt\u00edvna dod\u00e1vka hydraulick\u00fdch zariaden\u00ed<\/strong>: Minimaliz\u00e1ciou str\u00e1t energie zabezpe\u010dujeme maxim\u00e1lnu \u00fa\u010dinnos\u0165.<\/li>\n<li><strong>Presn\u00fd prenos r\u00fdchlosti<\/strong>: Zaru\u010dujeme stabiln\u00fa pr\u00e1cu v n\u00e1ro\u010dnom prostred\u00ed.<\/li>\n<li><strong>Univerz\u00e1lne pou\u017eitie<\/strong>: Na\u0161e v\u00fdrobky s\u00fa kompatibiln\u00e9 so \u0161irokou \u0161k\u00e1lou vozidiel a aplik\u00e1ci\u00ed, od \u013eahk\u00fdch hydraulick\u00fdch pr\u00e1c a\u017e po \u0165a\u017ek\u00e9 priemyseln\u00e9 prev\u00e1dzky.<\/li>\n<\/ul>\n<h2><strong style=\"font-size: 16px;\">\u0160peci\u00e1lne mont\u00e1\u017ene s\u00fapravy a adapt\u00e9rov\u00e9 hriadele<\/strong><\/h2>\n<p>Pre ka\u017ed\u00fd typ prevodovky pon\u00fakame kompletn\u00e9 mont\u00e1\u017ene sady a hriadele (adapt\u00e9ry) na zabezpe\u010denie optim\u00e1lneho pripojenia pr\u00eddavn\u00e9ho zariadenia k hnaciemu \u00fastrojenstvu vozidla. V\u0161etky komponenty s\u00fa starostlivo vybran\u00e9 pre konkr\u00e9tny typ prevodovky a aplik\u00e1ciu, v\u010faka \u010domu s\u00fa na\u0161e rie\u0161enia plne kompatibiln\u00e9 a efekt\u00edvne v prev\u00e1dzke.<\/p>\n<p>V\u010faka tomuto pr\u00edstupu sa na\u0161e pr\u00eddavn\u00e9 zariadenia pou\u017e\u00edvaj\u00fa v \u0161irokej \u0161k\u00e1le aplik\u00e1ci\u00ed, ako napr:<\/p>\n<ul>\n<li><strong>Hydraulick\u00e9 syst\u00e9my pre skl\u00e1pa\u010de<\/strong>: Presn\u00e9 ovl\u00e1danie a r\u00fdchla akcia.<\/li>\n<li><strong>\u017deriavy<\/strong>: Stabilita a v\u00fdkon na podporu n\u00e1ro\u010dn\u00fdch zdv\u00edhac\u00edch oper\u00e1ci\u00ed.<\/li>\n<li><strong>H\u00e1kov\u00e9 naklada\u010de<\/strong>: Odolnos\u0165 a spo\u013eahlivos\u0165 pri manipul\u00e1cii s \u0165a\u017ek\u00fdmi bremenami.<\/li>\n<li><strong>Kompresory<\/strong>: Spo\u013eahliv\u00e9 nap\u00e1janie pneumatick\u00fdch syst\u00e9mov.<\/li>\n<\/ul>\n<h3><strong>\u0160pecializovan\u00e9 rie\u0161enia pre jedine\u010dn\u00e9 potreby<\/strong><\/h3>\n<p>Ka\u017ed\u00e9 pr\u00eddavn\u00e9 zariadenie OMFB PTO je navrhnut\u00e9 ako \u0161pecializovan\u00e9 rie\u0161enie. Zoh\u013ead\u0148ujeme \u0161pecifik\u00e1 vozidla, typ prevodovky a po\u017eiadavky aplik\u00e1cie, \u010do vedie k maxim\u00e1lnemu v\u00fdkonu a \u017eivotnosti syst\u00e9mu. V\u010faka n\u00e1\u0161mu \u0161irok\u00e9mu sortimentu sme schopn\u00ed doda\u0165 v\u00fdrobky kompatibiln\u00e9 s v\u00e4\u010d\u0161inou zna\u010diek n\u00e1kladn\u00fdch vozidiel vr\u00e1tane Volvo, Renault, Scania, Mercedes, Iveco, DAF, Ford, MAN a mnoh\u00fdch \u010fal\u0161\u00edch.<\/p>\n<h3><strong>Pre\u010do si vybra\u0165 OMFB?<\/strong><\/h3>\n<ul>\n<li><strong>Presnos\u0165 a spo\u013eahlivos\u0165<\/strong>: V\u00fdrobky prisp\u00f4soben\u00e9 najn\u00e1ro\u010dnej\u0161\u00edm pracovn\u00fdm podmienkam.<\/li>\n<li><strong>Individu\u00e1lny pr\u00edstup<\/strong>: Rie\u0161enia prisp\u00f4soben\u00e9 va\u0161im potreb\u00e1m.<\/li>\n<li><strong>Komplexn\u00e1 ponuka<\/strong>: Zah\u0155\u0148a pr\u00eddavn\u00e9 zariadenia PTO, mont\u00e1\u017ene s\u00fapravy, adapt\u00e9ry a technick\u00fa podporu.<\/li>\n<li><strong>Glob\u00e1lna pr\u00edtomnos\u0165<\/strong>: Dod\u00e1vame v\u00fdrobky na v\u0161etky kontinenty a spolupracujeme s hlavn\u00fdmi v\u00fdrobcami n\u00e1kladn\u00fdch vozidiel.<\/li>\n<\/ul>\n<h3><strong>Te\u0161\u00edme sa na spolupr\u00e1cu s vami<\/strong><\/h3>\n<p>OMFB je nielen najv\u00e4\u010d\u0161\u00edm a najd\u00f4veryhodnej\u0161\u00edm v\u00fdrobcom v\u00fdvodov\u00fdch hriade\u013eov v Eur\u00f3pe, ale aj va\u0161\u00edm partnerom pri poskytovan\u00ed spo\u013eahliv\u00fdch hydraulick\u00fdch rie\u0161en\u00ed. Kontaktujte n\u00e1s, aby ste z\u00edskali viac inform\u00e1ci\u00ed o na\u0161ich \u0161pecializovan\u00fdch produktoch a spolo\u010dne s nami na\u0161li optim\u00e1lne rie\u0161enie pre va\u0161e vozidlo.<\/p>\n<div id=\"v1v1forwardbody1\">\n<div id=\"v1v1v1forwardbody1\">\n<div id=\"v1v1v1v1forwardbody1\">\n<div class=\"elementor-element elementor-element-3011f1e elementor-widget elementor-widget-text-editor\" data-id=\"3011f1e\" data-element_type=\"widget\" data-widget_type=\"text-editor.default\">\n<div class=\"elementor-widget-container\">\n<div class=\"elementor-element elementor-element-1fc6274 elementor-widget elementor-widget-text-editor\" data-id=\"1fc6274\" data-element_type=\"widget\" data-widget_type=\"text-editor.default\">\n<div class=\"elementor-widget-container\">\n<div class=\"elementor-element elementor-element-66f6d7d elementor-widget elementor-widget-text-editor\" data-id=\"66f6d7d\" data-element_type=\"widget\" data-widget_type=\"text-editor.default\">\n<h3><span style=\"color: #000000;\">TRUCKS CONCEPT - OFICI\u00c1LNY DISTRIB\u00daTOR OMFB V PO\u013dSKU<\/span><\/h3>\n<div class=\"elementor-element elementor-element-3011f1e elementor-widget elementor-widget-text-editor\" data-id=\"3011f1e\" data-element_type=\"widget\" data-widget_type=\"text-editor.default\">\n<div class=\"elementor-widget-container\">\n<p><span style=\"color: #000000;\">Trucks Concept je distrib\u00fatorom talianskej zna\u010dky <strong>OMFB<\/strong>, ktor\u00e1 m\u00e1 dlhoro\u010dn\u00e9 sk\u00fasenosti s v\u00fdrobou hydraulick\u00fdch komponentov. V\u0161etky k\u013e\u00fa\u010dov\u00e9 komponenty sa vyr\u00e1baj\u00fa v tov\u00e1r\u0148ach\u00a0<strong>OMFB<\/strong>, \u010do zaru\u010duje spo\u013eahlivos\u0165 a najvy\u0161\u0161iu kvalitu pon\u00fakan\u00fdch rie\u0161en\u00ed.<\/span><\/p>\n<p><span style=\"color: #000000;\"><strong>OMFB<\/strong>\u00a0u\u017e mnoho rokov dod\u00e1va svoje v\u00fdrobky renomovan\u00fdm spolo\u010dnostiam najv\u00e4\u010d\u0161\u00edch hr\u00e1\u010dov v odvetv\u00ed n\u00e1kladn\u00fdch vozidiel, \u010do sved\u010d\u00ed o bezkonkuren\u010dnej kvalite komponentov tejto zna\u010dky. Spolo\u010dnos\u0165 pon\u00faka \u0161irok\u00fd sortiment v\u00fdrobkov vr\u00e1tane kompletn\u00fdch hydraulick\u00fdch syst\u00e9mov, ktor\u00e9 obsahuj\u00fa v\u0161etky potrebn\u00e9 komponenty:\u00a0<strong>PTO<\/strong>\u00a0(pr\u00eddavn\u00e9 zariadenie), zubov\u00e9 \u010derpadl\u00e1, olejov\u00e9 n\u00e1dr\u017ee, hydraulick\u00e9 ventily, r\u00fdchlospojky, hadice, sacie hadice, ovl\u00e1dacie prvky kab\u00edny, adapt\u00e9ry, tesnenia a mont\u00e1\u017ene pr\u00edslu\u0161enstvo. Ide o kompletn\u00e9 rie\u0161enie, ktor\u00e9 obsahuje v\u0161etko, \u010do potrebujete na bezprobl\u00e9mov\u00e9 a spo\u013eahliv\u00e9 hydraulick\u00e9 syst\u00e9my.<\/span><br \/>\n<span style=\"color: #000000;\">Po\u010das procesu in\u0161tal\u00e1cie sa z\u00e1kazn\u00edci m\u00f4\u017eu spo\u013eahn\u00fa\u0165 na odborn\u00e9 poradenstvo a mo\u017enos\u0165 zveri\u0165 in\u0161tal\u00e1ciu na\u0161im sk\u00fasen\u00fdm \u0161pecialistom, \u010d\u00edm sa zabezpe\u010d\u00ed r\u00fdchla a efekt\u00edvna implement\u00e1cia hydraulick\u00fdch syst\u00e9mov do vozidiel.<\/span><\/p>\n<div class=\"elementor-element elementor-element-17bda31 heading-title elementor-widget elementor-widget-heading animated fadeIn\" data-id=\"17bda31\" data-element_type=\"widget\" data-settings=\"{&quot;_animation&quot;:&quot;fadeIn&quot;}\" data-widget_type=\"heading.default\">\n<div class=\"elementor-widget-container\">\n<h3 class=\"elementor-heading-title elementor-size-default\"><span style=\"color: #000000;\">OMFB - HIST\u00d3RIA INOV\u00c1CI\u00cd A KVALITY<\/span><\/h3>\n<\/div>\n<\/div>\n<div class=\"elementor-element elementor-element-1fc6274 elementor-widget elementor-widget-text-editor\" data-id=\"1fc6274\" data-element_type=\"widget\" data-widget_type=\"text-editor.default\">\n<div class=\"elementor-widget-container\">\n<p><span style=\"color: #000000;\">Zna\u010dka\u00a0<strong>OMFB<\/strong>\u00a0bola zalo\u017een\u00e1 v roku 1950, ke\u010f si traja bratia Umberto, Nicola a Alessandro Bianchi otvorili mal\u00fa mechanick\u00fa diel\u0148u a vytvorili zna\u010dku, ktor\u00e1 si r\u00fdchlo z\u00edskala uznanie na trhu. Odvtedy spolo\u010dnos\u0165 pokra\u010duje v raste, inovuje a roz\u0161iruje svoj sortiment v\u00fdrobkov, ktor\u00fd zah\u0155\u0148a hydraulick\u00e9 \u010derpadl\u00e1, teleskopick\u00e9 valce a riadiace syst\u00e9my pre n\u00e1kladn\u00e9 vozidl\u00e1 a stavebn\u00e9 stroje.<\/span><\/p>\n<p><span style=\"color: #000000;\">V priebehu rokov\u00a0<strong>OMFB<\/strong>\u00a0si z\u00edskala d\u00f4veru z\u00e1kazn\u00edkov na celom svete a jej komponenty sa v s\u00fa\u010dasnosti pou\u017e\u00edvaj\u00fa v najn\u00e1ro\u010dnej\u0161\u00edch prostrediach, kde je prioritou spo\u013eahlivos\u0165 a v\u00fdkon. Spolo\u010dnos\u0165 je priekopn\u00edkom v mnoh\u00fdch technol\u00f3gi\u00e1ch, okrem in\u00e9ho uviedla na trh elektronick\u00e9 riadiace syst\u00e9my a inovat\u00edvne rie\u0161enia pre skl\u00e1pacie vozidl\u00e1.<\/span><\/p>\n<p><span style=\"color: #000000;\"><strong>Koncept n\u00e1kladn\u00fdch vozidiel<\/strong>\u00a0ako ofici\u00e1lny distrib\u00fator\u00a0<strong>OMFB<\/strong>\u00a0v Po\u013esku poskytuje pln\u00fa technick\u00fa podporu a \u0161irok\u00fd pr\u00edstup k v\u00fdrobkom tejto renomovanej zna\u010dky, ktor\u00e9 zaru\u010duj\u00fa spo\u013eahlivos\u0165 a v\u00fdkon za v\u0161etk\u00fdch podmienok.<\/span><\/p>\n<div class=\"elementor-element elementor-element-4e399f1 heading-title elementor-widget elementor-widget-heading animated fadeIn\" data-id=\"4e399f1\" data-element_type=\"widget\" data-settings=\"{&quot;_animation&quot;:&quot;fadeIn&quot;}\" data-widget_type=\"heading.default\">\n<div class=\"elementor-widget-container\">\n<h3 class=\"elementor-heading-title elementor-size-default\"><span style=\"color: #000000;\">ZAMERIAVAME SA NA V\u00ddROBKY NAJVY\u0160\u0160EJ KVALITY<\/span><\/h3>\n<\/div>\n<\/div>\n<div class=\"elementor-element elementor-element-66f6d7d elementor-widget elementor-widget-text-editor\" data-id=\"66f6d7d\" data-element_type=\"widget\" data-widget_type=\"text-editor.default\">\n<div class=\"elementor-widget-container\">\n<p><span style=\"color: #000000;\">W\u00a0<strong>Koncept n\u00e1kladn\u00fdch vozidiel<\/strong>\u00a0zameriavame sa na najvy\u0161\u0161iu kvalitu v\u00fdrobkov a \u00fapln\u00fa spokojnos\u0165 na\u0161ich z\u00e1kazn\u00edkov. Ako ofici\u00e1lny distrib\u00fator popredn\u00fdch zna\u010diek, ako napr.\u00a0<strong>Edbro<\/strong>\u00a0i\u00a0<strong>OMFB<\/strong>, pon\u00fakame len osved\u010den\u00e9 a spo\u013eahliv\u00e9 rie\u0161enia pre priemysel n\u00e1kladn\u00fdch vozidiel. Ka\u017ed\u00fd v\u00fdrobok, ktor\u00fd sa dostane k na\u0161im z\u00e1kazn\u00edkom, prech\u00e1dza pr\u00edsnym testovan\u00edm kvality, aby sa zabezpe\u010dila jeho trvanlivos\u0165 a \u00fa\u010dinnos\u0165.<\/span><\/p>\n<p><span style=\"color: #000000;\">Na\u0161a komplexn\u00e1 ponuka zah\u0155\u0148a nielen predaj v\u00fdrobkov, ale aj kompletn\u00fd servis, in\u0161tal\u00e1ciu a poradensk\u00fa podporu. V\u010faka inovat\u00edvnym rie\u0161eniam, ako je modern\u00e1 platforma elektronick\u00e9ho obchodu integrovan\u00e1 s platformou elektronick\u00fdch slu\u017eieb, umo\u017e\u0148ujeme z\u00e1kazn\u00edkom plne spravova\u0165 hist\u00f3riu svojich v\u00fdrobkov, \u010d\u00edm zabezpe\u010dujeme jednoduch\u00fd pr\u00edstup k slu\u017eb\u00e1m a transparentnos\u0165 spolupr\u00e1ce. Na\u0161ou prioritou je nielen poskytova\u0165 v\u00fdrobky najvy\u0161\u0161ej kvality, ale aj budova\u0165 dlhodob\u00e9 vz\u0165ahy zalo\u017een\u00e9 na d\u00f4vere a spokojnosti na\u0161ich z\u00e1kazn\u00edkov.<\/span><\/p>\n<\/div>\n<\/div>\n<\/div>\n<\/div>\n<\/div>\n<\/div>\n<\/div>\n<\/div>\n<\/div>\n<\/div>\n<\/div>\n<\/div>\n<\/div>\n<\/div>","protected":false},"excerpt":{"rendered":"<p>Wa\u0142ek przystawki odbioru mocy OMFB do skrzyni MERCEDES G150\/211\/280 + LUB.KIT Wa\u0142ki do Przystawki Odbioru Mocy (PTO) marki OMFB \u2013 Precyzja i Niezawodno\u015b\u0107 Wa\u0142ki do przystawek odbioru mocy (PTO) marki OMFB to kluczowe komponenty w systemach hydraulicznych i mechanicznych, umo\u017cliwiaj\u0105ce skuteczne przeniesienie mocy ze skrzyni bieg\u00f3w na zewn\u0119trzne urz\u0105dzenia, takie jak pompy hydrauliczne, \u017curawie czy [&hellip;]<\/p>\n","protected":false},"featured_media":5010,"comment_status":"open","ping_status":"closed","template":"","meta":{"_acf_changed":false,"rank_math_lock_modified_date":false},"product_cat":[294,236,300],"product_tag":[],"class_list":{"0":"post-5009","1":"product","2":"type-product","3":"status-publish","4":"has-post-thumbnail","6":"product_cat-mercedes","7":"product_cat-przystawki-odbioru-mocy-walki-adaptery","8":"product_cat-walki-adaptery","10":"first","11":"instock","12":"featured","13":"taxable","14":"shipping-taxable","15":"purchasable","16":"product-type-simple","17":"add-to-wishlist-after_add_to_cart"},"acf":[],"_links":{"self":[{"href":"https:\/\/trucksconcept.com\/sk\/wp-json\/wp\/v2\/product\/5009","targetHints":{"allow":["GET"]}}],"collection":[{"href":"https:\/\/trucksconcept.com\/sk\/wp-json\/wp\/v2\/product"}],"about":[{"href":"https:\/\/trucksconcept.com\/sk\/wp-json\/wp\/v2\/types\/product"}],"replies":[{"embeddable":true,"href":"https:\/\/trucksconcept.com\/sk\/wp-json\/wp\/v2\/comments?post=5009"}],"wp:featuredmedia":[{"embeddable":true,"href":"https:\/\/trucksconcept.com\/sk\/wp-json\/wp\/v2\/media\/5010"}],"wp:attachment":[{"href":"https:\/\/trucksconcept.com\/sk\/wp-json\/wp\/v2\/media?parent=5009"}],"wp:term":[{"taxonomy":"product_cat","embeddable":true,"href":"https:\/\/trucksconcept.com\/sk\/wp-json\/wp\/v2\/product_cat?post=5009"},{"taxonomy":"product_tag","embeddable":true,"href":"https:\/\/trucksconcept.com\/sk\/wp-json\/wp\/v2\/product_tag?post=5009"}],"curies":[{"name":"wp","href":"https:\/\/api.w.org\/{rel}","templated":true}]}}