{"id":5178,"date":"2025-01-20T17:05:44","date_gmt":"2025-01-20T16:05:44","guid":{"rendered":"https:\/\/trucksconcept.com\/?post_type=product&#038;p=5178"},"modified":"2025-01-22T18:13:29","modified_gmt":"2025-01-22T17:13:29","slug":"szybkozlacze-hydrauliczne-wciskane-1-2-iso-komplet-czesc-meska-i-zenska-kopia","status":"publish","type":"product","link":"https:\/\/trucksconcept.com\/sk\/product\/szybkozlacze-hydrauliczne-wciskane-1-2-iso-komplet-czesc-meska-i-zenska-kopia\/","title":{"rendered":"Szybkoz\u0142\u0105cze Hydrauliczne wciskane 1\/2&#8221; ISO A &#8211; komplet &#8211; cz\u0119\u015b\u0107 m\u0119ska i \u017ce\u0144ska"},"content":{"rendered":"<div>\n<h2>Szybkoz\u0142\u0105cze Hydrauliczne wciskane 1\/2&#8221; ISO A &#8211; komplet &#8211; cz\u0119\u015b\u0107 m\u0119ska i \u017ce\u0144ska \u2013 Pewno\u015b\u0107 i Trwa\u0142o\u015b\u0107 w Ka\u017cdym Po\u0142\u0105czeniu<\/h2>\n<p>V obchode <strong>Truck Concept<\/strong> pon\u00fakame <strong>Hydraulick\u00e1 r\u00fdchlospojka 1\/2\u201d ISO<\/strong>, ktor\u00e1 kombinuje <strong>najvy\u0161\u0161ia kvalita<\/strong> v\u00fdkon a <strong>spo\u013eahlivos\u0165<\/strong>, ktor\u00e9 o\u010dak\u00e1vate vo svojom hydraulickom syst\u00e9me.<\/p>\n<h4>Pre\u010do si vybra\u0165 na\u0161u r\u00fdchlospojku?<\/h4>\n<ul>\n<li><strong>S\u00falad s normou ISO\u00a0<\/strong><br \/>\nT\u00e1to r\u00fdchlospojka, zn\u00e1ma aj ako eurospojka, sp\u013a\u0148a pr\u00edsne po\u017eiadavky medzin\u00e1rodnej normy. Zabezpe\u010duje tak <strong>v\u0161estrannos\u0165<\/strong> a je kompatibiln\u00fd s mnoh\u00fdmi hydraulick\u00fdmi syst\u00e9mami.<\/li>\n<li><strong>Pevnos\u0165 a odolnos\u0165<\/strong><br \/>\nV\u010faka vysokokvalitn\u00fdm materi\u00e1lom a prec\u00edznemu spracovaniu je r\u00fdchlospojka ide\u00e1lna do n\u00e1ro\u010dn\u00fdch pracovn\u00fdch podmienok, napr\u00edklad pre po\u013enohospod\u00e1rske stroje alebo priemyseln\u00e9 zariadenia.<\/li>\n<li><strong>Bezpe\u010dn\u00e9 a pevn\u00e9 pripojenie<\/strong><br \/>\nKon\u0161trukcia r\u00fdchlospojky zaru\u010duje spo\u013eahlivos\u0165 spojenia a tesnos\u0165 hydraulick\u00e9ho syst\u00e9mu, \u010d\u00edm sa eliminuje riziko netesnost\u00ed.<\/li>\n<\/ul>\n<h4>Aplik\u00e1cia<\/h4>\n<ul>\n<li><strong>Po\u013enohospod\u00e1rske a stavebn\u00e9 stroje<\/strong> - ide\u00e1lne na pou\u017eitie na traktoroch, kombajnoch alebo in\u00fdch po\u013enohospod\u00e1rskych vozidl\u00e1ch.<\/li>\n<li><strong>Priemyseln\u00e9 aplik\u00e1cie<\/strong> - nepostr\u00e1date\u013en\u00e9 v hydraulick\u00fdch syst\u00e9moch, ktor\u00e9 vy\u017eaduj\u00fa trvanlivos\u0165 a bezporuchov\u00fa prev\u00e1dzku.<\/li>\n<li><strong>R\u00f4zne in\u0161talat\u00e9rske syst\u00e9my<\/strong> - univerz\u00e1lne rie\u0161enie pre mnoh\u00e9 odvetvia.<\/li>\n<\/ul>\n<\/div>\n<div class=\"elementor-element elementor-element-2bd2719 heading-title elementor-widget elementor-widget-heading animated fadeIn\" data-id=\"2bd2719\" data-element_type=\"widget\" data-settings=\"{&quot;_animation&quot;:&quot;fadeIn&quot;}\" data-widget_type=\"heading.default\">\n<div class=\"elementor-widget-container\">\n<h3 class=\"elementor-heading-title elementor-size-default\"><span style=\"color: #000000;\">TRUCKS CONCEPT - OFICI\u00c1LNY DISTRIB\u00daTOR OMFB V PO\u013dSKU<\/span><\/h3>\n<\/div>\n<\/div>\n<div class=\"elementor-element elementor-element-3011f1e elementor-widget elementor-widget-text-editor\" data-id=\"3011f1e\" data-element_type=\"widget\" data-widget_type=\"text-editor.default\">\n<div class=\"elementor-widget-container\">\n<p><span style=\"color: #000000;\">Trucks Concept je distrib\u00fatorom talianskej zna\u010dky <strong>OMFB<\/strong>, ktor\u00e1 m\u00e1 dlhoro\u010dn\u00e9 sk\u00fasenosti s v\u00fdrobou hydraulick\u00fdch komponentov. V\u0161etky k\u013e\u00fa\u010dov\u00e9 komponenty sa vyr\u00e1baj\u00fa v tov\u00e1r\u0148ach\u00a0<strong>OMFB<\/strong>, \u010do zaru\u010duje spo\u013eahlivos\u0165 a najvy\u0161\u0161iu kvalitu pon\u00fakan\u00fdch rie\u0161en\u00ed.<\/span><\/p>\n<p><span style=\"color: #000000;\"><strong>OMFB<\/strong>\u00a0u\u017e mnoho rokov dod\u00e1va svoje v\u00fdrobky renomovan\u00fdm spolo\u010dnostiam najv\u00e4\u010d\u0161\u00edch hr\u00e1\u010dov v odvetv\u00ed n\u00e1kladn\u00fdch vozidiel, \u010do sved\u010d\u00ed o bezkonkuren\u010dnej kvalite komponentov tejto zna\u010dky. Spolo\u010dnos\u0165 pon\u00faka \u0161irok\u00fd sortiment v\u00fdrobkov vr\u00e1tane kompletn\u00fdch hydraulick\u00fdch syst\u00e9mov, ktor\u00e9 obsahuj\u00fa v\u0161etky potrebn\u00e9 komponenty:\u00a0<strong>PTO<\/strong>\u00a0(pr\u00eddavn\u00e9 zariadenie), zubov\u00e9 \u010derpadl\u00e1, olejov\u00e9 n\u00e1dr\u017ee, hydraulick\u00e9 ventily, r\u00fdchlospojky, hadice, sacie hadice, ovl\u00e1dacie prvky kab\u00edny, adapt\u00e9ry, tesnenia a mont\u00e1\u017ene pr\u00edslu\u0161enstvo. Ide o kompletn\u00e9 rie\u0161enie, ktor\u00e9 obsahuje v\u0161etko, \u010do potrebujete na bezprobl\u00e9mov\u00e9 a spo\u013eahliv\u00e9 hydraulick\u00e9 syst\u00e9my.<\/span><br \/>\n<span style=\"color: #000000;\">Po\u010das procesu in\u0161tal\u00e1cie sa z\u00e1kazn\u00edci m\u00f4\u017eu spo\u013eahn\u00fa\u0165 na odborn\u00e9 poradenstvo a mo\u017enos\u0165 zveri\u0165 in\u0161tal\u00e1ciu na\u0161im sk\u00fasen\u00fdm \u0161pecialistom, \u010d\u00edm sa zabezpe\u010d\u00ed r\u00fdchla a efekt\u00edvna implement\u00e1cia hydraulick\u00fdch syst\u00e9mov do vozidiel.<\/span><\/p>\n<div class=\"elementor-element elementor-element-17bda31 heading-title elementor-widget elementor-widget-heading animated fadeIn\" data-id=\"17bda31\" data-element_type=\"widget\" data-settings=\"{&quot;_animation&quot;:&quot;fadeIn&quot;}\" data-widget_type=\"heading.default\">\n<div class=\"elementor-widget-container\">\n<h3 class=\"elementor-heading-title elementor-size-default\"><span style=\"color: #000000;\">OMFB - HIST\u00d3RIA INOV\u00c1CI\u00cd A KVALITY<\/span><\/h3>\n<\/div>\n<\/div>\n<div class=\"elementor-element elementor-element-1fc6274 elementor-widget elementor-widget-text-editor\" data-id=\"1fc6274\" data-element_type=\"widget\" data-widget_type=\"text-editor.default\">\n<div class=\"elementor-widget-container\">\n<p><span style=\"color: #000000;\">Zna\u010dka\u00a0<strong>OMFB<\/strong>\u00a0bola zalo\u017een\u00e1 v roku 1950, ke\u010f si traja bratia Umberto, Nicola a Alessandro Bianchi otvorili mal\u00fa mechanick\u00fa diel\u0148u a vytvorili zna\u010dku, ktor\u00e1 si r\u00fdchlo z\u00edskala uznanie na trhu. Odvtedy spolo\u010dnos\u0165 pokra\u010duje v raste, inovuje a roz\u0161iruje svoj sortiment v\u00fdrobkov, ktor\u00fd zah\u0155\u0148a hydraulick\u00e9 \u010derpadl\u00e1, teleskopick\u00e9 valce a riadiace syst\u00e9my pre n\u00e1kladn\u00e9 vozidl\u00e1 a stavebn\u00e9 stroje.<\/span><\/p>\n<p><span style=\"color: #000000;\">V priebehu rokov\u00a0<strong>OMFB<\/strong>\u00a0si z\u00edskala d\u00f4veru z\u00e1kazn\u00edkov na celom svete a jej komponenty sa v s\u00fa\u010dasnosti pou\u017e\u00edvaj\u00fa v najn\u00e1ro\u010dnej\u0161\u00edch prostrediach, kde je prioritou spo\u013eahlivos\u0165 a v\u00fdkon. Spolo\u010dnos\u0165 je priekopn\u00edkom v mnoh\u00fdch technol\u00f3gi\u00e1ch, okrem in\u00e9ho uviedla na trh elektronick\u00e9 riadiace syst\u00e9my a inovat\u00edvne rie\u0161enia pre skl\u00e1pacie vozidl\u00e1.<\/span><\/p>\n<p><span style=\"color: #000000;\"><strong>Koncept n\u00e1kladn\u00fdch vozidiel<\/strong>\u00a0ako ofici\u00e1lny distrib\u00fator\u00a0<strong>OMFB<\/strong>\u00a0v Po\u013esku poskytuje pln\u00fa technick\u00fa podporu a \u0161irok\u00fd pr\u00edstup k v\u00fdrobkom tejto renomovanej zna\u010dky, ktor\u00e9 zaru\u010duj\u00fa spo\u013eahlivos\u0165 a v\u00fdkon za v\u0161etk\u00fdch podmienok.<\/span><\/p>\n<div class=\"elementor-element elementor-element-4e399f1 heading-title elementor-widget elementor-widget-heading animated fadeIn\" data-id=\"4e399f1\" data-element_type=\"widget\" data-settings=\"{&quot;_animation&quot;:&quot;fadeIn&quot;}\" data-widget_type=\"heading.default\">\n<div class=\"elementor-widget-container\">\n<h3 class=\"elementor-heading-title elementor-size-default\"><span style=\"color: #000000;\">ZAMERIAVAME SA NA V\u00ddROBKY NAJVY\u0160\u0160EJ KVALITY<\/span><\/h3>\n<\/div>\n<\/div>\n<div class=\"elementor-element elementor-element-66f6d7d elementor-widget elementor-widget-text-editor\" data-id=\"66f6d7d\" data-element_type=\"widget\" data-widget_type=\"text-editor.default\">\n<div class=\"elementor-widget-container\">\n<p><span style=\"color: #000000;\">W\u00a0<strong>Koncept n\u00e1kladn\u00fdch vozidiel<\/strong>\u00a0zameriavame sa na najvy\u0161\u0161iu kvalitu v\u00fdrobkov a \u00fapln\u00fa spokojnos\u0165 na\u0161ich z\u00e1kazn\u00edkov. Ako ofici\u00e1lny distrib\u00fator popredn\u00fdch zna\u010diek, ako napr.\u00a0<strong>Edbro<\/strong>\u00a0i\u00a0<strong>OMFB<\/strong>, pon\u00fakame len osved\u010den\u00e9 a spo\u013eahliv\u00e9 rie\u0161enia pre priemysel n\u00e1kladn\u00fdch vozidiel. Ka\u017ed\u00fd v\u00fdrobok, ktor\u00fd sa dostane k na\u0161im z\u00e1kazn\u00edkom, prech\u00e1dza pr\u00edsnym testovan\u00edm kvality, aby sa zabezpe\u010dila jeho trvanlivos\u0165 a \u00fa\u010dinnos\u0165.<\/span><\/p>\n<p><span style=\"color: #000000;\">Na\u0161a komplexn\u00e1 ponuka zah\u0155\u0148a nielen predaj v\u00fdrobkov, ale aj kompletn\u00fd servis, in\u0161tal\u00e1ciu a poradensk\u00fa podporu. V\u010faka inovat\u00edvnym rie\u0161eniam, ako je modern\u00e1 platforma elektronick\u00e9ho obchodu integrovan\u00e1 s platformou elektronick\u00fdch slu\u017eieb, umo\u017e\u0148ujeme z\u00e1kazn\u00edkom plne spravova\u0165 hist\u00f3riu svojich v\u00fdrobkov, \u010d\u00edm zabezpe\u010dujeme jednoduch\u00fd pr\u00edstup k slu\u017eb\u00e1m a transparentnos\u0165 spolupr\u00e1ce. Na\u0161ou prioritou je nielen poskytova\u0165 v\u00fdrobky najvy\u0161\u0161ej kvality, ale aj budova\u0165 dlhodob\u00e9 vz\u0165ahy zalo\u017een\u00e9 na d\u00f4vere a spokojnosti na\u0161ich z\u00e1kazn\u00edkov.<\/span><\/p>\n<\/div>\n<\/div>\n<\/div>\n<\/div>\n<\/div>\n<\/div>","protected":false},"excerpt":{"rendered":"<p>Szybkoz\u0142\u0105cze Hydrauliczne wciskane 1\/2&#8221; ISO A &#8211; komplet &#8211; cz\u0119\u015b\u0107 m\u0119ska i \u017ce\u0144ska \u2013 Pewno\u015b\u0107 i Trwa\u0142o\u015b\u0107 w Ka\u017cdym Po\u0142\u0105czeniu W sklepie Truck Concept oferujemy szybkoz\u0142\u0105cze hydrauliczne gniazdo 1\/2&#8221; ISO, kt\u00f3re \u0142\u0105czy w sobie najwy\u017csz\u0105 jako\u015b\u0107 wykonania oraz niezawodno\u015b\u0107, jakiej oczekujesz w swoim systemie hydraulicznym. Dlaczego warto wybra\u0107 nasze szybkoz\u0142\u0105cze? Zgodno\u015b\u0107 ze standardem ISO\u00a0 To [&hellip;]<\/p>\n","protected":false},"featured_media":5165,"comment_status":"open","ping_status":"closed","template":"","meta":{"_acf_changed":false,"rank_math_lock_modified_date":false},"product_cat":[241,327],"product_tag":[],"class_list":{"0":"post-5178","1":"product","2":"type-product","3":"status-publish","4":"has-post-thumbnail","6":"product_cat-szybkozlacza-i-obrotnice","7":"product_cat-wciskane","9":"first","10":"instock","11":"taxable","12":"shipping-taxable","13":"purchasable","14":"product-type-simple","15":"add-to-wishlist-after_add_to_cart"},"acf":[],"_links":{"self":[{"href":"https:\/\/trucksconcept.com\/sk\/wp-json\/wp\/v2\/product\/5178","targetHints":{"allow":["GET"]}}],"collection":[{"href":"https:\/\/trucksconcept.com\/sk\/wp-json\/wp\/v2\/product"}],"about":[{"href":"https:\/\/trucksconcept.com\/sk\/wp-json\/wp\/v2\/types\/product"}],"replies":[{"embeddable":true,"href":"https:\/\/trucksconcept.com\/sk\/wp-json\/wp\/v2\/comments?post=5178"}],"wp:featuredmedia":[{"embeddable":true,"href":"https:\/\/trucksconcept.com\/sk\/wp-json\/wp\/v2\/media\/5165"}],"wp:attachment":[{"href":"https:\/\/trucksconcept.com\/sk\/wp-json\/wp\/v2\/media?parent=5178"}],"wp:term":[{"taxonomy":"product_cat","embeddable":true,"href":"https:\/\/trucksconcept.com\/sk\/wp-json\/wp\/v2\/product_cat?post=5178"},{"taxonomy":"product_tag","embeddable":true,"href":"https:\/\/trucksconcept.com\/sk\/wp-json\/wp\/v2\/product_tag?post=5178"}],"curies":[{"name":"wp","href":"https:\/\/api.w.org\/{rel}","templated":true}]}}