{"id":5183,"date":"2025-01-20T17:59:46","date_gmt":"2025-01-20T16:59:46","guid":{"rendered":"https:\/\/trucksconcept.com\/?post_type=product&#038;p=5183"},"modified":"2025-01-22T18:26:46","modified_gmt":"2025-01-22T17:26:46","slug":"szybkozlacze-hydrauliczne-wciskane-1-iso-komplet-czesc-meska-i-zenska-kopia","status":"publish","type":"product","link":"https:\/\/trucksconcept.com\/sk\/product\/szybkozlacze-hydrauliczne-wciskane-1-iso-komplet-czesc-meska-i-zenska-kopia\/","title":{"rendered":"Szybkoz\u0142\u0105cza Skr\u0119cane 3\/4&#8243; z Nakr\u0119tk\u0105 Motylkow\u0105 &#8211; komplet &#8211; cz\u0119\u015b\u0107 m\u0119ska i \u017ce\u0144ska"},"content":{"rendered":"<div>\n<h2>Szybkoz\u0142\u0105cza Skr\u0119cane 3\/4&#8243; z Nakr\u0119tk\u0105 Motylkow\u0105 \u2013 Precyzja i Niezawodno\u015b\u0107 w Ka\u017cdym Po\u0142\u0105czeniu<\/h2>\n<p><strong>Szybkoz\u0142\u0105cza skr\u0119cane z nakr\u0119tk\u0105 motylkow\u0105<\/strong> to zaawansowane rozwi\u0105zanie dla system\u00f3w hydraulicznych, kt\u00f3re wymagaj\u0105 <strong>szybkiego, bezpiecznego i szczelnego<\/strong> \u0142\u0105czenia oraz roz\u0142\u0105czania linii hydraulicznych. Dzi\u0119ki innowacyjnej konstrukcji minimalizuj\u0105 ryzyko wyciek\u00f3w oraz skutecznie chroni\u0105 uk\u0142ad przed dostaniem si\u0119 zabrudze\u0144.<\/p>\n<h4>Kluczowe cechy szybkoz\u0142\u0105czy skr\u0119canych:<\/h4>\n<ul>\n<li><strong>Mo\u017cliwo\u015b\u0107 pracy pod ci\u015bnieniem statycznym<\/strong><br \/>\nNawet przy resztkowym ci\u015bnieniu pozostaj\u0105cym w uk\u0142adzie po jego wy\u0142\u0105czeniu, szybkoz\u0142\u0105cza skr\u0119cane gwarantuj\u0105 pewne i szczelne po\u0142\u0105czenie, bez potrzeby dodatkowego odpowietrzania.<\/li>\n<li><strong>Trwa\u0142o\u015b\u0107 i odporno\u015b\u0107 na uszkodzenia<\/strong><br \/>\nWysokiej jako\u015bci materia\u0142y zapewniaj\u0105 odporno\u015b\u0107 na wysokie ci\u015bnienia i trudne warunki pracy.<\/li>\n<li><strong>\u0141atwo\u015b\u0107 obs\u0142ugi<\/strong><br \/>\nNakr\u0119tka motylkowa umo\u017cliwia wygodne i szybkie \u0142\u0105czenie oraz roz\u0142\u0105czanie, co jest szczeg\u00f3lnie przydatne w intensywnie eksploatowanych systemach hydraulicznych.<\/li>\n<\/ul>\n<h4>Zastosowanie szybkoz\u0142\u0105czy skr\u0119canych:<\/h4>\n<ul>\n<li><strong>Pojazdy ci\u0119\u017carowe<\/strong> \u2013 doskona\u0142e do uk\u0142ad\u00f3w hydraulicznych wywrotek, HDS-\u00f3w i innych zastosowa\u0144 w transporcie.<\/li>\n<li><strong>Maszyny rolnicze<\/strong> \u2013 niezast\u0105pione w traktorach, kombajnach czy opryskiwaczach.<\/li>\n<li><strong>Maszyny budowlane<\/strong> \u2013 idealne dla mobilnego sprz\u0119tu, takiego jak koparki czy \u0142adowarki.<\/li>\n<li><strong>Priemyseln\u00e9 aplik\u00e1cie<\/strong> \u2013 do zasilania urz\u0105dze\u0144 wykorzystuj\u0105cych hydraulik\u0119 w produkcji czy logistyce.<\/li>\n<li><strong>Autobusy i pojazdy specjalistyczne<\/strong> \u2013 niezawodne w wymagaj\u0105cych instalacjach hydraulicznych.<\/li>\n<\/ul>\n<\/div>\n<div class=\"elementor-element elementor-element-2bd2719 heading-title elementor-widget elementor-widget-heading animated fadeIn\" data-id=\"2bd2719\" data-element_type=\"widget\" data-settings=\"{&quot;_animation&quot;:&quot;fadeIn&quot;}\" data-widget_type=\"heading.default\">\n<div class=\"elementor-widget-container\">\n<h3 class=\"elementor-heading-title elementor-size-default\"><span style=\"color: #000000;\">TRUCKS CONCEPT - OFICI\u00c1LNY DISTRIB\u00daTOR OMFB V PO\u013dSKU<\/span><\/h3>\n<\/div>\n<\/div>\n<div class=\"elementor-element elementor-element-3011f1e elementor-widget elementor-widget-text-editor\" data-id=\"3011f1e\" data-element_type=\"widget\" data-widget_type=\"text-editor.default\">\n<div class=\"elementor-widget-container\">\n<p><span style=\"color: #000000;\">Trucks Concept je distrib\u00fatorom talianskej zna\u010dky <strong>OMFB<\/strong>, ktor\u00e1 m\u00e1 dlhoro\u010dn\u00e9 sk\u00fasenosti s v\u00fdrobou hydraulick\u00fdch komponentov. V\u0161etky k\u013e\u00fa\u010dov\u00e9 komponenty sa vyr\u00e1baj\u00fa v tov\u00e1r\u0148ach\u00a0<strong>OMFB<\/strong>, \u010do zaru\u010duje spo\u013eahlivos\u0165 a najvy\u0161\u0161iu kvalitu pon\u00fakan\u00fdch rie\u0161en\u00ed.<\/span><\/p>\n<p><span style=\"color: #000000;\"><strong>OMFB<\/strong>\u00a0u\u017e mnoho rokov dod\u00e1va svoje v\u00fdrobky renomovan\u00fdm spolo\u010dnostiam najv\u00e4\u010d\u0161\u00edch hr\u00e1\u010dov v odvetv\u00ed n\u00e1kladn\u00fdch vozidiel, \u010do sved\u010d\u00ed o bezkonkuren\u010dnej kvalite komponentov tejto zna\u010dky. Spolo\u010dnos\u0165 pon\u00faka \u0161irok\u00fd sortiment v\u00fdrobkov vr\u00e1tane kompletn\u00fdch hydraulick\u00fdch syst\u00e9mov, ktor\u00e9 obsahuj\u00fa v\u0161etky potrebn\u00e9 komponenty:\u00a0<strong>PTO<\/strong>\u00a0(pr\u00eddavn\u00e9 zariadenie), zubov\u00e9 \u010derpadl\u00e1, olejov\u00e9 n\u00e1dr\u017ee, hydraulick\u00e9 ventily, r\u00fdchlospojky, hadice, sacie hadice, ovl\u00e1dacie prvky kab\u00edny, adapt\u00e9ry, tesnenia a mont\u00e1\u017ene pr\u00edslu\u0161enstvo. Ide o kompletn\u00e9 rie\u0161enie, ktor\u00e9 obsahuje v\u0161etko, \u010do potrebujete na bezprobl\u00e9mov\u00e9 a spo\u013eahliv\u00e9 hydraulick\u00e9 syst\u00e9my.<\/span><br \/>\n<span style=\"color: #000000;\">Po\u010das procesu in\u0161tal\u00e1cie sa z\u00e1kazn\u00edci m\u00f4\u017eu spo\u013eahn\u00fa\u0165 na odborn\u00e9 poradenstvo a mo\u017enos\u0165 zveri\u0165 in\u0161tal\u00e1ciu na\u0161im sk\u00fasen\u00fdm \u0161pecialistom, \u010d\u00edm sa zabezpe\u010d\u00ed r\u00fdchla a efekt\u00edvna implement\u00e1cia hydraulick\u00fdch syst\u00e9mov do vozidiel.<\/span><\/p>\n<div class=\"elementor-element elementor-element-17bda31 heading-title elementor-widget elementor-widget-heading animated fadeIn\" data-id=\"17bda31\" data-element_type=\"widget\" data-settings=\"{&quot;_animation&quot;:&quot;fadeIn&quot;}\" data-widget_type=\"heading.default\">\n<div class=\"elementor-widget-container\">\n<h3 class=\"elementor-heading-title elementor-size-default\"><span style=\"color: #000000;\">OMFB - HIST\u00d3RIA INOV\u00c1CI\u00cd A KVALITY<\/span><\/h3>\n<\/div>\n<\/div>\n<div class=\"elementor-element elementor-element-1fc6274 elementor-widget elementor-widget-text-editor\" data-id=\"1fc6274\" data-element_type=\"widget\" data-widget_type=\"text-editor.default\">\n<div class=\"elementor-widget-container\">\n<p><span style=\"color: #000000;\">Zna\u010dka\u00a0<strong>OMFB<\/strong>\u00a0bola zalo\u017een\u00e1 v roku 1950, ke\u010f si traja bratia Umberto, Nicola a Alessandro Bianchi otvorili mal\u00fa mechanick\u00fa diel\u0148u a vytvorili zna\u010dku, ktor\u00e1 si r\u00fdchlo z\u00edskala uznanie na trhu. Odvtedy spolo\u010dnos\u0165 pokra\u010duje v raste, inovuje a roz\u0161iruje svoj sortiment v\u00fdrobkov, ktor\u00fd zah\u0155\u0148a hydraulick\u00e9 \u010derpadl\u00e1, teleskopick\u00e9 valce a riadiace syst\u00e9my pre n\u00e1kladn\u00e9 vozidl\u00e1 a stavebn\u00e9 stroje.<\/span><\/p>\n<p><span style=\"color: #000000;\">V priebehu rokov\u00a0<strong>OMFB<\/strong>\u00a0si z\u00edskala d\u00f4veru z\u00e1kazn\u00edkov na celom svete a jej komponenty sa v s\u00fa\u010dasnosti pou\u017e\u00edvaj\u00fa v najn\u00e1ro\u010dnej\u0161\u00edch prostrediach, kde je prioritou spo\u013eahlivos\u0165 a v\u00fdkon. Spolo\u010dnos\u0165 je priekopn\u00edkom v mnoh\u00fdch technol\u00f3gi\u00e1ch, okrem in\u00e9ho uviedla na trh elektronick\u00e9 riadiace syst\u00e9my a inovat\u00edvne rie\u0161enia pre skl\u00e1pacie vozidl\u00e1.<\/span><\/p>\n<p><span style=\"color: #000000;\"><strong>Koncept n\u00e1kladn\u00fdch vozidiel<\/strong>\u00a0ako ofici\u00e1lny distrib\u00fator\u00a0<strong>OMFB<\/strong>\u00a0v Po\u013esku poskytuje pln\u00fa technick\u00fa podporu a \u0161irok\u00fd pr\u00edstup k v\u00fdrobkom tejto renomovanej zna\u010dky, ktor\u00e9 zaru\u010duj\u00fa spo\u013eahlivos\u0165 a v\u00fdkon za v\u0161etk\u00fdch podmienok.<\/span><\/p>\n<div class=\"elementor-element elementor-element-4e399f1 heading-title elementor-widget elementor-widget-heading animated fadeIn\" data-id=\"4e399f1\" data-element_type=\"widget\" data-settings=\"{&quot;_animation&quot;:&quot;fadeIn&quot;}\" data-widget_type=\"heading.default\">\n<div class=\"elementor-widget-container\">\n<h3 class=\"elementor-heading-title elementor-size-default\"><span style=\"color: #000000;\">ZAMERIAVAME SA NA V\u00ddROBKY NAJVY\u0160\u0160EJ KVALITY<\/span><\/h3>\n<\/div>\n<\/div>\n<div class=\"elementor-element elementor-element-66f6d7d elementor-widget elementor-widget-text-editor\" data-id=\"66f6d7d\" data-element_type=\"widget\" data-widget_type=\"text-editor.default\">\n<div class=\"elementor-widget-container\">\n<p><span style=\"color: #000000;\">W\u00a0<strong>Koncept n\u00e1kladn\u00fdch vozidiel<\/strong>\u00a0zameriavame sa na najvy\u0161\u0161iu kvalitu v\u00fdrobkov a \u00fapln\u00fa spokojnos\u0165 na\u0161ich z\u00e1kazn\u00edkov. Ako ofici\u00e1lny distrib\u00fator popredn\u00fdch zna\u010diek, ako napr.\u00a0<strong>Edbro<\/strong>\u00a0i\u00a0<strong>OMFB<\/strong>, pon\u00fakame len osved\u010den\u00e9 a spo\u013eahliv\u00e9 rie\u0161enia pre priemysel n\u00e1kladn\u00fdch vozidiel. Ka\u017ed\u00fd v\u00fdrobok, ktor\u00fd sa dostane k na\u0161im z\u00e1kazn\u00edkom, prech\u00e1dza pr\u00edsnym testovan\u00edm kvality, aby sa zabezpe\u010dila jeho trvanlivos\u0165 a \u00fa\u010dinnos\u0165.<\/span><\/p>\n<p><span style=\"color: #000000;\">Na\u0161a komplexn\u00e1 ponuka zah\u0155\u0148a nielen predaj v\u00fdrobkov, ale aj kompletn\u00fd servis, in\u0161tal\u00e1ciu a poradensk\u00fa podporu. V\u010faka inovat\u00edvnym rie\u0161eniam, ako je modern\u00e1 platforma elektronick\u00e9ho obchodu integrovan\u00e1 s platformou elektronick\u00fdch slu\u017eieb, umo\u017e\u0148ujeme z\u00e1kazn\u00edkom plne spravova\u0165 hist\u00f3riu svojich v\u00fdrobkov, \u010d\u00edm zabezpe\u010dujeme jednoduch\u00fd pr\u00edstup k slu\u017eb\u00e1m a transparentnos\u0165 spolupr\u00e1ce. Na\u0161ou prioritou je nielen poskytova\u0165 v\u00fdrobky najvy\u0161\u0161ej kvality, ale aj budova\u0165 dlhodob\u00e9 vz\u0165ahy zalo\u017een\u00e9 na d\u00f4vere a spokojnosti na\u0161ich z\u00e1kazn\u00edkov.<\/span><\/p>\n<\/div>\n<\/div>\n<\/div>\n<\/div>\n<\/div>\n<\/div>","protected":false},"excerpt":{"rendered":"<p>Szybkoz\u0142\u0105cza Skr\u0119cane 3\/4&#8243; z Nakr\u0119tk\u0105 Motylkow\u0105 \u2013 Precyzja i Niezawodno\u015b\u0107 w Ka\u017cdym Po\u0142\u0105czeniu Szybkoz\u0142\u0105cza skr\u0119cane z nakr\u0119tk\u0105 motylkow\u0105 to zaawansowane rozwi\u0105zanie dla system\u00f3w hydraulicznych, kt\u00f3re wymagaj\u0105 szybkiego, bezpiecznego i szczelnego \u0142\u0105czenia oraz roz\u0142\u0105czania linii hydraulicznych. Dzi\u0119ki innowacyjnej konstrukcji minimalizuj\u0105 ryzyko wyciek\u00f3w oraz skutecznie chroni\u0105 uk\u0142ad przed dostaniem si\u0119 zabrudze\u0144. Kluczowe cechy szybkoz\u0142\u0105czy skr\u0119canych: Mo\u017cliwo\u015b\u0107 pracy [&hellip;]<\/p>\n","protected":false},"featured_media":5184,"comment_status":"open","ping_status":"closed","template":"","meta":{"_acf_changed":false,"rank_math_lock_modified_date":false},"product_cat":[241,326],"product_tag":[],"class_list":{"0":"post-5183","1":"product","2":"type-product","3":"status-publish","4":"has-post-thumbnail","6":"product_cat-szybkozlacza-i-obrotnice","7":"product_cat-skrecane","9":"first","10":"instock","11":"taxable","12":"shipping-taxable","13":"purchasable","14":"product-type-simple","15":"add-to-wishlist-after_add_to_cart"},"acf":[],"_links":{"self":[{"href":"https:\/\/trucksconcept.com\/sk\/wp-json\/wp\/v2\/product\/5183","targetHints":{"allow":["GET"]}}],"collection":[{"href":"https:\/\/trucksconcept.com\/sk\/wp-json\/wp\/v2\/product"}],"about":[{"href":"https:\/\/trucksconcept.com\/sk\/wp-json\/wp\/v2\/types\/product"}],"replies":[{"embeddable":true,"href":"https:\/\/trucksconcept.com\/sk\/wp-json\/wp\/v2\/comments?post=5183"}],"wp:featuredmedia":[{"embeddable":true,"href":"https:\/\/trucksconcept.com\/sk\/wp-json\/wp\/v2\/media\/5184"}],"wp:attachment":[{"href":"https:\/\/trucksconcept.com\/sk\/wp-json\/wp\/v2\/media?parent=5183"}],"wp:term":[{"taxonomy":"product_cat","embeddable":true,"href":"https:\/\/trucksconcept.com\/sk\/wp-json\/wp\/v2\/product_cat?post=5183"},{"taxonomy":"product_tag","embeddable":true,"href":"https:\/\/trucksconcept.com\/sk\/wp-json\/wp\/v2\/product_tag?post=5183"}],"curies":[{"name":"wp","href":"https:\/\/api.w.org\/{rel}","templated":true}]}}